{"id":3636,"date":"2025-05-10T17:57:20","date_gmt":"2025-05-10T22:57:20","guid":{"rendered":"https:\/\/tiendasamor.com\/?post_type=product&#038;p=3636"},"modified":"2025-05-10T17:58:20","modified_gmt":"2025-05-10T22:58:20","slug":"cono-anal-noje-b5","status":"publish","type":"product","link":"https:\/\/tiendasamor.com\/index.php\/producto\/cono-anal-noje-b5\/","title":{"rendered":"Cono Anal Noje B5"},"content":{"rendered":"<ul class=\"a-unordered-list a-vertical a-spacing-mini\">\n<li class=\"a-spacing-mini\"><span class=\"a-list-item\">resistente al agua: totalmente sumergible para una f\u00e1cil limpieza y juego en el ba\u00f1o o la ducha<\/span><\/li>\n<li class=\"a-spacing-mini\"><span class=\"a-list-item\">Explora: el tap\u00f3n de silicona suave es c\u00f3nico para una f\u00e1cil inserci\u00f3n anal, o retira la bala y explora la estimulaci\u00f3n externa<\/span><\/li>\n<li class=\"a-spacing-mini\"><span class=\"a-list-item\">F\u00e1cil \u2013 Carga USB magn\u00e9tica; IPX7 sumergible impermeable para una f\u00e1cil limpieza y juego en la ducha o el ba\u00f1o<\/span><\/li>\n<li class=\"a-spacing-mini\"><span class=\"a-list-item\">Calidad inigualable: meticulosamente elaborado con silicona puria curada de platino puro. Envuelto en sat\u00e9n suave Ultrasilk<\/span><\/li>\n<li class=\"a-spacing-mini\"><span class=\"a-list-item\">Tama\u00f1o: 5.5 pulgadas de largo (4 pulgadas insertable) x 1.25 pulgadas de ancho; bala: 4 pulgadas de largo x 0.87 pulgadas de ancho<\/span><\/li>\n<\/ul>\n","protected":false},"excerpt":{"rendered":"<p>resistente al agua: totalmente sumergible para una f\u00e1cil limpieza y juego en el ba\u00f1o o la ducha Explora: el tap\u00f3n de silicona suave es c\u00f3nico para una f\u00e1cil inserci\u00f3n anal, o retira la bala y explora la estimulaci\u00f3n externa F\u00e1cil \u2013 Carga USB magn\u00e9tica; IPX7 sumergible impermeable para una f\u00e1cil limpieza y juego en la [&hellip;]<\/p>\n","protected":false},"featured_media":3637,"comment_status":"open","ping_status":"closed","template":"","meta":[],"product_brand":[],"product_cat":[35,44],"product_tag":[],"class_list":{"0":"post-3636","1":"product","2":"type-product","3":"status-publish","4":"has-post-thumbnail","6":"product_cat-anales","7":"product_cat-clitorales","9":"first","10":"instock","11":"shipping-taxable","12":"purchasable","13":"product-type-simple"},"_links":{"self":[{"href":"https:\/\/tiendasamor.com\/index.php\/wp-json\/wp\/v2\/product\/3636","targetHints":{"allow":["GET"]}}],"collection":[{"href":"https:\/\/tiendasamor.com\/index.php\/wp-json\/wp\/v2\/product"}],"about":[{"href":"https:\/\/tiendasamor.com\/index.php\/wp-json\/wp\/v2\/types\/product"}],"replies":[{"embeddable":true,"href":"https:\/\/tiendasamor.com\/index.php\/wp-json\/wp\/v2\/comments?post=3636"}],"wp:featuredmedia":[{"embeddable":true,"href":"https:\/\/tiendasamor.com\/index.php\/wp-json\/wp\/v2\/media\/3637"}],"wp:attachment":[{"href":"https:\/\/tiendasamor.com\/index.php\/wp-json\/wp\/v2\/media?parent=3636"}],"wp:term":[{"taxonomy":"product_brand","embeddable":true,"href":"https:\/\/tiendasamor.com\/index.php\/wp-json\/wp\/v2\/product_brand?post=3636"},{"taxonomy":"product_cat","embeddable":true,"href":"https:\/\/tiendasamor.com\/index.php\/wp-json\/wp\/v2\/product_cat?post=3636"},{"taxonomy":"product_tag","embeddable":true,"href":"https:\/\/tiendasamor.com\/index.php\/wp-json\/wp\/v2\/product_tag?post=3636"}],"curies":[{"name":"wp","href":"https:\/\/api.w.org\/{rel}","templated":true}]}}