{"id":3629,"date":"2025-05-10T17:37:06","date_gmt":"2025-05-10T22:37:06","guid":{"rendered":"https:\/\/tiendasamor.com\/?post_type=product&#038;p=3629"},"modified":"2025-05-10T17:37:06","modified_gmt":"2025-05-10T22:37:06","slug":"twist-plug-vibrador-anal-pretty-love","status":"publish","type":"product","link":"https:\/\/tiendasamor.com\/index.php\/producto\/twist-plug-vibrador-anal-pretty-love\/","title":{"rendered":"TWIST PLUG VIBRADOR ANAL PRETTY LOVE"},"content":{"rendered":"<p>Un vibrador anal de silicona de 10 velocidades que perfora tu cuerpo proporcion\u00e1ndote m\u00faltiples sensaciones. Este plug anal est\u00e1 hecho de silicona segura para el cuerpo y viene con una ventosa para jugar en solitario. El cabezal redondo y suave de este vibrador toca esas partes sensibles de tu cuerpo proporcion\u00e1ndote las sensaciones deseadas.<\/p>\n<ul>\n<li>Marca: PRETTY LOVE<\/li>\n<li>Funci\u00f3n: 10 funciones de vibraci\u00f3n base de succi\u00f3n<\/li>\n<li>Gracias a su base con ventosa lo podr\u00e1s utilizar en la ducha o cualquier lugar que desees.<\/li>\n<li><strong>Pretty Love<\/strong>\u00a0fabrica productos con exigentes normas de calidad.<\/li>\n<li>Fuerza: 1 pila AAA ( No incluida )<\/li>\n<li>Material: Silicina m\u00e9dica<\/li>\n<li>Color: Purpura<\/li>\n<li>Alto: 12.7cm\/Insertable: 8cm. \/ Grosor: 2.8cm.<\/li>\n<li>Peso: 84 gramos.<\/li>\n<\/ul>\n","protected":false},"excerpt":{"rendered":"<p>Un vibrador anal de silicona de 10 velocidades que perfora tu cuerpo proporcion\u00e1ndote m\u00faltiples sensaciones. Este plug anal est\u00e1 hecho de silicona segura para el cuerpo y viene con una ventosa para jugar en solitario. El cabezal redondo y suave de este vibrador toca esas partes sensibles de tu cuerpo proporcion\u00e1ndote las sensaciones deseadas. Marca: [&hellip;]<\/p>\n","protected":false},"featured_media":3631,"comment_status":"open","ping_status":"closed","template":"","meta":[],"product_brand":[],"product_cat":[35,44,27],"product_tag":[],"class_list":{"0":"post-3629","1":"product","2":"type-product","3":"status-publish","4":"has-post-thumbnail","6":"product_cat-anales","7":"product_cat-clitorales","8":"product_cat-vibradores","10":"first","11":"instock","12":"shipping-taxable","13":"purchasable","14":"product-type-simple"},"_links":{"self":[{"href":"https:\/\/tiendasamor.com\/index.php\/wp-json\/wp\/v2\/product\/3629","targetHints":{"allow":["GET"]}}],"collection":[{"href":"https:\/\/tiendasamor.com\/index.php\/wp-json\/wp\/v2\/product"}],"about":[{"href":"https:\/\/tiendasamor.com\/index.php\/wp-json\/wp\/v2\/types\/product"}],"replies":[{"embeddable":true,"href":"https:\/\/tiendasamor.com\/index.php\/wp-json\/wp\/v2\/comments?post=3629"}],"wp:featuredmedia":[{"embeddable":true,"href":"https:\/\/tiendasamor.com\/index.php\/wp-json\/wp\/v2\/media\/3631"}],"wp:attachment":[{"href":"https:\/\/tiendasamor.com\/index.php\/wp-json\/wp\/v2\/media?parent=3629"}],"wp:term":[{"taxonomy":"product_brand","embeddable":true,"href":"https:\/\/tiendasamor.com\/index.php\/wp-json\/wp\/v2\/product_brand?post=3629"},{"taxonomy":"product_cat","embeddable":true,"href":"https:\/\/tiendasamor.com\/index.php\/wp-json\/wp\/v2\/product_cat?post=3629"},{"taxonomy":"product_tag","embeddable":true,"href":"https:\/\/tiendasamor.com\/index.php\/wp-json\/wp\/v2\/product_tag?post=3629"}],"curies":[{"name":"wp","href":"https:\/\/api.w.org\/{rel}","templated":true}]}}