{"id":3620,"date":"2025-05-10T17:22:01","date_gmt":"2025-05-10T22:22:01","guid":{"rendered":"https:\/\/tiendasamor.com\/?post_type=product&#038;p=3620"},"modified":"2025-05-10T17:22:57","modified_gmt":"2025-05-10T22:22:57","slug":"vibrador-double-valerie-strap-on","status":"publish","type":"product","link":"https:\/\/tiendasamor.com\/index.php\/producto\/vibrador-double-valerie-strap-on\/","title":{"rendered":"Vibrador Double Valerie Strap-On"},"content":{"rendered":"<p>El arn\u00e9s vibrador sin tirantes Pretty Love te permite disfrutar sin arn\u00e9s para una experiencia m\u00e1s fluida. Ya sea que planees una experiencia \u00edntima entre chicas o una sesi\u00f3n de pegging estimulante para tu pareja, seguro que los satisfar\u00e1 a ambos. Los 12 modos de vibraci\u00f3n realzar\u00e1n cada encuentro con una gama de vibraciones potentes y palpitantes. Dise\u00f1ado para estimularlos a ambos al mismo tiempo, este juguete es perfecto tanto para parejas heterosexuales como lesbianas.<\/p>\n<ul>\n<li>Material: Silicona ABS<\/li>\n<li>12 Funciones de vibraci\u00f3n<\/li>\n<li>Motor potente y silencioso<\/li>\n<li>Vibrador recargable (Incluye cable USB)<\/li>\n<li>Impermeable<\/li>\n<li class=\"_1mf _1mj\">Vibrador externo: Largo: 13 cm \u2013 Ancho: 3 cm<\/li>\n<li>Vibrador interno: Largo: 8 cm \u2013 Ancho: 3- 1.5 cm<\/li>\n<\/ul>\n","protected":false},"excerpt":{"rendered":"<p>El arn\u00e9s vibrador sin tirantes Pretty Love te permite disfrutar sin arn\u00e9s para una experiencia m\u00e1s fluida. Ya sea que planees una experiencia \u00edntima entre chicas o una sesi\u00f3n de pegging estimulante para tu pareja, seguro que los satisfar\u00e1 a ambos. Los 12 modos de vibraci\u00f3n realzar\u00e1n cada encuentro con una gama de vibraciones potentes [&hellip;]<\/p>\n","protected":false},"featured_media":3621,"comment_status":"open","ping_status":"closed","template":"","meta":[],"product_brand":[],"product_cat":[44,43,27],"product_tag":[],"class_list":{"0":"post-3620","1":"product","2":"type-product","3":"status-publish","4":"has-post-thumbnail","6":"product_cat-clitorales","7":"product_cat-rabbit","8":"product_cat-vibradores","10":"first","11":"instock","12":"shipping-taxable","13":"purchasable","14":"product-type-simple"},"_links":{"self":[{"href":"https:\/\/tiendasamor.com\/index.php\/wp-json\/wp\/v2\/product\/3620","targetHints":{"allow":["GET"]}}],"collection":[{"href":"https:\/\/tiendasamor.com\/index.php\/wp-json\/wp\/v2\/product"}],"about":[{"href":"https:\/\/tiendasamor.com\/index.php\/wp-json\/wp\/v2\/types\/product"}],"replies":[{"embeddable":true,"href":"https:\/\/tiendasamor.com\/index.php\/wp-json\/wp\/v2\/comments?post=3620"}],"wp:featuredmedia":[{"embeddable":true,"href":"https:\/\/tiendasamor.com\/index.php\/wp-json\/wp\/v2\/media\/3621"}],"wp:attachment":[{"href":"https:\/\/tiendasamor.com\/index.php\/wp-json\/wp\/v2\/media?parent=3620"}],"wp:term":[{"taxonomy":"product_brand","embeddable":true,"href":"https:\/\/tiendasamor.com\/index.php\/wp-json\/wp\/v2\/product_brand?post=3620"},{"taxonomy":"product_cat","embeddable":true,"href":"https:\/\/tiendasamor.com\/index.php\/wp-json\/wp\/v2\/product_cat?post=3620"},{"taxonomy":"product_tag","embeddable":true,"href":"https:\/\/tiendasamor.com\/index.php\/wp-json\/wp\/v2\/product_tag?post=3620"}],"curies":[{"name":"wp","href":"https:\/\/api.w.org\/{rel}","templated":true}]}}