{"id":3617,"date":"2025-05-10T16:50:27","date_gmt":"2025-05-10T21:50:27","guid":{"rendered":"https:\/\/tiendasamor.com\/?post_type=product&#038;p=3617"},"modified":"2025-05-10T16:50:27","modified_gmt":"2025-05-10T21:50:27","slug":"crystal-jelly-cobalt-g-spot","status":"publish","type":"product","link":"https:\/\/tiendasamor.com\/index.php\/producto\/crystal-jelly-cobalt-g-spot\/","title":{"rendered":"Crystal Jelly Cobalt G-Spot"},"content":{"rendered":"<p>Queremos ayudarte a romper con todos los tab\u00faes y prejuicios que giran en torno a la sexualidad, para que puedas disfrutar y experimentar tu placer de manera libre, sin importar tu edad, g\u00e9nero u orientaci\u00f3n sexual. Nuestros juguetes sexuales (para adulto, para hombre, para mujer) ser\u00e1n tus c\u00f3mplices en la cama; los aliados perfectos para llevar el deseo al siguiente nivel. \u00a1Disfruta la libertad a trav\u00e9s de nuestra tienda de art\u00edculos y juguetes sexuales en l\u00ednea que satisfacen todo tipo de placer!<\/p>\n<ul>\n<li>Longitud: 21cm<\/li>\n<li>Brazo extremadamente flexible<\/li>\n<li>Material c\u00f3modo e higi\u00e9nico<\/li>\n<li>Potente motor con ajuste continuo<\/li>\n<li>Bater\u00edas: 2 x AA<\/li>\n<li>Fabricado por Chisa Novelties<\/li>\n<li>Pa\u00eds de origen EEUU.<\/li>\n<\/ul>\n","protected":false},"excerpt":{"rendered":"<p>Queremos ayudarte a romper con todos los tab\u00faes y prejuicios que giran en torno a la sexualidad, para que puedas disfrutar y experimentar tu placer de manera libre, sin importar tu edad, g\u00e9nero u orientaci\u00f3n sexual. Nuestros juguetes sexuales (para adulto, para hombre, para mujer) ser\u00e1n tus c\u00f3mplices en la cama; los aliados perfectos para [&hellip;]<\/p>\n","protected":false},"featured_media":3619,"comment_status":"open","ping_status":"closed","template":"","meta":[],"product_brand":[],"product_cat":[27],"product_tag":[],"class_list":{"0":"post-3617","1":"product","2":"type-product","3":"status-publish","4":"has-post-thumbnail","6":"product_cat-vibradores","8":"first","9":"instock","10":"shipping-taxable","11":"purchasable","12":"product-type-simple"},"_links":{"self":[{"href":"https:\/\/tiendasamor.com\/index.php\/wp-json\/wp\/v2\/product\/3617","targetHints":{"allow":["GET"]}}],"collection":[{"href":"https:\/\/tiendasamor.com\/index.php\/wp-json\/wp\/v2\/product"}],"about":[{"href":"https:\/\/tiendasamor.com\/index.php\/wp-json\/wp\/v2\/types\/product"}],"replies":[{"embeddable":true,"href":"https:\/\/tiendasamor.com\/index.php\/wp-json\/wp\/v2\/comments?post=3617"}],"wp:featuredmedia":[{"embeddable":true,"href":"https:\/\/tiendasamor.com\/index.php\/wp-json\/wp\/v2\/media\/3619"}],"wp:attachment":[{"href":"https:\/\/tiendasamor.com\/index.php\/wp-json\/wp\/v2\/media?parent=3617"}],"wp:term":[{"taxonomy":"product_brand","embeddable":true,"href":"https:\/\/tiendasamor.com\/index.php\/wp-json\/wp\/v2\/product_brand?post=3617"},{"taxonomy":"product_cat","embeddable":true,"href":"https:\/\/tiendasamor.com\/index.php\/wp-json\/wp\/v2\/product_cat?post=3617"},{"taxonomy":"product_tag","embeddable":true,"href":"https:\/\/tiendasamor.com\/index.php\/wp-json\/wp\/v2\/product_tag?post=3617"}],"curies":[{"name":"wp","href":"https:\/\/api.w.org\/{rel}","templated":true}]}}