{"id":3602,"date":"2025-05-10T16:07:13","date_gmt":"2025-05-10T21:07:13","guid":{"rendered":"https:\/\/tiendasamor.com\/?post_type=product&#038;p=3602"},"modified":"2025-05-10T16:08:37","modified_gmt":"2025-05-10T21:08:37","slug":"dr-skin-dr-dave-7-chocolate","status":"publish","type":"product","link":"https:\/\/tiendasamor.com\/index.php\/producto\/dr-skin-dr-dave-7-chocolate\/","title":{"rendered":"Dr. Skin \u2013 Dr. Dave \u2013 7 Chocolate"},"content":{"rendered":"<p>\u00a1El doctor est\u00e1 dentro! El vibrador con ventosa Dr. Dave de 17,78 cm est\u00e1 dise\u00f1ado para satisfacer con un tacto suave y realista. Las vibraciones multivelocidad de este juguete se pueden ajustar para que encuentres el nivel de potencia adecuado para tu cuerpo. Con 17,78 cm de longitud insertable y 3,80 cm de grosor, el vibrador Dr. Dave est\u00e1 dise\u00f1ado para usuarios que quieren un di\u00e1metro normal y una longitud extra. A solas o con tu pareja, aprovecha la potente base de ventosa del Dr. Dave, que se adhiere a cualquier superficie lisa y plana para jugar con las manos libres. Tambi\u00e9n se puede usar con un arn\u00e9s.<\/p>\n<p>F\u00e1cil de limpiar, el vibrador Dr. Dave est\u00e1 hecho de PVC no poroso y seguro para el cuerpo: solo tienes que lavarlo con un jab\u00f3n suave y agua, o con tu limpiador de juguetes favorito, y dejarlo secar al aire. El vibrador funciona con dos pilas AA (no incluidas).<\/p>\n<p>&nbsp;<\/p>\n","protected":false},"excerpt":{"rendered":"<p>\u00a1El doctor est\u00e1 dentro! El vibrador con ventosa Dr. Dave de 17,78 cm est\u00e1 dise\u00f1ado para satisfacer con un tacto suave y realista. Las vibraciones multivelocidad de este juguete se pueden ajustar para que encuentres el nivel de potencia adecuado para tu cuerpo. Con 17,78 cm de longitud insertable y 3,80 cm de grosor, el [&hellip;]<\/p>\n","protected":false},"featured_media":3603,"comment_status":"open","ping_status":"closed","template":"","meta":[],"product_brand":[],"product_cat":[27],"product_tag":[],"class_list":{"0":"post-3602","1":"product","2":"type-product","3":"status-publish","4":"has-post-thumbnail","6":"product_cat-vibradores","8":"first","9":"instock","10":"shipping-taxable","11":"purchasable","12":"product-type-simple"},"_links":{"self":[{"href":"https:\/\/tiendasamor.com\/index.php\/wp-json\/wp\/v2\/product\/3602","targetHints":{"allow":["GET"]}}],"collection":[{"href":"https:\/\/tiendasamor.com\/index.php\/wp-json\/wp\/v2\/product"}],"about":[{"href":"https:\/\/tiendasamor.com\/index.php\/wp-json\/wp\/v2\/types\/product"}],"replies":[{"embeddable":true,"href":"https:\/\/tiendasamor.com\/index.php\/wp-json\/wp\/v2\/comments?post=3602"}],"wp:featuredmedia":[{"embeddable":true,"href":"https:\/\/tiendasamor.com\/index.php\/wp-json\/wp\/v2\/media\/3603"}],"wp:attachment":[{"href":"https:\/\/tiendasamor.com\/index.php\/wp-json\/wp\/v2\/media?parent=3602"}],"wp:term":[{"taxonomy":"product_brand","embeddable":true,"href":"https:\/\/tiendasamor.com\/index.php\/wp-json\/wp\/v2\/product_brand?post=3602"},{"taxonomy":"product_cat","embeddable":true,"href":"https:\/\/tiendasamor.com\/index.php\/wp-json\/wp\/v2\/product_cat?post=3602"},{"taxonomy":"product_tag","embeddable":true,"href":"https:\/\/tiendasamor.com\/index.php\/wp-json\/wp\/v2\/product_tag?post=3602"}],"curies":[{"name":"wp","href":"https:\/\/api.w.org\/{rel}","templated":true}]}}