{"id":3593,"date":"2025-05-10T15:52:09","date_gmt":"2025-05-10T20:52:09","guid":{"rendered":"https:\/\/tiendasamor.com\/?post_type=product&#038;p=3593"},"modified":"2025-05-10T15:52:09","modified_gmt":"2025-05-10T20:52:09","slug":"dr-skin-cock-vibe-4","status":"publish","type":"product","link":"https:\/\/tiendasamor.com\/index.php\/producto\/dr-skin-cock-vibe-4\/","title":{"rendered":"Dr. Skin \u2013 Cock Vibe 4"},"content":{"rendered":"<p>\u00a1El doctor ya lleg\u00f3! El Dr. Skin Vibe #4 de Blush Novelties es un vibrador realista de 20 cm con protuberancias en el cl\u00edtoris y base giratoria para una vibraci\u00f3n de varias velocidades. Su cabezal c\u00f3nico y su fino eje se insertan de forma c\u00f3moda y sencilla. Creado para principiantes y para quienes buscan un precio asequible, el Vibe #4 est\u00e1 hecho de PVC libre de ftalatos, suave pero r\u00edgido para un juego intenso. El Vibe #1 funciona con 2 pilas AA (no incluidas).<br \/>\n20 cm de largo (17 cm insertable) x 5 cm de ancho.<br \/>\nVibraciones ajustables de varias velocidades.<br \/>\nProbado con certificaci\u00f3n IPX7. Sumergible. Resistente al agua para el ba\u00f1o y una limpieza c\u00f3moda.<br \/>\nRequiere 2 pilas AA (no incluidas)<br \/>\n. Hecho de PVC no poroso. Sin fragancias, ftalatos, parafinas ni l\u00e1tex.<\/p>\n","protected":false},"excerpt":{"rendered":"<p>\u00a1El doctor ya lleg\u00f3! El Dr. Skin Vibe #4 de Blush Novelties es un vibrador realista de 20 cm con protuberancias en el cl\u00edtoris y base giratoria para una vibraci\u00f3n de varias velocidades. Su cabezal c\u00f3nico y su fino eje se insertan de forma c\u00f3moda y sencilla. Creado para principiantes y para quienes buscan un [&hellip;]<\/p>\n","protected":false},"featured_media":3594,"comment_status":"open","ping_status":"closed","template":"","meta":[],"product_brand":[],"product_cat":[27],"product_tag":[],"class_list":{"0":"post-3593","1":"product","2":"type-product","3":"status-publish","4":"has-post-thumbnail","6":"product_cat-vibradores","8":"first","9":"instock","10":"shipping-taxable","11":"purchasable","12":"product-type-simple"},"_links":{"self":[{"href":"https:\/\/tiendasamor.com\/index.php\/wp-json\/wp\/v2\/product\/3593","targetHints":{"allow":["GET"]}}],"collection":[{"href":"https:\/\/tiendasamor.com\/index.php\/wp-json\/wp\/v2\/product"}],"about":[{"href":"https:\/\/tiendasamor.com\/index.php\/wp-json\/wp\/v2\/types\/product"}],"replies":[{"embeddable":true,"href":"https:\/\/tiendasamor.com\/index.php\/wp-json\/wp\/v2\/comments?post=3593"}],"wp:featuredmedia":[{"embeddable":true,"href":"https:\/\/tiendasamor.com\/index.php\/wp-json\/wp\/v2\/media\/3594"}],"wp:attachment":[{"href":"https:\/\/tiendasamor.com\/index.php\/wp-json\/wp\/v2\/media?parent=3593"}],"wp:term":[{"taxonomy":"product_brand","embeddable":true,"href":"https:\/\/tiendasamor.com\/index.php\/wp-json\/wp\/v2\/product_brand?post=3593"},{"taxonomy":"product_cat","embeddable":true,"href":"https:\/\/tiendasamor.com\/index.php\/wp-json\/wp\/v2\/product_cat?post=3593"},{"taxonomy":"product_tag","embeddable":true,"href":"https:\/\/tiendasamor.com\/index.php\/wp-json\/wp\/v2\/product_tag?post=3593"}],"curies":[{"name":"wp","href":"https:\/\/api.w.org\/{rel}","templated":true}]}}