{"id":3582,"date":"2025-05-10T15:31:48","date_gmt":"2025-05-10T20:31:48","guid":{"rendered":"https:\/\/tiendasamor.com\/?post_type=product&#038;p=3582"},"modified":"2025-05-10T15:31:48","modified_gmt":"2025-05-10T20:31:48","slug":"vara-flexible-vibradora-cute-bunny","status":"publish","type":"product","link":"https:\/\/tiendasamor.com\/index.php\/producto\/vara-flexible-vibradora-cute-bunny\/","title":{"rendered":"VARA FLEXIBLE VIBRADORA \u2013 CUTE BUNNY"},"content":{"rendered":"<p><strong>\u00bfC\u00f3mo te da placer?<\/strong><\/p>\n<ul>\n<li><strong>VARA FLEXIBLE VIBRADORA \u2013 CUTE BUNNY TURQ\u00a0<\/strong>es una vara super flexible y moldeable que puede ajustarse al \u00e1ngulo que tanto deseas estimular para llevarte a tener\u00a0<strong>orgasmos intensos e inolvidables<\/strong><\/li>\n<li><strong>VARA FLEXIBLE VIBRADORA \u2013 CUTE BUNNY TURQ\u00a0<\/strong>es un\u00a0<strong>vibrador\u00a0<\/strong>que cuenta con una forma de conejito, su material es suave y adem\u00e1s es flexible para estimular el cl\u00edtoris y tus paredes vaginales para llevarte a tener\u00a0<strong>orgasmos intensos e inolvidables<\/strong>.<\/li>\n<li><strong>VARA FLEXIBLE VIBRADORA \u2013 CUTE BUNNY TURQ\u00a0<\/strong>es super discreto por lo que podr\u00e1s llevarlo en tu cartera y nadie sabr\u00e1 que se trata de tu fiel acompa\u00f1ante.<\/li>\n<li>Te asegura\u00a0<strong>orgasmos espectaculares<\/strong>\u00a0ya que cuenta con\u00a0<strong>7 potentes niveles de vibraci\u00f3n\u00a0<\/strong>que te acompa\u00f1aran hasta que llegues al cl\u00edmax.<\/li>\n<\/ul>\n<p><strong>\u00bfQu\u00e9 zonas te estimula?<\/strong><\/p>\n<ul>\n<li><strong>VARA FLEXIBLE VIBRADORA \u2013 CUTE BUNNY TURQ\u00a0<\/strong>gracias a su\u00a0<strong>capacidad de flexibilidad<\/strong>, puede ser utilizado para estimular tu\u00a0<strong>cl\u00edtoris<\/strong>,\u00a0<strong>Punto G<\/strong>\u00a0y paredes vaginales, llev\u00e1ndote a tener orgasmos alucinantes.<\/li>\n<li>Otra zona er\u00f3gena que puede estimularte es el\u00a0<strong>ano<\/strong>.<\/li>\n<\/ul>\n<p><strong>Instrucciones de Uso<\/strong><\/p>\n<ul>\n<li><strong>VARA FLEXIBLE VIBRADORA \u2013 CUTE BUNNY TURQ\u00a0<\/strong>tiene 7 potentes<strong>\u00a0niveles de vibraci\u00f3n<\/strong>, solo\u00a0<strong>mant\u00e9n presionado por 3 segundos el bot\u00f3n de encendido\/apagado<\/strong>\u00a0y d\u00e9jate llevar a un viaje de placer inolvidable.<\/li>\n<li>Para\u00a0<strong>cambiar de nivel de vibraci\u00f3n<\/strong>\u00a0solo\u00a0<strong>presiona el encendido\/apagado<\/strong>\u00a0hasta alcanzar el nivel adecuado de vibraci\u00f3n para ese momento especial y solo d\u00e9jate llevar.<\/li>\n<\/ul>\n<p><strong>Caracter\u00edsticas<\/strong><\/p>\n<ul>\n<li><strong>VARA FLEXIBLE VIBRADORA \u2013 CUTE BUNNY TURQ\u00a0<\/strong>cuenta con la\u00a0<strong>garant\u00eda\u00a0<\/strong>y<strong>\u00a0excelente<\/strong>\u00a0<strong>calidad\u00a0<\/strong>de\u00a0<strong>PRETTY LOVE.<\/strong><\/li>\n<li><strong>Cuenta con 7 niveles de vibraci\u00f3n<\/strong><\/li>\n<li>Es recargable mediante carga magn\u00e9tica<\/li>\n<li>Es flexible<\/li>\n<li>Es 100% lavable.<\/li>\n<\/ul>\n<p>Est\u00e1 hecho de silicona ABS que es muy amigable con la piel y se siente muy realista<\/p>\n","protected":false},"excerpt":{"rendered":"<p>\u00bfC\u00f3mo te da placer? VARA FLEXIBLE VIBRADORA \u2013 CUTE BUNNY TURQ\u00a0es una vara super flexible y moldeable que puede ajustarse al \u00e1ngulo que tanto deseas estimular para llevarte a tener\u00a0orgasmos intensos e inolvidables VARA FLEXIBLE VIBRADORA \u2013 CUTE BUNNY TURQ\u00a0es un\u00a0vibrador\u00a0que cuenta con una forma de conejito, su material es suave y adem\u00e1s es flexible [&hellip;]<\/p>\n","protected":false},"featured_media":3583,"comment_status":"open","ping_status":"closed","template":"","meta":[],"product_brand":[],"product_cat":[44,43,27],"product_tag":[],"class_list":{"0":"post-3582","1":"product","2":"type-product","3":"status-publish","4":"has-post-thumbnail","6":"product_cat-clitorales","7":"product_cat-rabbit","8":"product_cat-vibradores","10":"first","11":"instock","12":"shipping-taxable","13":"purchasable","14":"product-type-simple"},"_links":{"self":[{"href":"https:\/\/tiendasamor.com\/index.php\/wp-json\/wp\/v2\/product\/3582","targetHints":{"allow":["GET"]}}],"collection":[{"href":"https:\/\/tiendasamor.com\/index.php\/wp-json\/wp\/v2\/product"}],"about":[{"href":"https:\/\/tiendasamor.com\/index.php\/wp-json\/wp\/v2\/types\/product"}],"replies":[{"embeddable":true,"href":"https:\/\/tiendasamor.com\/index.php\/wp-json\/wp\/v2\/comments?post=3582"}],"wp:featuredmedia":[{"embeddable":true,"href":"https:\/\/tiendasamor.com\/index.php\/wp-json\/wp\/v2\/media\/3583"}],"wp:attachment":[{"href":"https:\/\/tiendasamor.com\/index.php\/wp-json\/wp\/v2\/media?parent=3582"}],"wp:term":[{"taxonomy":"product_brand","embeddable":true,"href":"https:\/\/tiendasamor.com\/index.php\/wp-json\/wp\/v2\/product_brand?post=3582"},{"taxonomy":"product_cat","embeddable":true,"href":"https:\/\/tiendasamor.com\/index.php\/wp-json\/wp\/v2\/product_cat?post=3582"},{"taxonomy":"product_tag","embeddable":true,"href":"https:\/\/tiendasamor.com\/index.php\/wp-json\/wp\/v2\/product_tag?post=3582"}],"curies":[{"name":"wp","href":"https:\/\/api.w.org\/{rel}","templated":true}]}}