{"id":3563,"date":"2025-05-10T14:54:21","date_gmt":"2025-05-10T19:54:21","guid":{"rendered":"https:\/\/tiendasamor.com\/?post_type=product&#038;p=3563"},"modified":"2025-05-10T14:54:21","modified_gmt":"2025-05-10T19:54:21","slug":"vibrador-little-cute-mini-stick","status":"publish","type":"product","link":"https:\/\/tiendasamor.com\/index.php\/producto\/vibrador-little-cute-mini-stick\/","title":{"rendered":"VIBRADOR LITTLE CUTE MINI STICK"},"content":{"rendered":"<p>Experimenta la magia org\u00e1smica del Wonder Mini stick de Pretty Love. No te dejes enga\u00f1ar por su tama\u00f1o: este mini masajeador tiene una gran potencia y su peque\u00f1o tama\u00f1o lo hace ideal para noches de placer intenso. Con ajustes de vibraci\u00f3n de varias velocidades para explorar, estimula los pezones, las puntas y las zonas m\u00e1s sensibles para un orgasmo intenso durante todo el d\u00eda. Las vibraciones localizadas en el cabezal son ideales para quienes buscan un toque m\u00e1s sensual y explorar el orgasmo forzado. Revestido de suave silicona, este superjuguete sexual tambi\u00e9n es resistente al agua. Adem\u00e1s, es recargable por USB, as\u00ed que este peque\u00f1o juguete siempre est\u00e1 listo para potenciar tu placer.<\/p>\n<p>LARGO TOTAL: 8 CM.<\/p>\n<p>* GROSOR: 1.8 CM.<\/p>\n<p>* VIBRACI\u00d3N: 10 NIVELES.<\/p>\n<p>* MATERIAL: SILICONA ABS.<\/p>\n<p>* RECARGABLE USB.<\/p>\n","protected":false},"excerpt":{"rendered":"<p>Experimenta la magia org\u00e1smica del Wonder Mini stick de Pretty Love. No te dejes enga\u00f1ar por su tama\u00f1o: este mini masajeador tiene una gran potencia y su peque\u00f1o tama\u00f1o lo hace ideal para noches de placer intenso. Con ajustes de vibraci\u00f3n de varias velocidades para explorar, estimula los pezones, las puntas y las zonas m\u00e1s [&hellip;]<\/p>\n","protected":false},"featured_media":3564,"comment_status":"open","ping_status":"closed","template":"","meta":[],"product_brand":[],"product_cat":[44,27],"product_tag":[],"class_list":{"0":"post-3563","1":"product","2":"type-product","3":"status-publish","4":"has-post-thumbnail","6":"product_cat-clitorales","7":"product_cat-vibradores","9":"first","10":"instock","11":"shipping-taxable","12":"purchasable","13":"product-type-simple"},"_links":{"self":[{"href":"https:\/\/tiendasamor.com\/index.php\/wp-json\/wp\/v2\/product\/3563","targetHints":{"allow":["GET"]}}],"collection":[{"href":"https:\/\/tiendasamor.com\/index.php\/wp-json\/wp\/v2\/product"}],"about":[{"href":"https:\/\/tiendasamor.com\/index.php\/wp-json\/wp\/v2\/types\/product"}],"replies":[{"embeddable":true,"href":"https:\/\/tiendasamor.com\/index.php\/wp-json\/wp\/v2\/comments?post=3563"}],"wp:featuredmedia":[{"embeddable":true,"href":"https:\/\/tiendasamor.com\/index.php\/wp-json\/wp\/v2\/media\/3564"}],"wp:attachment":[{"href":"https:\/\/tiendasamor.com\/index.php\/wp-json\/wp\/v2\/media?parent=3563"}],"wp:term":[{"taxonomy":"product_brand","embeddable":true,"href":"https:\/\/tiendasamor.com\/index.php\/wp-json\/wp\/v2\/product_brand?post=3563"},{"taxonomy":"product_cat","embeddable":true,"href":"https:\/\/tiendasamor.com\/index.php\/wp-json\/wp\/v2\/product_cat?post=3563"},{"taxonomy":"product_tag","embeddable":true,"href":"https:\/\/tiendasamor.com\/index.php\/wp-json\/wp\/v2\/product_tag?post=3563"}],"curies":[{"name":"wp","href":"https:\/\/api.w.org\/{rel}","templated":true}]}}