{"id":3556,"date":"2025-05-09T19:57:38","date_gmt":"2025-05-10T00:57:38","guid":{"rendered":"https:\/\/tiendasamor.com\/?post_type=product&#038;p=3556"},"modified":"2025-05-09T19:57:38","modified_gmt":"2025-05-10T00:57:38","slug":"vibrador-dr-skin-cock-vibe-3-7-25","status":"publish","type":"product","link":"https:\/\/tiendasamor.com\/index.php\/producto\/vibrador-dr-skin-cock-vibe-3-7-25\/","title":{"rendered":"VIBRADOR DR. SKIN-COCK VIBE 3 \u2013 7.25"},"content":{"rendered":"<p>\u00a1El m\u00e9dico est\u00e1 dentro! Blush Dr. Skin Cock Vibe #3 es un vibrador realista de 7,25 pulgadas con venas y base giratoria para vibraci\u00f3n de varias velocidades. Creado para principiantes y para quienes se preocupan por los costos, Vibe #3 est\u00e1 hecho de PVC libre de ftalatos. Es c\u00f3modamente suave pero lo suficientemente r\u00edgido para un juego vigoroso. Funciona con 2 pilas AA, no incluidas.<\/p>\n<ul>\n<li>Largo: 18.4 cm<\/li>\n<li>Insertable: 15cm<\/li>\n<li>Ancho: 4.4 cm<\/li>\n<li>Velocidades multiples<\/li>\n<li>Sensaci\u00f3n realista<\/li>\n<li>A prueba de salpicadura<\/li>\n<li>Requiere de 2 bater\u00edas AA (no incluidas)<\/li>\n<li>PVC sin ftafaltos.<\/li>\n<\/ul>\n","protected":false},"excerpt":{"rendered":"<p>\u00a1El m\u00e9dico est\u00e1 dentro! Blush Dr. Skin Cock Vibe #3 es un vibrador realista de 7,25 pulgadas con venas y base giratoria para vibraci\u00f3n de varias velocidades. Creado para principiantes y para quienes se preocupan por los costos, Vibe #3 est\u00e1 hecho de PVC libre de ftalatos. Es c\u00f3modamente suave pero lo suficientemente r\u00edgido para [&hellip;]<\/p>\n","protected":false},"featured_media":3558,"comment_status":"open","ping_status":"closed","template":"","meta":[],"product_brand":[],"product_cat":[27],"product_tag":[],"class_list":{"0":"post-3556","1":"product","2":"type-product","3":"status-publish","4":"has-post-thumbnail","6":"product_cat-vibradores","8":"first","9":"instock","10":"shipping-taxable","11":"purchasable","12":"product-type-simple"},"_links":{"self":[{"href":"https:\/\/tiendasamor.com\/index.php\/wp-json\/wp\/v2\/product\/3556","targetHints":{"allow":["GET"]}}],"collection":[{"href":"https:\/\/tiendasamor.com\/index.php\/wp-json\/wp\/v2\/product"}],"about":[{"href":"https:\/\/tiendasamor.com\/index.php\/wp-json\/wp\/v2\/types\/product"}],"replies":[{"embeddable":true,"href":"https:\/\/tiendasamor.com\/index.php\/wp-json\/wp\/v2\/comments?post=3556"}],"wp:featuredmedia":[{"embeddable":true,"href":"https:\/\/tiendasamor.com\/index.php\/wp-json\/wp\/v2\/media\/3558"}],"wp:attachment":[{"href":"https:\/\/tiendasamor.com\/index.php\/wp-json\/wp\/v2\/media?parent=3556"}],"wp:term":[{"taxonomy":"product_brand","embeddable":true,"href":"https:\/\/tiendasamor.com\/index.php\/wp-json\/wp\/v2\/product_brand?post=3556"},{"taxonomy":"product_cat","embeddable":true,"href":"https:\/\/tiendasamor.com\/index.php\/wp-json\/wp\/v2\/product_cat?post=3556"},{"taxonomy":"product_tag","embeddable":true,"href":"https:\/\/tiendasamor.com\/index.php\/wp-json\/wp\/v2\/product_tag?post=3556"}],"curies":[{"name":"wp","href":"https:\/\/api.w.org\/{rel}","templated":true}]}}