{"id":3550,"date":"2025-05-09T19:25:00","date_gmt":"2025-05-10T00:25:00","guid":{"rendered":"https:\/\/tiendasamor.com\/?post_type=product&#038;p=3550"},"modified":"2025-05-09T19:25:00","modified_gmt":"2025-05-10T00:25:00","slug":"ultra-beats-vibratin-dildo","status":"publish","type":"product","link":"https:\/\/tiendasamor.com\/index.php\/producto\/ultra-beats-vibratin-dildo\/","title":{"rendered":"Ultra Beats Vibratin Dildo"},"content":{"rendered":"<p>\u00a1Perfecto para una satisfacci\u00f3n verdaderamente gigantesca! Consolador de color piel con forma de pene realista. El consolador tiene un glande abultado, venas en el eje y test\u00edculos lisos. Este chico realista y abultado tiene modos de vibraci\u00f3n placenteros, los modos se pueden controlar f\u00e1cilmente con el control remoto conectado a un cable. La ventosa adicional hace posible la diversi\u00f3n con las manos libres.<\/p>\n<p>* Funci\u00f3n: Base de succi\u00f3n de vibraci\u00f3n<br \/>\n* Fuerza: 2 pilas AA<br \/>\n* Material: TPE<br \/>\n* Color: Beige.<br \/>\n* Largo: 17.5 cm<br \/>\n* Ancho: 4 cm<br \/>\n* Insertable: 14 cm<br \/>\n* Antibacteriano<br \/>\n* Vibraci\u00f3n de m\u00faltiples velocidades<br \/>\n* Doble densidad<\/p>\n","protected":false},"excerpt":{"rendered":"<p>\u00a1Perfecto para una satisfacci\u00f3n verdaderamente gigantesca! Consolador de color piel con forma de pene realista. El consolador tiene un glande abultado, venas en el eje y test\u00edculos lisos. Este chico realista y abultado tiene modos de vibraci\u00f3n placenteros, los modos se pueden controlar f\u00e1cilmente con el control remoto conectado a un cable. La ventosa adicional [&hellip;]<\/p>\n","protected":false},"featured_media":3551,"comment_status":"open","ping_status":"closed","template":"","meta":[],"product_brand":[],"product_cat":[27],"product_tag":[],"class_list":{"0":"post-3550","1":"product","2":"type-product","3":"status-publish","4":"has-post-thumbnail","6":"product_cat-vibradores","8":"first","9":"instock","10":"shipping-taxable","11":"purchasable","12":"product-type-simple"},"_links":{"self":[{"href":"https:\/\/tiendasamor.com\/index.php\/wp-json\/wp\/v2\/product\/3550","targetHints":{"allow":["GET"]}}],"collection":[{"href":"https:\/\/tiendasamor.com\/index.php\/wp-json\/wp\/v2\/product"}],"about":[{"href":"https:\/\/tiendasamor.com\/index.php\/wp-json\/wp\/v2\/types\/product"}],"replies":[{"embeddable":true,"href":"https:\/\/tiendasamor.com\/index.php\/wp-json\/wp\/v2\/comments?post=3550"}],"wp:featuredmedia":[{"embeddable":true,"href":"https:\/\/tiendasamor.com\/index.php\/wp-json\/wp\/v2\/media\/3551"}],"wp:attachment":[{"href":"https:\/\/tiendasamor.com\/index.php\/wp-json\/wp\/v2\/media?parent=3550"}],"wp:term":[{"taxonomy":"product_brand","embeddable":true,"href":"https:\/\/tiendasamor.com\/index.php\/wp-json\/wp\/v2\/product_brand?post=3550"},{"taxonomy":"product_cat","embeddable":true,"href":"https:\/\/tiendasamor.com\/index.php\/wp-json\/wp\/v2\/product_cat?post=3550"},{"taxonomy":"product_tag","embeddable":true,"href":"https:\/\/tiendasamor.com\/index.php\/wp-json\/wp\/v2\/product_tag?post=3550"}],"curies":[{"name":"wp","href":"https:\/\/api.w.org\/{rel}","templated":true}]}}