{"id":3534,"date":"2025-05-09T19:08:08","date_gmt":"2025-05-10T00:08:08","guid":{"rendered":"https:\/\/tiendasamor.com\/?post_type=product&#038;p=3534"},"modified":"2025-05-09T19:08:08","modified_gmt":"2025-05-10T00:08:08","slug":"7-beginners-dildo-vibrator-flesh-2","status":"publish","type":"product","link":"https:\/\/tiendasamor.com\/index.php\/producto\/7-beginners-dildo-vibrator-flesh-2\/","title":{"rendered":"7\u2019 Beginners Dildo Vibrator-Flesh"},"content":{"rendered":"<div>Perfecto para una satisfacci\u00f3n verdaderamente gigantesca!<\/div>\n<div><\/div>\n<div>Consolador de color piel con forma de pene realista. El consolador tiene un glande abultado, venas en el eje y test\u00edculos lisos.<\/div>\n<div><\/div>\n<div>Este chico realista y abultado tiene modos de vibraci\u00f3n placenteros, los modos se pueden controlar f\u00e1cilmente con el control remoto conectado a un cable.<\/div>\n<div><\/div>\n<div>La ventosa adicional hace posible la diversi\u00f3n con las manos libres.<\/div>\n<div><\/div>\n<div>Caracter\u00edsticas:<\/div>\n<div>* Funci\u00f3n: Base de succi\u00f3n de vibraci\u00f3n<\/div>\n<div>* Fuerza: 2 pilas AA<\/div>\n<div>* Material: TPE<\/div>\n<div>* Color: Beige.<\/div>\n<div>* Largo: 18.6 cm<\/div>\n<div>* Ancho: 3.8 cm<\/div>\n<div>* Insertable: 14 cm<\/div>\n<div>* Antibacteriano<\/div>\n<div>* Vibraci\u00f3n de m\u00faltiples velocidades<\/div>\n<div>* Doble densidad<\/div>\n","protected":false},"excerpt":{"rendered":"<p>Perfecto para una satisfacci\u00f3n verdaderamente gigantesca! Consolador de color piel con forma de pene realista. El consolador tiene un glande abultado, venas en el eje y test\u00edculos lisos. Este chico realista y abultado tiene modos de vibraci\u00f3n placenteros, los modos se pueden controlar f\u00e1cilmente con el control remoto conectado a un cable. La ventosa adicional [&hellip;]<\/p>\n","protected":false},"featured_media":3535,"comment_status":"open","ping_status":"closed","template":"","meta":[],"product_brand":[],"product_cat":[27],"product_tag":[],"class_list":{"0":"post-3534","1":"product","2":"type-product","3":"status-publish","4":"has-post-thumbnail","6":"product_cat-vibradores","8":"first","9":"instock","10":"shipping-taxable","11":"purchasable","12":"product-type-simple"},"_links":{"self":[{"href":"https:\/\/tiendasamor.com\/index.php\/wp-json\/wp\/v2\/product\/3534","targetHints":{"allow":["GET"]}}],"collection":[{"href":"https:\/\/tiendasamor.com\/index.php\/wp-json\/wp\/v2\/product"}],"about":[{"href":"https:\/\/tiendasamor.com\/index.php\/wp-json\/wp\/v2\/types\/product"}],"replies":[{"embeddable":true,"href":"https:\/\/tiendasamor.com\/index.php\/wp-json\/wp\/v2\/comments?post=3534"}],"wp:featuredmedia":[{"embeddable":true,"href":"https:\/\/tiendasamor.com\/index.php\/wp-json\/wp\/v2\/media\/3535"}],"wp:attachment":[{"href":"https:\/\/tiendasamor.com\/index.php\/wp-json\/wp\/v2\/media?parent=3534"}],"wp:term":[{"taxonomy":"product_brand","embeddable":true,"href":"https:\/\/tiendasamor.com\/index.php\/wp-json\/wp\/v2\/product_brand?post=3534"},{"taxonomy":"product_cat","embeddable":true,"href":"https:\/\/tiendasamor.com\/index.php\/wp-json\/wp\/v2\/product_cat?post=3534"},{"taxonomy":"product_tag","embeddable":true,"href":"https:\/\/tiendasamor.com\/index.php\/wp-json\/wp\/v2\/product_tag?post=3534"}],"curies":[{"name":"wp","href":"https:\/\/api.w.org\/{rel}","templated":true}]}}