{"id":3527,"date":"2025-05-09T19:04:44","date_gmt":"2025-05-10T00:04:44","guid":{"rendered":"https:\/\/tiendasamor.com\/?post_type=product&#038;p=3527"},"modified":"2025-05-09T19:04:44","modified_gmt":"2025-05-10T00:04:44","slug":"g-spot-beast-vibrator-dildo-latin","status":"publish","type":"product","link":"https:\/\/tiendasamor.com\/index.php\/producto\/g-spot-beast-vibrator-dildo-latin\/","title":{"rendered":"G-spot Beast Vibrator Dildo Latin"},"content":{"rendered":"<p>Los vibradores juegan un papel muy importante en la vida sexual de las personas.\u00a0Son un complemento al sexo normal, adem\u00e1s de sustituir las veladas de las mujeres solteras y aportar nuevos sentimientos.\u00a0Los vibradores tambi\u00e9n tienen un efecto positivo en el cuerpo femenino, que es la prevenci\u00f3n del c\u00e1ncer y los trastornos nerviosos.<\/p>\n<p>Estando solo podr\u00e1 relajarse y ser m\u00e1s libre para realizar sus fantas\u00edas secretas.\u00a0Usando vibradores la mujer podr\u00e1 llegar f\u00e1cilmente al orgasmo, conocer su cuerpo y encontrar los puntos m\u00e1s er\u00f3genos.\u00a0Este tipo de ropa \u00edntima ayuda a deshacerse de muchos complejos y a diversificar la vida sexual.\u00a0En nuestra tienda podr\u00e1s elegir tener un vibrador para cada gusto: grande y peque\u00f1o, suave y duro, liso y texturizado.<\/p>\n<p>Material: TPE.\u00a0Tama\u00f1o del producto: 21,4 cm, 4 cm.\u00a0Peso del producto: 0,269 kg.\u00a0Caracter\u00edsticas: Antibacteriano, Vibraci\u00f3n de m\u00faltiples velocidades, Doble densidad.<\/p>\n","protected":false},"excerpt":{"rendered":"<p>Los vibradores juegan un papel muy importante en la vida sexual de las personas.\u00a0Son un complemento al sexo normal, adem\u00e1s de sustituir las veladas de las mujeres solteras y aportar nuevos sentimientos.\u00a0Los vibradores tambi\u00e9n tienen un efecto positivo en el cuerpo femenino, que es la prevenci\u00f3n del c\u00e1ncer y los trastornos nerviosos. Estando solo podr\u00e1 [&hellip;]<\/p>\n","protected":false},"featured_media":3533,"comment_status":"open","ping_status":"closed","template":"","meta":[],"product_brand":[],"product_cat":[27],"product_tag":[],"class_list":{"0":"post-3527","1":"product","2":"type-product","3":"status-publish","4":"has-post-thumbnail","6":"product_cat-vibradores","8":"first","9":"instock","10":"shipping-taxable","11":"purchasable","12":"product-type-simple"},"_links":{"self":[{"href":"https:\/\/tiendasamor.com\/index.php\/wp-json\/wp\/v2\/product\/3527","targetHints":{"allow":["GET"]}}],"collection":[{"href":"https:\/\/tiendasamor.com\/index.php\/wp-json\/wp\/v2\/product"}],"about":[{"href":"https:\/\/tiendasamor.com\/index.php\/wp-json\/wp\/v2\/types\/product"}],"replies":[{"embeddable":true,"href":"https:\/\/tiendasamor.com\/index.php\/wp-json\/wp\/v2\/comments?post=3527"}],"wp:featuredmedia":[{"embeddable":true,"href":"https:\/\/tiendasamor.com\/index.php\/wp-json\/wp\/v2\/media\/3533"}],"wp:attachment":[{"href":"https:\/\/tiendasamor.com\/index.php\/wp-json\/wp\/v2\/media?parent=3527"}],"wp:term":[{"taxonomy":"product_brand","embeddable":true,"href":"https:\/\/tiendasamor.com\/index.php\/wp-json\/wp\/v2\/product_brand?post=3527"},{"taxonomy":"product_cat","embeddable":true,"href":"https:\/\/tiendasamor.com\/index.php\/wp-json\/wp\/v2\/product_cat?post=3527"},{"taxonomy":"product_tag","embeddable":true,"href":"https:\/\/tiendasamor.com\/index.php\/wp-json\/wp\/v2\/product_tag?post=3527"}],"curies":[{"name":"wp","href":"https:\/\/api.w.org\/{rel}","templated":true}]}}