{"id":3486,"date":"2025-02-10T17:50:33","date_gmt":"2025-02-10T22:50:33","guid":{"rendered":"https:\/\/tiendasamor.com\/?post_type=product&#038;p=3486"},"modified":"2025-02-10T17:50:33","modified_gmt":"2025-02-10T22:50:33","slug":"pretty-love-franz-control-a-distancia","status":"publish","type":"product","link":"https:\/\/tiendasamor.com\/index.php\/producto\/pretty-love-franz-control-a-distancia\/","title":{"rendered":"Pretty Love Franz Control a Distancia"},"content":{"rendered":"<div class=\"tlid-input input\">\n<div class=\"source-wrap\">\n<div class=\"input-full-height-wrapper tlid-input-full-height-wrapper\">\n<div class=\"source-input\">\n<div class=\"source-footer-wrap source-or-target-footer\">\n<div class=\"character-count tlid-character-count\">Este Fabuloso vibrador de silicona de 12 funciones es el juguete sexual ideal para aumentar la pasi\u00f3n de usted y su pareja.<\/div>\n<\/div>\n<\/div>\n<\/div>\n<\/div>\n<\/div>\n<div class=\"tlid-results-container results-container\">\n<div class=\"tlid-result result-dict-wrapper\">\n<div class=\"result tlid-copy-target\">\n<div class=\"text-wrap tlid-copy-target\">\n<div class=\"result-shield-container tlid-copy-target\"><span class=\"tlid-translation translation\" lang=\"es\"><span title=\"\">El magn\u00edfico material de silicona tiene un acabado aterciopelado para una sensaci\u00f3n incre\u00edble en la piel y un vibrador de 12 funciones para una sensaci\u00f3n incre\u00edble en las terminaciones nerviosas.<\/span><\/span><\/div>\n<div><\/div>\n<div class=\"result-shield-container tlid-copy-target\"><span class=\"tlid-translation translation\" lang=\"es\">\u00a0<span class=\"\" title=\"\">Este juguete est\u00e1 dise\u00f1ado para ajustarse contra su cuerpo, masajeando el cl\u00edtoris y los puntos dulces internos, dejando espacio para que \u00e9l penetre y reciba tambi\u00e9n los efectos de vibraci\u00f3n y masaje del juguete.<\/span><\/span><\/div>\n<div><\/div>\n<div class=\"result-shield-container tlid-copy-target\"><span class=\"tlid-translation translation\" lang=\"es\">\u00a0<span class=\"\" title=\"\">Este es un juguete a prueba de agua y, por lo tanto, nunca debe perder el control, es recargable por USB y est\u00e1 controlado por un tel\u00e9fono m\u00f3vil.<\/span><\/span><\/div>\n<div>\n<ul>\n<li>Estimula el punto G y cl\u00edtoris<\/li>\n<li>12 funciones de vibraci\u00f3n<\/li>\n<li>APP Control (Android y iOs)<\/li>\n<li>Impermeable<\/li>\n<li>Recargable USB ( incluido )<\/li>\n<li>Longitud de la parte vaginal (Punto G): 9.5 cm<\/li>\n<li>Di\u00e1metro de la parte vaginal (Punto G): 2 \u2013 3.2 cm<\/li>\n<li>Largo del cl\u00edtoris: 7 cm<\/li>\n<li>Di\u00e1metro de la parte del cl\u00edtoris: 4 cm<\/li>\n<\/ul>\n<\/div>\n<\/div>\n<\/div>\n<\/div>\n<\/div>\n","protected":false},"excerpt":{"rendered":"<p>Este Fabuloso vibrador de silicona de 12 funciones es el juguete sexual ideal para aumentar la pasi\u00f3n de usted y su pareja. El magn\u00edfico material de silicona tiene un acabado aterciopelado para una sensaci\u00f3n incre\u00edble en la piel y un vibrador de 12 funciones para una sensaci\u00f3n incre\u00edble en las terminaciones nerviosas. \u00a0Este juguete est\u00e1 [&hellip;]<\/p>\n","protected":false},"featured_media":3487,"comment_status":"open","ping_status":"closed","template":"","meta":[],"product_brand":[],"product_cat":[44,27],"product_tag":[],"class_list":{"0":"post-3486","1":"product","2":"type-product","3":"status-publish","4":"has-post-thumbnail","6":"product_cat-clitorales","7":"product_cat-vibradores","9":"first","10":"instock","11":"shipping-taxable","12":"purchasable","13":"product-type-simple"},"_links":{"self":[{"href":"https:\/\/tiendasamor.com\/index.php\/wp-json\/wp\/v2\/product\/3486","targetHints":{"allow":["GET"]}}],"collection":[{"href":"https:\/\/tiendasamor.com\/index.php\/wp-json\/wp\/v2\/product"}],"about":[{"href":"https:\/\/tiendasamor.com\/index.php\/wp-json\/wp\/v2\/types\/product"}],"replies":[{"embeddable":true,"href":"https:\/\/tiendasamor.com\/index.php\/wp-json\/wp\/v2\/comments?post=3486"}],"wp:featuredmedia":[{"embeddable":true,"href":"https:\/\/tiendasamor.com\/index.php\/wp-json\/wp\/v2\/media\/3487"}],"wp:attachment":[{"href":"https:\/\/tiendasamor.com\/index.php\/wp-json\/wp\/v2\/media?parent=3486"}],"wp:term":[{"taxonomy":"product_brand","embeddable":true,"href":"https:\/\/tiendasamor.com\/index.php\/wp-json\/wp\/v2\/product_brand?post=3486"},{"taxonomy":"product_cat","embeddable":true,"href":"https:\/\/tiendasamor.com\/index.php\/wp-json\/wp\/v2\/product_cat?post=3486"},{"taxonomy":"product_tag","embeddable":true,"href":"https:\/\/tiendasamor.com\/index.php\/wp-json\/wp\/v2\/product_tag?post=3486"}],"curies":[{"name":"wp","href":"https:\/\/api.w.org\/{rel}","templated":true}]}}