{"id":3482,"date":"2025-02-10T16:14:47","date_gmt":"2025-02-10T21:14:47","guid":{"rendered":"https:\/\/tiendasamor.com\/?post_type=product&#038;p=3482"},"modified":"2025-02-10T16:14:47","modified_gmt":"2025-02-10T21:14:47","slug":"pretty-love-skiler","status":"publish","type":"product","link":"https:\/\/tiendasamor.com\/index.php\/producto\/pretty-love-skiler\/","title":{"rendered":"Pretty Love Skiler"},"content":{"rendered":"<p>Esta sofisticada varita vibratoria cuenta con un motor excepcionalmente potente en su amplio cabezal, que tiene un cuello flexible para ayudarle a seleccionar 10 modos de vibraci\u00f3n y 9 niveles de velocidad donde m\u00e1s los desee. El cuerpo bulboso es compacto para un agarre c\u00f3modo y lo suficientemente liviano.<\/p>\n<p>Tiene una pantalla LCD digital f\u00e1cil de usar que muestra la configuraci\u00f3n y el nivel de la bater\u00eda. Es el complemento perfecto para el dormitorio de las parejas que disfrutan de un contacto vibratorio intenso, sensual y pleno.<\/p>\n<ul>\n<li>Material: Silicona Medica<\/li>\n<li>10 funciones de vibraci\u00f3n<\/li>\n<li>9 niveles de velocidad<\/li>\n<li>Libre de ftalatos y l\u00e1tex<\/li>\n<li>Impermeable<\/li>\n<li>Recargable: Cable USB Incluido<\/li>\n<li>Largo total: 22.6 cm \u2013 Ancho: 3.5 cm<\/li>\n<\/ul>\n","protected":false},"excerpt":{"rendered":"<p>Esta sofisticada varita vibratoria cuenta con un motor excepcionalmente potente en su amplio cabezal, que tiene un cuello flexible para ayudarle a seleccionar 10 modos de vibraci\u00f3n y 9 niveles de velocidad donde m\u00e1s los desee. El cuerpo bulboso es compacto para un agarre c\u00f3modo y lo suficientemente liviano. Tiene una pantalla LCD digital f\u00e1cil [&hellip;]<\/p>\n","protected":false},"featured_media":3483,"comment_status":"open","ping_status":"closed","template":"","meta":[],"product_brand":[],"product_cat":[44,27],"product_tag":[],"class_list":{"0":"post-3482","1":"product","2":"type-product","3":"status-publish","4":"has-post-thumbnail","6":"product_cat-clitorales","7":"product_cat-vibradores","9":"first","10":"instock","11":"shipping-taxable","12":"purchasable","13":"product-type-simple"},"_links":{"self":[{"href":"https:\/\/tiendasamor.com\/index.php\/wp-json\/wp\/v2\/product\/3482","targetHints":{"allow":["GET"]}}],"collection":[{"href":"https:\/\/tiendasamor.com\/index.php\/wp-json\/wp\/v2\/product"}],"about":[{"href":"https:\/\/tiendasamor.com\/index.php\/wp-json\/wp\/v2\/types\/product"}],"replies":[{"embeddable":true,"href":"https:\/\/tiendasamor.com\/index.php\/wp-json\/wp\/v2\/comments?post=3482"}],"wp:featuredmedia":[{"embeddable":true,"href":"https:\/\/tiendasamor.com\/index.php\/wp-json\/wp\/v2\/media\/3483"}],"wp:attachment":[{"href":"https:\/\/tiendasamor.com\/index.php\/wp-json\/wp\/v2\/media?parent=3482"}],"wp:term":[{"taxonomy":"product_brand","embeddable":true,"href":"https:\/\/tiendasamor.com\/index.php\/wp-json\/wp\/v2\/product_brand?post=3482"},{"taxonomy":"product_cat","embeddable":true,"href":"https:\/\/tiendasamor.com\/index.php\/wp-json\/wp\/v2\/product_cat?post=3482"},{"taxonomy":"product_tag","embeddable":true,"href":"https:\/\/tiendasamor.com\/index.php\/wp-json\/wp\/v2\/product_tag?post=3482"}],"curies":[{"name":"wp","href":"https:\/\/api.w.org\/{rel}","templated":true}]}}