{"id":3475,"date":"2024-12-31T15:26:23","date_gmt":"2024-12-31T20:26:23","guid":{"rendered":"https:\/\/tiendasamor.com\/?post_type=product&#038;p=3475"},"modified":"2024-12-31T15:26:23","modified_gmt":"2024-12-31T20:26:23","slug":"blush-dr-skin-de-95","status":"publish","type":"product","link":"https:\/\/tiendasamor.com\/index.php\/producto\/blush-dr-skin-de-95\/","title":{"rendered":"Blush Dr Skin de 9,5"},"content":{"rendered":"<p>\u00a1El Doctor est\u00e1 aqu\u00ed! El Dr. Skin Mr. Savage no puede esperar para llenarte por completo. Este consolador tiene la forma de todo su esplendor masivo para un juego s\u00faper intenso. La base resistente con ventosa se sostiene sobre cualquier superficie plana y permite juegos con manos libres.<\/p>\n<p>Tambi\u00e9n se puede usar con un compa\u00f1ero en un arn\u00e9s. Este pene realista<\/p>\n<p>Dr. Skin est\u00e1 hecho de PVC suave y seguro para el cuerpo. No contiene ftalatos, parafinas ni l\u00e1tex. L\u00edmpielo con agua y jab\u00f3n o con un limpiador de juguetes sexuales y luego s\u00e9quelo al aire.<\/p>\n","protected":false},"excerpt":{"rendered":"<p>\u00a1El Doctor est\u00e1 aqu\u00ed! El Dr. Skin Mr. Savage no puede esperar para llenarte por completo. Este consolador tiene la forma de todo su esplendor masivo para un juego s\u00faper intenso. La base resistente con ventosa se sostiene sobre cualquier superficie plana y permite juegos con manos libres. Tambi\u00e9n se puede usar con un compa\u00f1ero [&hellip;]<\/p>\n","protected":false},"featured_media":3477,"comment_status":"open","ping_status":"closed","template":"","meta":[],"product_brand":[],"product_cat":[29],"product_tag":[],"class_list":{"0":"post-3475","1":"product","2":"type-product","3":"status-publish","4":"has-post-thumbnail","6":"product_cat-consoladores-y-dildos","8":"first","9":"instock","10":"shipping-taxable","11":"purchasable","12":"product-type-simple"},"_links":{"self":[{"href":"https:\/\/tiendasamor.com\/index.php\/wp-json\/wp\/v2\/product\/3475","targetHints":{"allow":["GET"]}}],"collection":[{"href":"https:\/\/tiendasamor.com\/index.php\/wp-json\/wp\/v2\/product"}],"about":[{"href":"https:\/\/tiendasamor.com\/index.php\/wp-json\/wp\/v2\/types\/product"}],"replies":[{"embeddable":true,"href":"https:\/\/tiendasamor.com\/index.php\/wp-json\/wp\/v2\/comments?post=3475"}],"wp:featuredmedia":[{"embeddable":true,"href":"https:\/\/tiendasamor.com\/index.php\/wp-json\/wp\/v2\/media\/3477"}],"wp:attachment":[{"href":"https:\/\/tiendasamor.com\/index.php\/wp-json\/wp\/v2\/media?parent=3475"}],"wp:term":[{"taxonomy":"product_brand","embeddable":true,"href":"https:\/\/tiendasamor.com\/index.php\/wp-json\/wp\/v2\/product_brand?post=3475"},{"taxonomy":"product_cat","embeddable":true,"href":"https:\/\/tiendasamor.com\/index.php\/wp-json\/wp\/v2\/product_cat?post=3475"},{"taxonomy":"product_tag","embeddable":true,"href":"https:\/\/tiendasamor.com\/index.php\/wp-json\/wp\/v2\/product_tag?post=3475"}],"curies":[{"name":"wp","href":"https:\/\/api.w.org\/{rel}","templated":true}]}}