{"id":3464,"date":"2024-12-04T20:08:05","date_gmt":"2024-12-05T01:08:05","guid":{"rendered":"https:\/\/tiendasamor.com\/?post_type=product&#038;p=3464"},"modified":"2024-12-04T20:08:05","modified_gmt":"2024-12-05T01:08:05","slug":"north-moon-fermonas-unisex","status":"publish","type":"product","link":"https:\/\/tiendasamor.com\/index.php\/producto\/north-moon-fermonas-unisex\/","title":{"rendered":"North Moon fermonas Unisex"},"content":{"rendered":"<p>Perfume de feromonas corporales de alta calidad, natural, fresco y duradero, para hombres y mujeres, North Moon<\/p>\n<p>Libera un aroma sutil \u00fanico, mejora los niveles de feromonas naturales, potenciador qu\u00edmico instant\u00e1neo, efecto duradero e impermeable.<\/p>\n<p>Aplique aceite esencial corporal natural de feromonas en el cuello, las orejas, las mu\u00f1ecas, el pecho u otras partes del cuerpo para liberar suficiente feromona para hacerlo particularmente atractivo<\/p>\n<p>Contenido 10ml<\/p>\n<p>&nbsp;<\/p>\n","protected":false},"excerpt":{"rendered":"<p>Perfume de feromonas corporales de alta calidad, natural, fresco y duradero, para hombres y mujeres, North Moon Libera un aroma sutil \u00fanico, mejora los niveles de feromonas naturales, potenciador qu\u00edmico instant\u00e1neo, efecto duradero e impermeable. Aplique aceite esencial corporal natural de feromonas en el cuello, las orejas, las mu\u00f1ecas, el pecho u otras partes del [&hellip;]<\/p>\n","protected":false},"featured_media":3465,"comment_status":"open","ping_status":"closed","template":"","meta":[],"product_brand":[],"product_cat":[64],"product_tag":[],"class_list":{"0":"post-3464","1":"product","2":"type-product","3":"status-publish","4":"has-post-thumbnail","6":"product_cat-excitantes","8":"first","9":"instock","10":"shipping-taxable","11":"purchasable","12":"product-type-simple"},"_links":{"self":[{"href":"https:\/\/tiendasamor.com\/index.php\/wp-json\/wp\/v2\/product\/3464","targetHints":{"allow":["GET"]}}],"collection":[{"href":"https:\/\/tiendasamor.com\/index.php\/wp-json\/wp\/v2\/product"}],"about":[{"href":"https:\/\/tiendasamor.com\/index.php\/wp-json\/wp\/v2\/types\/product"}],"replies":[{"embeddable":true,"href":"https:\/\/tiendasamor.com\/index.php\/wp-json\/wp\/v2\/comments?post=3464"}],"wp:featuredmedia":[{"embeddable":true,"href":"https:\/\/tiendasamor.com\/index.php\/wp-json\/wp\/v2\/media\/3465"}],"wp:attachment":[{"href":"https:\/\/tiendasamor.com\/index.php\/wp-json\/wp\/v2\/media?parent=3464"}],"wp:term":[{"taxonomy":"product_brand","embeddable":true,"href":"https:\/\/tiendasamor.com\/index.php\/wp-json\/wp\/v2\/product_brand?post=3464"},{"taxonomy":"product_cat","embeddable":true,"href":"https:\/\/tiendasamor.com\/index.php\/wp-json\/wp\/v2\/product_cat?post=3464"},{"taxonomy":"product_tag","embeddable":true,"href":"https:\/\/tiendasamor.com\/index.php\/wp-json\/wp\/v2\/product_tag?post=3464"}],"curies":[{"name":"wp","href":"https:\/\/api.w.org\/{rel}","templated":true}]}}