{"id":3443,"date":"2024-12-03T23:19:21","date_gmt":"2024-12-04T04:19:21","guid":{"rendered":"https:\/\/tiendasamor.com\/?post_type=product&#038;p=3443"},"modified":"2024-12-03T23:19:21","modified_gmt":"2024-12-04T04:19:21","slug":"pretty-love-chane-extend-2","status":"publish","type":"product","link":"https:\/\/tiendasamor.com\/index.php\/producto\/pretty-love-chane-extend-2\/","title":{"rendered":"Pretty Love chane Extend 2"},"content":{"rendered":"<p>&nbsp;<\/p>\n<p>Dale placer a tu pareja con penetraciones vaginales o anales profundas. Esta funda para el pene aumentar\u00e1 instant\u00e1neamente tu pene en 5 cm de largo y 1,5 cm de di\u00e1metro. Fabricada con material ultra realista para un placer ultra realista, esta funda te brinda 2 pulgadas adicionales de largo y 35 % de circunferencia.<\/p>\n<p>La superficie externa est\u00e1 texturizada con venas realistas y presenta una cabeza bulbosa para garantizar que tu amante experimente sensaciones naturales. Un canal interno suave abraza tu erecci\u00f3n para un contacto y estimulaci\u00f3n m\u00e1ximos.<\/p>\n","protected":false},"excerpt":{"rendered":"<p>&nbsp; Dale placer a tu pareja con penetraciones vaginales o anales profundas. Esta funda para el pene aumentar\u00e1 instant\u00e1neamente tu pene en 5 cm de largo y 1,5 cm de di\u00e1metro. Fabricada con material ultra realista para un placer ultra realista, esta funda te brinda 2 pulgadas adicionales de largo y 35 % de circunferencia. [&hellip;]<\/p>\n","protected":false},"featured_media":3444,"comment_status":"open","ping_status":"closed","template":"","meta":[],"product_brand":[],"product_cat":[45,46],"product_tag":[],"class_list":{"0":"post-3443","1":"product","2":"type-product","3":"status-publish","4":"has-post-thumbnail","6":"product_cat-fundas-extensoras","7":"product_cat-protesis","9":"first","10":"instock","11":"shipping-taxable","12":"purchasable","13":"product-type-simple"},"_links":{"self":[{"href":"https:\/\/tiendasamor.com\/index.php\/wp-json\/wp\/v2\/product\/3443","targetHints":{"allow":["GET"]}}],"collection":[{"href":"https:\/\/tiendasamor.com\/index.php\/wp-json\/wp\/v2\/product"}],"about":[{"href":"https:\/\/tiendasamor.com\/index.php\/wp-json\/wp\/v2\/types\/product"}],"replies":[{"embeddable":true,"href":"https:\/\/tiendasamor.com\/index.php\/wp-json\/wp\/v2\/comments?post=3443"}],"wp:featuredmedia":[{"embeddable":true,"href":"https:\/\/tiendasamor.com\/index.php\/wp-json\/wp\/v2\/media\/3444"}],"wp:attachment":[{"href":"https:\/\/tiendasamor.com\/index.php\/wp-json\/wp\/v2\/media?parent=3443"}],"wp:term":[{"taxonomy":"product_brand","embeddable":true,"href":"https:\/\/tiendasamor.com\/index.php\/wp-json\/wp\/v2\/product_brand?post=3443"},{"taxonomy":"product_cat","embeddable":true,"href":"https:\/\/tiendasamor.com\/index.php\/wp-json\/wp\/v2\/product_cat?post=3443"},{"taxonomy":"product_tag","embeddable":true,"href":"https:\/\/tiendasamor.com\/index.php\/wp-json\/wp\/v2\/product_tag?post=3443"}],"curies":[{"name":"wp","href":"https:\/\/api.w.org\/{rel}","templated":true}]}}