{"id":3434,"date":"2024-12-03T22:31:14","date_gmt":"2024-12-04T03:31:14","guid":{"rendered":"https:\/\/tiendasamor.com\/?post_type=product&#038;p=3434"},"modified":"2024-12-03T22:31:50","modified_gmt":"2024-12-04T03:31:50","slug":"mr-play-douche-anal-blkc","status":"publish","type":"product","link":"https:\/\/tiendasamor.com\/index.php\/producto\/mr-play-douche-anal-blkc\/","title":{"rendered":"MR PLAY Douche Anal Blkc"},"content":{"rendered":"<p>Si buscas una ducha vaginal de alta calidad para mantener tu juego anal limpio y saludable, entonces esta ducha vaginal extra grande es justo lo que necesitas.<\/p>\n<p>Llena la elegante ducha vaginal de silicona con agua tibia e introd\u00facela en tu ano antes de apretar la pera grande para liberar el l\u00edquido.<\/p>\n<p>Despu\u00e9s de la liberaci\u00f3n aliviadora, estar\u00e1s limpio y libre de preocupaciones, y preparado para cualquier tr\u00e1nsito f\u00e1lico que ingrese a tu reci\u00e9n limpiada v\u00eda anal.<\/p>\n","protected":false},"excerpt":{"rendered":"<p>Si buscas una ducha vaginal de alta calidad para mantener tu juego anal limpio y saludable, entonces esta ducha vaginal extra grande es justo lo que necesitas. Llena la elegante ducha vaginal de silicona con agua tibia e introd\u00facela en tu ano antes de apretar la pera grande para liberar el l\u00edquido. Despu\u00e9s de la [&hellip;]<\/p>\n","protected":false},"featured_media":3435,"comment_status":"open","ping_status":"closed","template":"","meta":[],"product_brand":[],"product_cat":[35],"product_tag":[],"class_list":{"0":"post-3434","1":"product","2":"type-product","3":"status-publish","4":"has-post-thumbnail","6":"product_cat-anales","8":"first","9":"instock","10":"shipping-taxable","11":"purchasable","12":"product-type-simple"},"_links":{"self":[{"href":"https:\/\/tiendasamor.com\/index.php\/wp-json\/wp\/v2\/product\/3434","targetHints":{"allow":["GET"]}}],"collection":[{"href":"https:\/\/tiendasamor.com\/index.php\/wp-json\/wp\/v2\/product"}],"about":[{"href":"https:\/\/tiendasamor.com\/index.php\/wp-json\/wp\/v2\/types\/product"}],"replies":[{"embeddable":true,"href":"https:\/\/tiendasamor.com\/index.php\/wp-json\/wp\/v2\/comments?post=3434"}],"wp:featuredmedia":[{"embeddable":true,"href":"https:\/\/tiendasamor.com\/index.php\/wp-json\/wp\/v2\/media\/3435"}],"wp:attachment":[{"href":"https:\/\/tiendasamor.com\/index.php\/wp-json\/wp\/v2\/media?parent=3434"}],"wp:term":[{"taxonomy":"product_brand","embeddable":true,"href":"https:\/\/tiendasamor.com\/index.php\/wp-json\/wp\/v2\/product_brand?post=3434"},{"taxonomy":"product_cat","embeddable":true,"href":"https:\/\/tiendasamor.com\/index.php\/wp-json\/wp\/v2\/product_cat?post=3434"},{"taxonomy":"product_tag","embeddable":true,"href":"https:\/\/tiendasamor.com\/index.php\/wp-json\/wp\/v2\/product_tag?post=3434"}],"curies":[{"name":"wp","href":"https:\/\/api.w.org\/{rel}","templated":true}]}}