{"id":3421,"date":"2024-10-29T19:51:56","date_gmt":"2024-10-30T00:51:56","guid":{"rendered":"https:\/\/tiendasamor.com\/?post_type=product&#038;p=3421"},"modified":"2024-10-29T19:51:56","modified_gmt":"2024-10-30T00:51:56","slug":"g-spot-dual-stimulator","status":"publish","type":"product","link":"https:\/\/tiendasamor.com\/index.php\/producto\/g-spot-dual-stimulator\/","title":{"rendered":"G-SPOT DUAL STIMULATOR"},"content":{"rendered":"<p>Su forma ergon\u00f3mica tipo plug est\u00e1 dise\u00f1ada para deslizarse y mantenerse dentro de la persona que penetra, y tambi\u00e9n cuenta con un motor potente y silencioso que har\u00e1 que el dildo estimule a ambas personas, as\u00ed mismo posee una textura que recae sobre el clitoris de la persona que ejerce el acto de la penetraci\u00f3n. Con su dise\u00f1o anat\u00f3mico se har\u00e1 f\u00e1cil llegar al punto G y tendr\u00e1s una sesi\u00f3n m\u00e1s que realista. Olv\u00eddate de manipular tocando el juguete, su control remoto de largo alcance te permite disfrutar de sus 10 funciones de vibraci\u00f3n.<\/p>\n<ul>\n<li>Material suave y seguro silicona m\u00e9dica<\/li>\n<li>10 Funciones de vibraci\u00f3n, dos motores de vibraci\u00f3n, 5 bolas de masaje<\/li>\n<li>Motor potente y silencioso<\/li>\n<li>Vibrador recargable (Incluye cable USB)<\/li>\n<li>Resistente al agua<\/li>\n<li>Tama\u00f1o: 17,5cm x 3,5 cm.<\/li>\n<\/ul>\n","protected":false},"excerpt":{"rendered":"<p>Su forma ergon\u00f3mica tipo plug est\u00e1 dise\u00f1ada para deslizarse y mantenerse dentro de la persona que penetra, y tambi\u00e9n cuenta con un motor potente y silencioso que har\u00e1 que el dildo estimule a ambas personas, as\u00ed mismo posee una textura que recae sobre el clitoris de la persona que ejerce el acto de la penetraci\u00f3n. [&hellip;]<\/p>\n","protected":false},"featured_media":3422,"comment_status":"open","ping_status":"closed","template":"","meta":[],"product_brand":[],"product_cat":[35,44,43,27],"product_tag":[],"class_list":{"0":"post-3421","1":"product","2":"type-product","3":"status-publish","4":"has-post-thumbnail","6":"product_cat-anales","7":"product_cat-clitorales","8":"product_cat-rabbit","9":"product_cat-vibradores","11":"first","12":"instock","13":"shipping-taxable","14":"purchasable","15":"product-type-simple"},"_links":{"self":[{"href":"https:\/\/tiendasamor.com\/index.php\/wp-json\/wp\/v2\/product\/3421","targetHints":{"allow":["GET"]}}],"collection":[{"href":"https:\/\/tiendasamor.com\/index.php\/wp-json\/wp\/v2\/product"}],"about":[{"href":"https:\/\/tiendasamor.com\/index.php\/wp-json\/wp\/v2\/types\/product"}],"replies":[{"embeddable":true,"href":"https:\/\/tiendasamor.com\/index.php\/wp-json\/wp\/v2\/comments?post=3421"}],"wp:featuredmedia":[{"embeddable":true,"href":"https:\/\/tiendasamor.com\/index.php\/wp-json\/wp\/v2\/media\/3422"}],"wp:attachment":[{"href":"https:\/\/tiendasamor.com\/index.php\/wp-json\/wp\/v2\/media?parent=3421"}],"wp:term":[{"taxonomy":"product_brand","embeddable":true,"href":"https:\/\/tiendasamor.com\/index.php\/wp-json\/wp\/v2\/product_brand?post=3421"},{"taxonomy":"product_cat","embeddable":true,"href":"https:\/\/tiendasamor.com\/index.php\/wp-json\/wp\/v2\/product_cat?post=3421"},{"taxonomy":"product_tag","embeddable":true,"href":"https:\/\/tiendasamor.com\/index.php\/wp-json\/wp\/v2\/product_tag?post=3421"}],"curies":[{"name":"wp","href":"https:\/\/api.w.org\/{rel}","templated":true}]}}