{"id":3417,"date":"2024-10-21T18:41:24","date_gmt":"2024-10-21T23:41:24","guid":{"rendered":"https:\/\/tiendasamor.com\/?post_type=product&#038;p=3417"},"modified":"2024-10-21T18:41:24","modified_gmt":"2024-10-21T23:41:24","slug":"melody-woq-missile-rabit","status":"publish","type":"product","link":"https:\/\/tiendasamor.com\/index.php\/producto\/melody-woq-missile-rabit\/","title":{"rendered":"Melody &#8211; woq Missile Rabit"},"content":{"rendered":"<p>Fabricado en silicona hipoalerg\u00e9nica y aterciopelada. Tiene una cabeza ligeramente curvada, peque\u00f1as crestas en el eje y una pesta\u00f1a de estimulaci\u00f3n del cl\u00edtoris en forma de un divertido conejo con orejas. El mango est\u00e1 rematado con un inserto plateado. Puede controlar f\u00e1cilmente 10 funciones de vibraci\u00f3n en el controlador integrado. Longitud &#8211; 23,5 cm, di\u00e1metro &#8211; 3,6 cm<\/p>\n","protected":false},"excerpt":{"rendered":"<p>Fabricado en silicona hipoalerg\u00e9nica y aterciopelada. Tiene una cabeza ligeramente curvada, peque\u00f1as crestas en el eje y una pesta\u00f1a de estimulaci\u00f3n del cl\u00edtoris en forma de un divertido conejo con orejas. El mango est\u00e1 rematado con un inserto plateado. Puede controlar f\u00e1cilmente 10 funciones de vibraci\u00f3n en el controlador integrado. Longitud &#8211; 23,5 cm, di\u00e1metro [&hellip;]<\/p>\n","protected":false},"featured_media":3418,"comment_status":"open","ping_status":"closed","template":"","meta":[],"product_brand":[],"product_cat":[17,44,43,27],"product_tag":[],"class_list":{"0":"post-3417","1":"product","2":"type-product","3":"status-publish","4":"has-post-thumbnail","6":"product_cat-sin-categorizar","7":"product_cat-clitorales","8":"product_cat-rabbit","9":"product_cat-vibradores","11":"first","12":"instock","13":"shipping-taxable","14":"purchasable","15":"product-type-simple"},"_links":{"self":[{"href":"https:\/\/tiendasamor.com\/index.php\/wp-json\/wp\/v2\/product\/3417","targetHints":{"allow":["GET"]}}],"collection":[{"href":"https:\/\/tiendasamor.com\/index.php\/wp-json\/wp\/v2\/product"}],"about":[{"href":"https:\/\/tiendasamor.com\/index.php\/wp-json\/wp\/v2\/types\/product"}],"replies":[{"embeddable":true,"href":"https:\/\/tiendasamor.com\/index.php\/wp-json\/wp\/v2\/comments?post=3417"}],"wp:featuredmedia":[{"embeddable":true,"href":"https:\/\/tiendasamor.com\/index.php\/wp-json\/wp\/v2\/media\/3418"}],"wp:attachment":[{"href":"https:\/\/tiendasamor.com\/index.php\/wp-json\/wp\/v2\/media?parent=3417"}],"wp:term":[{"taxonomy":"product_brand","embeddable":true,"href":"https:\/\/tiendasamor.com\/index.php\/wp-json\/wp\/v2\/product_brand?post=3417"},{"taxonomy":"product_cat","embeddable":true,"href":"https:\/\/tiendasamor.com\/index.php\/wp-json\/wp\/v2\/product_cat?post=3417"},{"taxonomy":"product_tag","embeddable":true,"href":"https:\/\/tiendasamor.com\/index.php\/wp-json\/wp\/v2\/product_tag?post=3417"}],"curies":[{"name":"wp","href":"https:\/\/api.w.org\/{rel}","templated":true}]}}