{"id":3406,"date":"2024-10-09T18:20:58","date_gmt":"2024-10-09T23:20:58","guid":{"rendered":"https:\/\/tiendasamor.com\/?post_type=product&#038;p=3406"},"modified":"2024-10-09T18:23:13","modified_gmt":"2024-10-09T23:23:13","slug":"pretty-love-leopold","status":"publish","type":"product","link":"https:\/\/tiendasamor.com\/index.php\/producto\/pretty-love-leopold\/","title":{"rendered":"Pretty Love Leopold"},"content":{"rendered":"<p>Este dise\u00f1o de estimulaci\u00f3n lujosamente realista y empuje inimitable con vibraciones poderosas directamente a tus puntos dulces con 4 modos de vibraci\u00f3n diferentes y 4 modos de empuje, para una dicha alucinantemente combinada. Hecho de silicona suave y agradable para la piel, este vibrador recargable por USB ofrece tiempos de juego placenteros. \u00a1Con funci\u00f3n de memoria, siempre puedes encontrar tu configuraci\u00f3n favorita en cualquier momento! Tambi\u00e9n es completamente resistente al agua y est\u00e1 listo para saltar a la ba\u00f1era o la ducha con tus sesiones resbaladizas.<\/p>\n<ul class=\"goods_bnt_box goods_bnt_box_on\">\n<li class=\"clearfix\"><strong>Funci\u00f3n:<\/strong>\n<div>\n<div class=\"catt\"><a class=\"cattsel\" title=\"\" name=\"18954\"><\/a>4 funciones de vibraci\u00f3n\u00a0<a title=\"\" name=\"18955\"><\/a>4 configuraciones de empuje\u00a0<a title=\"\" name=\"25419\"><\/a>Funci\u00f3n de memoria<\/div>\n<\/div>\n<\/li>\n<li class=\"clearfix\"><strong>Fuerza:<\/strong>\n<div>\n<div class=\"catt\"><a class=\"cattsel\" title=\"\" name=\"18956\"><\/a>Recargable por USB<\/div>\n<\/div>\n<\/li>\n<li class=\"clearfix\"><strong>Material:<\/strong>\n<div>\n<div class=\"catt\"><a class=\"cattsel\" title=\"\" name=\"18957\"><\/a>Silicona<\/div>\n<\/div>\n<\/li>\n<li class=\"clearfix\"><strong>Color:<\/strong>\n<div>\n<div class=\"catt\"><a class=\"cattsel\" title=\"\" name=\"25418\"><\/a>0101S Rosa<\/div>\n<\/div>\n<\/li>\n<\/ul>\n","protected":false},"excerpt":{"rendered":"<p>Este dise\u00f1o de estimulaci\u00f3n lujosamente realista y empuje inimitable con vibraciones poderosas directamente a tus puntos dulces con 4 modos de vibraci\u00f3n diferentes y 4 modos de empuje, para una dicha alucinantemente combinada. Hecho de silicona suave y agradable para la piel, este vibrador recargable por USB ofrece tiempos de juego placenteros. \u00a1Con funci\u00f3n de [&hellip;]<\/p>\n","protected":false},"featured_media":3407,"comment_status":"open","ping_status":"closed","template":"","meta":[],"product_brand":[],"product_cat":[44,43,27],"product_tag":[],"class_list":{"0":"post-3406","1":"product","2":"type-product","3":"status-publish","4":"has-post-thumbnail","6":"product_cat-clitorales","7":"product_cat-rabbit","8":"product_cat-vibradores","10":"first","11":"instock","12":"shipping-taxable","13":"purchasable","14":"product-type-simple"},"_links":{"self":[{"href":"https:\/\/tiendasamor.com\/index.php\/wp-json\/wp\/v2\/product\/3406","targetHints":{"allow":["GET"]}}],"collection":[{"href":"https:\/\/tiendasamor.com\/index.php\/wp-json\/wp\/v2\/product"}],"about":[{"href":"https:\/\/tiendasamor.com\/index.php\/wp-json\/wp\/v2\/types\/product"}],"replies":[{"embeddable":true,"href":"https:\/\/tiendasamor.com\/index.php\/wp-json\/wp\/v2\/comments?post=3406"}],"wp:featuredmedia":[{"embeddable":true,"href":"https:\/\/tiendasamor.com\/index.php\/wp-json\/wp\/v2\/media\/3407"}],"wp:attachment":[{"href":"https:\/\/tiendasamor.com\/index.php\/wp-json\/wp\/v2\/media?parent=3406"}],"wp:term":[{"taxonomy":"product_brand","embeddable":true,"href":"https:\/\/tiendasamor.com\/index.php\/wp-json\/wp\/v2\/product_brand?post=3406"},{"taxonomy":"product_cat","embeddable":true,"href":"https:\/\/tiendasamor.com\/index.php\/wp-json\/wp\/v2\/product_cat?post=3406"},{"taxonomy":"product_tag","embeddable":true,"href":"https:\/\/tiendasamor.com\/index.php\/wp-json\/wp\/v2\/product_tag?post=3406"}],"curies":[{"name":"wp","href":"https:\/\/api.w.org\/{rel}","templated":true}]}}