{"id":3401,"date":"2024-10-09T18:12:13","date_gmt":"2024-10-09T23:12:13","guid":{"rendered":"https:\/\/tiendasamor.com\/?post_type=product&#038;p=3401"},"modified":"2024-10-09T18:12:13","modified_gmt":"2024-10-09T23:12:13","slug":"bolas-anales-elite-lovers-beads","status":"publish","type":"product","link":"https:\/\/tiendasamor.com\/index.php\/producto\/bolas-anales-elite-lovers-beads\/","title":{"rendered":"Bolas Anales Elite Lover\u2019s Beads"},"content":{"rendered":"<p>Hechas de silicona suave, el tama\u00f1o y el lazo al final aseguran una f\u00e1cil inserci\u00f3n y recuperaci\u00f3n.\u00a0 Perfectas para el comienzo de la exploraci\u00f3n anal, ser\u00edan un excelente regalo para que un amante env\u00ede una pista sutil.<\/p>\n<p>\u00a1Este juguete es seguro para el cuerpo y f\u00e1cil de limpiar! Simplemente l\u00e1vese con agua y jab\u00f3n tibia, o con su limpiador de juguetes favorito, antes y despu\u00e9s de cada uso. Seque con una toalla suave antes de guardar.<\/p>\n<p>Es aconsejable utilizar lubricante a la hora de los juegos anales.<\/p>\n<ul class=\"a-unordered-list a-vertical a-spacing-mini\">\n<li><span class=\"a-list-item\">Hecho de silicona suave y segura para el cuerpo<\/span><\/li>\n<li><span class=\"a-list-item\">El tama\u00f1o perfecto para principiantes y entrenamiento anal<\/span><\/li>\n<li>6 cuentas de tama\u00f1o creciente<\/li>\n<li>Estimula el perineo y la pr\u00f3stata<\/li>\n<li>F\u00e1cil uso y limpieza<\/li>\n<li>Largo total: 19 cm \u2013 Ancho: 1.1 cm a 3.2 cm<\/li>\n<\/ul>\n","protected":false},"excerpt":{"rendered":"<p>Hechas de silicona suave, el tama\u00f1o y el lazo al final aseguran una f\u00e1cil inserci\u00f3n y recuperaci\u00f3n.\u00a0 Perfectas para el comienzo de la exploraci\u00f3n anal, ser\u00edan un excelente regalo para que un amante env\u00ede una pista sutil. \u00a1Este juguete es seguro para el cuerpo y f\u00e1cil de limpiar! Simplemente l\u00e1vese con agua y jab\u00f3n tibia, [&hellip;]<\/p>\n","protected":false},"featured_media":3402,"comment_status":"open","ping_status":"closed","template":"","meta":[],"product_brand":[],"product_cat":[35],"product_tag":[],"class_list":{"0":"post-3401","1":"product","2":"type-product","3":"status-publish","4":"has-post-thumbnail","6":"product_cat-anales","8":"first","9":"instock","10":"shipping-taxable","11":"purchasable","12":"product-type-simple"},"_links":{"self":[{"href":"https:\/\/tiendasamor.com\/index.php\/wp-json\/wp\/v2\/product\/3401","targetHints":{"allow":["GET"]}}],"collection":[{"href":"https:\/\/tiendasamor.com\/index.php\/wp-json\/wp\/v2\/product"}],"about":[{"href":"https:\/\/tiendasamor.com\/index.php\/wp-json\/wp\/v2\/types\/product"}],"replies":[{"embeddable":true,"href":"https:\/\/tiendasamor.com\/index.php\/wp-json\/wp\/v2\/comments?post=3401"}],"wp:featuredmedia":[{"embeddable":true,"href":"https:\/\/tiendasamor.com\/index.php\/wp-json\/wp\/v2\/media\/3402"}],"wp:attachment":[{"href":"https:\/\/tiendasamor.com\/index.php\/wp-json\/wp\/v2\/media?parent=3401"}],"wp:term":[{"taxonomy":"product_brand","embeddable":true,"href":"https:\/\/tiendasamor.com\/index.php\/wp-json\/wp\/v2\/product_brand?post=3401"},{"taxonomy":"product_cat","embeddable":true,"href":"https:\/\/tiendasamor.com\/index.php\/wp-json\/wp\/v2\/product_cat?post=3401"},{"taxonomy":"product_tag","embeddable":true,"href":"https:\/\/tiendasamor.com\/index.php\/wp-json\/wp\/v2\/product_tag?post=3401"}],"curies":[{"name":"wp","href":"https:\/\/api.w.org\/{rel}","templated":true}]}}