{"id":3393,"date":"2024-10-09T17:53:33","date_gmt":"2024-10-09T22:53:33","guid":{"rendered":"https:\/\/tiendasamor.com\/?post_type=product&#038;p=3393"},"modified":"2024-10-09T17:59:01","modified_gmt":"2024-10-09T22:59:01","slug":"mr-play-anal-douche-blkmg","status":"publish","type":"product","link":"https:\/\/tiendasamor.com\/index.php\/producto\/mr-play-anal-douche-blkmg\/","title":{"rendered":"Mr Play Anal Douche Blkmg"},"content":{"rendered":"<p>Esta ducha anal de gran capacidad es adecuada tanto para principiantes como para usuarios experimentados, con una pera de f\u00e1cil presi\u00f3n y una boquilla flexible que tiene una curva ergon\u00f3mica para un uso c\u00f3modo y una limpieza precisa. El cabezal de la boquilla, perfectamente contorneado, roc\u00eda tu l\u00edquido limpiador preferido en m\u00faltiples direcciones para que puedas estar seguro de que obtendr\u00e1s una limpieza higi\u00e9nica superior en todo momento. \u00a1Solo agrega un poco de lubricante a base de agua, inserta y aprieta la pera flexible para sentir los chorros refrescantes que te limpian desde adentro!<\/p>\n","protected":false},"excerpt":{"rendered":"<p>Esta ducha anal de gran capacidad es adecuada tanto para principiantes como para usuarios experimentados, con una pera de f\u00e1cil presi\u00f3n y una boquilla flexible que tiene una curva ergon\u00f3mica para un uso c\u00f3modo y una limpieza precisa. El cabezal de la boquilla, perfectamente contorneado, roc\u00eda tu l\u00edquido limpiador preferido en m\u00faltiples direcciones para que [&hellip;]<\/p>\n","protected":false},"featured_media":3394,"comment_status":"open","ping_status":"closed","template":"","meta":[],"product_brand":[],"product_cat":[35],"product_tag":[],"class_list":{"0":"post-3393","1":"product","2":"type-product","3":"status-publish","4":"has-post-thumbnail","6":"product_cat-anales","8":"first","9":"instock","10":"shipping-taxable","11":"purchasable","12":"product-type-simple"},"_links":{"self":[{"href":"https:\/\/tiendasamor.com\/index.php\/wp-json\/wp\/v2\/product\/3393","targetHints":{"allow":["GET"]}}],"collection":[{"href":"https:\/\/tiendasamor.com\/index.php\/wp-json\/wp\/v2\/product"}],"about":[{"href":"https:\/\/tiendasamor.com\/index.php\/wp-json\/wp\/v2\/types\/product"}],"replies":[{"embeddable":true,"href":"https:\/\/tiendasamor.com\/index.php\/wp-json\/wp\/v2\/comments?post=3393"}],"wp:featuredmedia":[{"embeddable":true,"href":"https:\/\/tiendasamor.com\/index.php\/wp-json\/wp\/v2\/media\/3394"}],"wp:attachment":[{"href":"https:\/\/tiendasamor.com\/index.php\/wp-json\/wp\/v2\/media?parent=3393"}],"wp:term":[{"taxonomy":"product_brand","embeddable":true,"href":"https:\/\/tiendasamor.com\/index.php\/wp-json\/wp\/v2\/product_brand?post=3393"},{"taxonomy":"product_cat","embeddable":true,"href":"https:\/\/tiendasamor.com\/index.php\/wp-json\/wp\/v2\/product_cat?post=3393"},{"taxonomy":"product_tag","embeddable":true,"href":"https:\/\/tiendasamor.com\/index.php\/wp-json\/wp\/v2\/product_tag?post=3393"}],"curies":[{"name":"wp","href":"https:\/\/api.w.org\/{rel}","templated":true}]}}