{"id":3388,"date":"2024-10-09T17:30:38","date_gmt":"2024-10-09T22:30:38","guid":{"rendered":"https:\/\/tiendasamor.com\/?post_type=product&#038;p=3388"},"modified":"2024-10-09T17:35:13","modified_gmt":"2024-10-09T22:35:13","slug":"power-bullet-remote-control-vibrating-tongue","status":"publish","type":"product","link":"https:\/\/tiendasamor.com\/index.php\/producto\/power-bullet-remote-control-vibrating-tongue\/","title":{"rendered":"Power Bullet Remote Control Vibrating Tongue"},"content":{"rendered":"<p>Esta lengua vibratoria inal\u00e1mbrica e impermeable con 10 potentes funciones es lo suficientemente discreta para llevarla a cualquier parte y lo suficientemente fuerte para brindar sensaciones incre\u00edbles mientras viaja.<\/p>\n<div><\/div>\n<div>Con la lengua vibradora con control remoto de S&amp;T, tienes la opci\u00f3n de disfrutar de la lengua sola o usarla con el control remoto incluido. Viene con 10 funciones de vibraci\u00f3n, un hermoso acabado de silicona y la lengua es recargable y resistente al agua para que te diviertas bajo el agua. (Aseg\u00farate de mantener el control remoto fuera del agua, ya que no es resistente al agua).<\/div>\n<div><\/div>\n<div>La lengua vibratoria tiene un cuerpo ondulado con peque\u00f1os n\u00f3dulos de silicona en la punta para una estimulaci\u00f3n excitante.<\/div>\n","protected":false},"excerpt":{"rendered":"<p>Esta lengua vibratoria inal\u00e1mbrica e impermeable con 10 potentes funciones es lo suficientemente discreta para llevarla a cualquier parte y lo suficientemente fuerte para brindar sensaciones incre\u00edbles mientras viaja. Con la lengua vibradora con control remoto de S&amp;T, tienes la opci\u00f3n de disfrutar de la lengua sola o usarla con el control remoto incluido. Viene [&hellip;]<\/p>\n","protected":false},"featured_media":3389,"comment_status":"open","ping_status":"closed","template":"","meta":[],"product_brand":[],"product_cat":[44,18,43,27],"product_tag":[],"class_list":{"0":"post-3388","1":"product","2":"type-product","3":"status-publish","4":"has-post-thumbnail","6":"product_cat-clitorales","7":"product_cat-juguetes","8":"product_cat-rabbit","9":"product_cat-vibradores","11":"first","12":"instock","13":"shipping-taxable","14":"purchasable","15":"product-type-simple"},"_links":{"self":[{"href":"https:\/\/tiendasamor.com\/index.php\/wp-json\/wp\/v2\/product\/3388","targetHints":{"allow":["GET"]}}],"collection":[{"href":"https:\/\/tiendasamor.com\/index.php\/wp-json\/wp\/v2\/product"}],"about":[{"href":"https:\/\/tiendasamor.com\/index.php\/wp-json\/wp\/v2\/types\/product"}],"replies":[{"embeddable":true,"href":"https:\/\/tiendasamor.com\/index.php\/wp-json\/wp\/v2\/comments?post=3388"}],"wp:featuredmedia":[{"embeddable":true,"href":"https:\/\/tiendasamor.com\/index.php\/wp-json\/wp\/v2\/media\/3389"}],"wp:attachment":[{"href":"https:\/\/tiendasamor.com\/index.php\/wp-json\/wp\/v2\/media?parent=3388"}],"wp:term":[{"taxonomy":"product_brand","embeddable":true,"href":"https:\/\/tiendasamor.com\/index.php\/wp-json\/wp\/v2\/product_brand?post=3388"},{"taxonomy":"product_cat","embeddable":true,"href":"https:\/\/tiendasamor.com\/index.php\/wp-json\/wp\/v2\/product_cat?post=3388"},{"taxonomy":"product_tag","embeddable":true,"href":"https:\/\/tiendasamor.com\/index.php\/wp-json\/wp\/v2\/product_tag?post=3388"}],"curies":[{"name":"wp","href":"https:\/\/api.w.org\/{rel}","templated":true}]}}