{"id":3376,"date":"2024-10-09T16:50:35","date_gmt":"2024-10-09T21:50:35","guid":{"rendered":"https:\/\/tiendasamor.com\/?post_type=product&#038;p=3376"},"modified":"2024-10-09T16:50:35","modified_gmt":"2024-10-09T21:50:35","slug":"pretty-love-beck","status":"publish","type":"product","link":"https:\/\/tiendasamor.com\/index.php\/producto\/pretty-love-beck\/","title":{"rendered":"Pretty Love Beck"},"content":{"rendered":"<p>Para una intensa penetraci\u00f3n y estimulaci\u00f3n, el lujoso vibrador de silicona para el punto G est\u00e1 equipado para brindarte un placer incre\u00edble noche tras noche. La forma de este elegante y estiloso juguete es suave y ligeramente curvada con una cabeza similar a un pene para garantizar una estimulaci\u00f3n perfecta del punto G y del cl\u00edtoris. La silicona tiene un tacto aterciopelado de alta calidad que se deslizar\u00e1 sensualmente sobre tu piel. El mango es f\u00e1cil de sostener durante el uso y le da al juguete un aspecto hermoso. Este masajeador ofrece 10 funciones de intensidades de vibraci\u00f3n para que elijas. Experimenta el placer como nunca antes con este incre\u00edble masajeador.<\/p>\n","protected":false},"excerpt":{"rendered":"<p>Para una intensa penetraci\u00f3n y estimulaci\u00f3n, el lujoso vibrador de silicona para el punto G est\u00e1 equipado para brindarte un placer incre\u00edble noche tras noche. La forma de este elegante y estiloso juguete es suave y ligeramente curvada con una cabeza similar a un pene para garantizar una estimulaci\u00f3n perfecta del punto G y del [&hellip;]<\/p>\n","protected":false},"featured_media":3377,"comment_status":"open","ping_status":"closed","template":"","meta":[],"product_brand":[],"product_cat":[44,27],"product_tag":[],"class_list":{"0":"post-3376","1":"product","2":"type-product","3":"status-publish","4":"has-post-thumbnail","6":"product_cat-clitorales","7":"product_cat-vibradores","9":"first","10":"instock","11":"shipping-taxable","12":"purchasable","13":"product-type-simple"},"_links":{"self":[{"href":"https:\/\/tiendasamor.com\/index.php\/wp-json\/wp\/v2\/product\/3376","targetHints":{"allow":["GET"]}}],"collection":[{"href":"https:\/\/tiendasamor.com\/index.php\/wp-json\/wp\/v2\/product"}],"about":[{"href":"https:\/\/tiendasamor.com\/index.php\/wp-json\/wp\/v2\/types\/product"}],"replies":[{"embeddable":true,"href":"https:\/\/tiendasamor.com\/index.php\/wp-json\/wp\/v2\/comments?post=3376"}],"wp:featuredmedia":[{"embeddable":true,"href":"https:\/\/tiendasamor.com\/index.php\/wp-json\/wp\/v2\/media\/3377"}],"wp:attachment":[{"href":"https:\/\/tiendasamor.com\/index.php\/wp-json\/wp\/v2\/media?parent=3376"}],"wp:term":[{"taxonomy":"product_brand","embeddable":true,"href":"https:\/\/tiendasamor.com\/index.php\/wp-json\/wp\/v2\/product_brand?post=3376"},{"taxonomy":"product_cat","embeddable":true,"href":"https:\/\/tiendasamor.com\/index.php\/wp-json\/wp\/v2\/product_cat?post=3376"},{"taxonomy":"product_tag","embeddable":true,"href":"https:\/\/tiendasamor.com\/index.php\/wp-json\/wp\/v2\/product_tag?post=3376"}],"curies":[{"name":"wp","href":"https:\/\/api.w.org\/{rel}","templated":true}]}}