{"id":3349,"date":"2024-10-09T14:15:25","date_gmt":"2024-10-09T19:15:25","guid":{"rendered":"https:\/\/tiendasamor.com\/?post_type=product&#038;p=3349"},"modified":"2024-10-09T14:15:25","modified_gmt":"2024-10-09T19:15:25","slug":"au-naturel-miguel","status":"publish","type":"product","link":"https:\/\/tiendasamor.com\/index.php\/producto\/au-naturel-miguel\/","title":{"rendered":"Au Naturel Miguel"},"content":{"rendered":"<ul>\n<li>SENSA FEEL:\u00a0fabricado con la tecnolog\u00eda Sensa Feel\u00ae de doble densidad. Para una capa exterior suave y un n\u00facleo interior firme. Haciendo que el producto se sienta sensualmente suave pero r\u00edgido y erecto para un desempe\u00f1o y comodidad excepcionales<\/li>\n<li>COMODIDAD:\u00a0perfil delgado para una f\u00e1cil inserci\u00f3n y comodidad<\/li>\n<li>POTENCIA:\u00a0vibraciones potentes. M\u00faltiples configuraciones de velocidad ajustables convenientemente controladas por un giro del dial<\/li>\n<li>TRANQUILIDAD\u00a0\u2013 Hecho de TPE Body Safe. No contiene fragancias sint\u00e9ticas, ftalatos, parafinas ni l\u00e1tex. Cumple o supera los est\u00e1ndares internacionales de seguridad de productos. Es tu cuerpo. Ten en cuenta lo que le pones.<\/li>\n<\/ul>\n<p><strong>RECOMENDACIONES:<\/strong><\/p>\n<p>Se recomienda siempre lavar antes y despu\u00e9s de usar el juguete con jab\u00f3n l\u00edquido neutro de tu preferencia, y para mejores experiencias, no olvides colocar cualquier lubricante a base de agua.<\/p>\n","protected":false},"excerpt":{"rendered":"<p>SENSA FEEL:\u00a0fabricado con la tecnolog\u00eda Sensa Feel\u00ae de doble densidad. Para una capa exterior suave y un n\u00facleo interior firme. Haciendo que el producto se sienta sensualmente suave pero r\u00edgido y erecto para un desempe\u00f1o y comodidad excepcionales COMODIDAD:\u00a0perfil delgado para una f\u00e1cil inserci\u00f3n y comodidad POTENCIA:\u00a0vibraciones potentes. M\u00faltiples configuraciones de velocidad ajustables convenientemente controladas [&hellip;]<\/p>\n","protected":false},"featured_media":3350,"comment_status":"open","ping_status":"closed","template":"","meta":[],"product_brand":[],"product_cat":[27],"product_tag":[],"class_list":{"0":"post-3349","1":"product","2":"type-product","3":"status-publish","4":"has-post-thumbnail","6":"product_cat-vibradores","8":"first","9":"instock","10":"shipping-taxable","11":"purchasable","12":"product-type-simple"},"_links":{"self":[{"href":"https:\/\/tiendasamor.com\/index.php\/wp-json\/wp\/v2\/product\/3349","targetHints":{"allow":["GET"]}}],"collection":[{"href":"https:\/\/tiendasamor.com\/index.php\/wp-json\/wp\/v2\/product"}],"about":[{"href":"https:\/\/tiendasamor.com\/index.php\/wp-json\/wp\/v2\/types\/product"}],"replies":[{"embeddable":true,"href":"https:\/\/tiendasamor.com\/index.php\/wp-json\/wp\/v2\/comments?post=3349"}],"wp:featuredmedia":[{"embeddable":true,"href":"https:\/\/tiendasamor.com\/index.php\/wp-json\/wp\/v2\/media\/3350"}],"wp:attachment":[{"href":"https:\/\/tiendasamor.com\/index.php\/wp-json\/wp\/v2\/media?parent=3349"}],"wp:term":[{"taxonomy":"product_brand","embeddable":true,"href":"https:\/\/tiendasamor.com\/index.php\/wp-json\/wp\/v2\/product_brand?post=3349"},{"taxonomy":"product_cat","embeddable":true,"href":"https:\/\/tiendasamor.com\/index.php\/wp-json\/wp\/v2\/product_cat?post=3349"},{"taxonomy":"product_tag","embeddable":true,"href":"https:\/\/tiendasamor.com\/index.php\/wp-json\/wp\/v2\/product_tag?post=3349"}],"curies":[{"name":"wp","href":"https:\/\/api.w.org\/{rel}","templated":true}]}}