{"id":3342,"date":"2024-10-09T13:44:27","date_gmt":"2024-10-09T18:44:27","guid":{"rendered":"https:\/\/tiendasamor.com\/?post_type=product&#038;p=3342"},"modified":"2024-10-09T13:44:27","modified_gmt":"2024-10-09T18:44:27","slug":"dr-skin-cock-vibe-vibe-1","status":"publish","type":"product","link":"https:\/\/tiendasamor.com\/index.php\/producto\/dr-skin-cock-vibe-vibe-1\/","title":{"rendered":"Dr. Skin Cock Vibe Vibe 1"},"content":{"rendered":"<p>\u00a1Lleg\u00f3 el doctor! Novedades de Blush Dr. Skin Vibe # 1 es un vibrador realista de 9 pulgadas con protuberancias del cl\u00edtoris y base giratoria para vibraciones de varias velocidades. Su cabeza c\u00f3nica y su eje delgado se pueden insertar c\u00f3moda y f\u00e1cilmente. Creado para los principiantes y para los que se preocupan por los costos, Vibe # 1 est\u00e1 hecho de PVC sin ftalatos, que es c\u00f3modamente suave pero r\u00edgido para un juego vigoroso.<\/p>\n<p>vibraciones profundas y potentes controladas por un pr\u00e1ctico dial giratorio<br \/>\n\u2022 Cabezal c\u00f3nico y eje fino de excelente dise\u00f1o para una inserci\u00f3n f\u00e1cil y c\u00f3moda<br \/>\n\u2022 Sensaci\u00f3n suave y realista, con un cuerpo flexible.<br \/>\n\u2022 Hecho de materiales seguros para el cuerpo, cumple o excede los est\u00e1ndares internacionales de seguridad establecidos por las directivas CE y RoHS, libre de ftalato y l\u00e1tex.<\/p>\n<ul>\n<li>Material natural PVC no poroso<\/li>\n<li>F\u00e1cil uso y Limpieza<\/li>\n<li>No contiene fragancias, ftalatos, parafinas ni l\u00e1tex.<\/li>\n<li>Velocidad graduable mediante dial<\/li>\n<li>Modelo para principiantes<\/li>\n<li>Requiere 2 pilas AA<\/li>\n<li>Medidas Largo total 22 cm, largo insertable 19 cm y de ancho 4 cm.<\/li>\n<\/ul>\n","protected":false},"excerpt":{"rendered":"<p>\u00a1Lleg\u00f3 el doctor! Novedades de Blush Dr. Skin Vibe # 1 es un vibrador realista de 9 pulgadas con protuberancias del cl\u00edtoris y base giratoria para vibraciones de varias velocidades. Su cabeza c\u00f3nica y su eje delgado se pueden insertar c\u00f3moda y f\u00e1cilmente. Creado para los principiantes y para los que se preocupan por los [&hellip;]<\/p>\n","protected":false},"featured_media":3343,"comment_status":"open","ping_status":"closed","template":"","meta":[],"product_brand":[],"product_cat":[27],"product_tag":[],"class_list":{"0":"post-3342","1":"product","2":"type-product","3":"status-publish","4":"has-post-thumbnail","6":"product_cat-vibradores","8":"first","9":"instock","10":"shipping-taxable","11":"purchasable","12":"product-type-simple"},"_links":{"self":[{"href":"https:\/\/tiendasamor.com\/index.php\/wp-json\/wp\/v2\/product\/3342","targetHints":{"allow":["GET"]}}],"collection":[{"href":"https:\/\/tiendasamor.com\/index.php\/wp-json\/wp\/v2\/product"}],"about":[{"href":"https:\/\/tiendasamor.com\/index.php\/wp-json\/wp\/v2\/types\/product"}],"replies":[{"embeddable":true,"href":"https:\/\/tiendasamor.com\/index.php\/wp-json\/wp\/v2\/comments?post=3342"}],"wp:featuredmedia":[{"embeddable":true,"href":"https:\/\/tiendasamor.com\/index.php\/wp-json\/wp\/v2\/media\/3343"}],"wp:attachment":[{"href":"https:\/\/tiendasamor.com\/index.php\/wp-json\/wp\/v2\/media?parent=3342"}],"wp:term":[{"taxonomy":"product_brand","embeddable":true,"href":"https:\/\/tiendasamor.com\/index.php\/wp-json\/wp\/v2\/product_brand?post=3342"},{"taxonomy":"product_cat","embeddable":true,"href":"https:\/\/tiendasamor.com\/index.php\/wp-json\/wp\/v2\/product_cat?post=3342"},{"taxonomy":"product_tag","embeddable":true,"href":"https:\/\/tiendasamor.com\/index.php\/wp-json\/wp\/v2\/product_tag?post=3342"}],"curies":[{"name":"wp","href":"https:\/\/api.w.org\/{rel}","templated":true}]}}