{"id":3336,"date":"2024-10-08T18:07:29","date_gmt":"2024-10-08T23:07:29","guid":{"rendered":"https:\/\/tiendasamor.com\/?post_type=product&#038;p=3336"},"modified":"2024-10-08T18:12:02","modified_gmt":"2024-10-08T23:12:02","slug":"pretty-love-bomenico","status":"publish","type":"product","link":"https:\/\/tiendasamor.com\/index.php\/producto\/pretty-love-bomenico\/","title":{"rendered":"Pretty Love Bomenico"},"content":{"rendered":"<p>Este dise\u00f1o de estimulaci\u00f3n lujosamente realista y empuje inimitable con vibraciones poderosas directamente a tus puntos dulces con 4 modos de vibraci\u00f3n diferentes y 4 modos de empuje, para una dicha alucinantemente combinada. Hecho de silicona suave y agradable para la piel, este vibrador recargable por USB ofrece tiempos de juego placenteros. \u00a1Con funci\u00f3n de memoria, siempre puedes encontrar tu configuraci\u00f3n favorita en cualquier momento! Tambi\u00e9n es completamente resistente al agua y est\u00e1 listo para saltar al ba\u00f1o o la ducha con tus sesiones resbaladizas.<\/p>\n","protected":false},"excerpt":{"rendered":"<p>Este dise\u00f1o de estimulaci\u00f3n lujosamente realista y empuje inimitable con vibraciones poderosas directamente a tus puntos dulces con 4 modos de vibraci\u00f3n diferentes y 4 modos de empuje, para una dicha alucinantemente combinada. Hecho de silicona suave y agradable para la piel, este vibrador recargable por USB ofrece tiempos de juego placenteros. \u00a1Con funci\u00f3n de [&hellip;]<\/p>\n","protected":false},"featured_media":3337,"comment_status":"open","ping_status":"closed","template":"","meta":[],"product_brand":[],"product_cat":[44,43,27],"product_tag":[],"class_list":{"0":"post-3336","1":"product","2":"type-product","3":"status-publish","4":"has-post-thumbnail","6":"product_cat-clitorales","7":"product_cat-rabbit","8":"product_cat-vibradores","10":"first","11":"instock","12":"shipping-taxable","13":"purchasable","14":"product-type-simple"},"_links":{"self":[{"href":"https:\/\/tiendasamor.com\/index.php\/wp-json\/wp\/v2\/product\/3336","targetHints":{"allow":["GET"]}}],"collection":[{"href":"https:\/\/tiendasamor.com\/index.php\/wp-json\/wp\/v2\/product"}],"about":[{"href":"https:\/\/tiendasamor.com\/index.php\/wp-json\/wp\/v2\/types\/product"}],"replies":[{"embeddable":true,"href":"https:\/\/tiendasamor.com\/index.php\/wp-json\/wp\/v2\/comments?post=3336"}],"wp:featuredmedia":[{"embeddable":true,"href":"https:\/\/tiendasamor.com\/index.php\/wp-json\/wp\/v2\/media\/3337"}],"wp:attachment":[{"href":"https:\/\/tiendasamor.com\/index.php\/wp-json\/wp\/v2\/media?parent=3336"}],"wp:term":[{"taxonomy":"product_brand","embeddable":true,"href":"https:\/\/tiendasamor.com\/index.php\/wp-json\/wp\/v2\/product_brand?post=3336"},{"taxonomy":"product_cat","embeddable":true,"href":"https:\/\/tiendasamor.com\/index.php\/wp-json\/wp\/v2\/product_cat?post=3336"},{"taxonomy":"product_tag","embeddable":true,"href":"https:\/\/tiendasamor.com\/index.php\/wp-json\/wp\/v2\/product_tag?post=3336"}],"curies":[{"name":"wp","href":"https:\/\/api.w.org\/{rel}","templated":true}]}}