{"id":3331,"date":"2024-10-08T17:52:26","date_gmt":"2024-10-08T22:52:26","guid":{"rendered":"https:\/\/tiendasamor.com\/?post_type=product&#038;p=3331"},"modified":"2024-10-08T17:52:26","modified_gmt":"2024-10-08T22:52:26","slug":"dr-sking-cock-vibe-9-75-length","status":"publish","type":"product","link":"https:\/\/tiendasamor.com\/index.php\/producto\/dr-sking-cock-vibe-9-75-length\/","title":{"rendered":"Dr Sking Cock Vibe 9.75 Length"},"content":{"rendered":"<p>Caracter\u00edsticas:<br \/>\n1. Tama\u00f1o para el usuario experimentado y el hardcore. \u00a1Lleva tu juego anal al siguiente nivel!<br \/>\n2. Forma c\u00f3nica para una f\u00e1cil inserci\u00f3n.<br \/>\n3. La base ancha garantiza un c\u00f3modo retroceso y evita la \u00absobreinserci\u00f3n\u00bb.<\/p>\n<p>Especificaciones:<br \/>\nLongitud insertable: 15 cm.<br \/>\nCircunferencia: 5.75 pulgadas.<br \/>\nAncho: 1.70 pulgadas.<br \/>\nLongitud: 16 cm.<br \/>\nPeso del producto: 7.0 onzas.<br \/>\nSin ftalatos: s\u00ed.<br \/>\nMaterial: PVC.<\/p>\n","protected":false},"excerpt":{"rendered":"<p>Caracter\u00edsticas: 1. Tama\u00f1o para el usuario experimentado y el hardcore. \u00a1Lleva tu juego anal al siguiente nivel! 2. Forma c\u00f3nica para una f\u00e1cil inserci\u00f3n. 3. La base ancha garantiza un c\u00f3modo retroceso y evita la \u00absobreinserci\u00f3n\u00bb. Especificaciones: Longitud insertable: 15 cm. Circunferencia: 5.75 pulgadas. Ancho: 1.70 pulgadas. Longitud: 16 cm. Peso del producto: 7.0 onzas. [&hellip;]<\/p>\n","protected":false},"featured_media":3332,"comment_status":"open","ping_status":"closed","template":"","meta":[],"product_brand":[],"product_cat":[27],"product_tag":[],"class_list":{"0":"post-3331","1":"product","2":"type-product","3":"status-publish","4":"has-post-thumbnail","6":"product_cat-vibradores","8":"first","9":"instock","10":"shipping-taxable","11":"purchasable","12":"product-type-simple"},"_links":{"self":[{"href":"https:\/\/tiendasamor.com\/index.php\/wp-json\/wp\/v2\/product\/3331","targetHints":{"allow":["GET"]}}],"collection":[{"href":"https:\/\/tiendasamor.com\/index.php\/wp-json\/wp\/v2\/product"}],"about":[{"href":"https:\/\/tiendasamor.com\/index.php\/wp-json\/wp\/v2\/types\/product"}],"replies":[{"embeddable":true,"href":"https:\/\/tiendasamor.com\/index.php\/wp-json\/wp\/v2\/comments?post=3331"}],"wp:featuredmedia":[{"embeddable":true,"href":"https:\/\/tiendasamor.com\/index.php\/wp-json\/wp\/v2\/media\/3332"}],"wp:attachment":[{"href":"https:\/\/tiendasamor.com\/index.php\/wp-json\/wp\/v2\/media?parent=3331"}],"wp:term":[{"taxonomy":"product_brand","embeddable":true,"href":"https:\/\/tiendasamor.com\/index.php\/wp-json\/wp\/v2\/product_brand?post=3331"},{"taxonomy":"product_cat","embeddable":true,"href":"https:\/\/tiendasamor.com\/index.php\/wp-json\/wp\/v2\/product_cat?post=3331"},{"taxonomy":"product_tag","embeddable":true,"href":"https:\/\/tiendasamor.com\/index.php\/wp-json\/wp\/v2\/product_tag?post=3331"}],"curies":[{"name":"wp","href":"https:\/\/api.w.org\/{rel}","templated":true}]}}