{"id":3326,"date":"2024-10-08T17:49:56","date_gmt":"2024-10-08T22:49:56","guid":{"rendered":"https:\/\/tiendasamor.com\/?post_type=product&#038;p=3326"},"modified":"2024-10-08T17:49:56","modified_gmt":"2024-10-08T22:49:56","slug":"dr-skin-dave-7-length","status":"publish","type":"product","link":"https:\/\/tiendasamor.com\/index.php\/producto\/dr-skin-dave-7-length\/","title":{"rendered":"Dr.Skin Dave 7 Length"},"content":{"rendered":"<div class=\"product__block product__description rte\">\n<ul>\n<li>7,5 pulgadas de largo (7 pulgadas insertables) x 1,5 pulgadas de ancho<\/li>\n<li>Vibraciones de varias velocidades ajustables, base con ventosa, compatible con arn\u00e9s<\/li>\n<li>Probado con resistencia al agua IPX7 para una limpieza c\u00f3moda<\/li>\n<li>Requiere 2 pilas AA (no incluidas)<\/li>\n<li>Fabricado en PVC no poroso. No contiene fragancias, ftalatos, parafinas ni l\u00e1tex.<\/li>\n<\/ul>\n<p><strong>Descripci\u00f3n del producto<\/strong><\/p>\n<p>\u00a1El doctor ha llegado! El pene vibrador con ventosa de 7 pulgadas de Dr. Dave tiene como objetivo complacer con su tacto suave y realista. Las vibraciones de varias velocidades de este juguete son ajustables para que puedas encontrar el nivel adecuado de potencia para tu cuerpo. Con 7 pulgadas de longitud insertable y 1,5 pulgadas de grosor, Dr. Dave tiene el tama\u00f1o adecuado para el usuario que desea una circunferencia promedio y un poco m\u00e1s de longitud. Solo o con un compa\u00f1ero, aprovecha la base de ventosa profunda de Dr. Dave, que se adhiere a cualquier superficie lisa y plana para jugar con manos libres, y tambi\u00e9n es compatible con arn\u00e9s. F\u00e1cil de limpiar, Dr. Dave est\u00e1 hecho de PVC no poroso y seguro para el cuerpo: solo l\u00e1velo con un jab\u00f3n suave y agua, o con su limpiador de juguetes favorito, y d\u00e9jelo secar al aire. El vibrador requiere dos pilas AA (no incluidas).<\/p>\n<\/div>\n<div class=\"product__block\">\n<p><b>Color:<\/b>\u00a0Marr\u00f3n<\/p>\n<p><b>Material:<\/b>\u00a0PVC<\/p>\n<p><b>Longitud (pulgadas):<\/b>\u00a0insertable 7, 7,5<\/p>\n<p><b>Circunferencia (pulgadas):<\/b>\u00a04,75<\/p>\n<\/div>\n","protected":false},"excerpt":{"rendered":"<p>7,5 pulgadas de largo (7 pulgadas insertables) x 1,5 pulgadas de ancho Vibraciones de varias velocidades ajustables, base con ventosa, compatible con arn\u00e9s Probado con resistencia al agua IPX7 para una limpieza c\u00f3moda Requiere 2 pilas AA (no incluidas) Fabricado en PVC no poroso. No contiene fragancias, ftalatos, parafinas ni l\u00e1tex. Descripci\u00f3n del producto \u00a1El [&hellip;]<\/p>\n","protected":false},"featured_media":3327,"comment_status":"open","ping_status":"closed","template":"","meta":[],"product_brand":[],"product_cat":[27],"product_tag":[],"class_list":{"0":"post-3326","1":"product","2":"type-product","3":"status-publish","4":"has-post-thumbnail","6":"product_cat-vibradores","8":"first","9":"instock","10":"shipping-taxable","11":"purchasable","12":"product-type-simple"},"_links":{"self":[{"href":"https:\/\/tiendasamor.com\/index.php\/wp-json\/wp\/v2\/product\/3326","targetHints":{"allow":["GET"]}}],"collection":[{"href":"https:\/\/tiendasamor.com\/index.php\/wp-json\/wp\/v2\/product"}],"about":[{"href":"https:\/\/tiendasamor.com\/index.php\/wp-json\/wp\/v2\/types\/product"}],"replies":[{"embeddable":true,"href":"https:\/\/tiendasamor.com\/index.php\/wp-json\/wp\/v2\/comments?post=3326"}],"wp:featuredmedia":[{"embeddable":true,"href":"https:\/\/tiendasamor.com\/index.php\/wp-json\/wp\/v2\/media\/3327"}],"wp:attachment":[{"href":"https:\/\/tiendasamor.com\/index.php\/wp-json\/wp\/v2\/media?parent=3326"}],"wp:term":[{"taxonomy":"product_brand","embeddable":true,"href":"https:\/\/tiendasamor.com\/index.php\/wp-json\/wp\/v2\/product_brand?post=3326"},{"taxonomy":"product_cat","embeddable":true,"href":"https:\/\/tiendasamor.com\/index.php\/wp-json\/wp\/v2\/product_cat?post=3326"},{"taxonomy":"product_tag","embeddable":true,"href":"https:\/\/tiendasamor.com\/index.php\/wp-json\/wp\/v2\/product_tag?post=3326"}],"curies":[{"name":"wp","href":"https:\/\/api.w.org\/{rel}","templated":true}]}}