{"id":3319,"date":"2024-10-08T17:45:04","date_gmt":"2024-10-08T22:45:04","guid":{"rendered":"https:\/\/tiendasamor.com\/?post_type=product&#038;p=3319"},"modified":"2024-10-09T17:41:09","modified_gmt":"2024-10-09T22:41:09","slug":"pretty-love-colby","status":"publish","type":"product","link":"https:\/\/tiendasamor.com\/index.php\/producto\/pretty-love-colby\/","title":{"rendered":"Pretty Love Colby"},"content":{"rendered":"<p>Este vibrador est\u00e1 dise\u00f1ado con un cuerpo curvo para facilitar la inserci\u00f3n y apuntar directamente a tu Punto G. Sus\u00a012 funciones de vibraci\u00f3n te permitir\u00e1n variar en intensidad las cosquillas internas, y el estimulador de cl\u00edtoris perfectamente ubicado para darte ese plus que necesit\u00e1s para llegar al orgasmo.<\/p>\n<p><strong>Caracter\u00edsticas:<\/strong><\/p>\n<ul>\n<li>Vibrador Femenino<\/li>\n<li>Est\u00edmulo Punto G y Cl\u00edtoris<\/li>\n<li>12 funciones de vibraci\u00f3n<\/li>\n<li>Impermeable<\/li>\n<li>Cuerpo curvo, estimulaci\u00f3n focalizada<\/li>\n<li>Recargable por USB<\/li>\n<li>Material: Silicona \/ ABS<\/li>\n<li>Libre de Ftalatos<\/li>\n<\/ul>\n<p><strong>Medidas:\u00a0<\/strong>21,5 cm x 3,5 cm<\/p>\n","protected":false},"excerpt":{"rendered":"<p>Este vibrador est\u00e1 dise\u00f1ado con un cuerpo curvo para facilitar la inserci\u00f3n y apuntar directamente a tu Punto G. Sus\u00a012 funciones de vibraci\u00f3n te permitir\u00e1n variar en intensidad las cosquillas internas, y el estimulador de cl\u00edtoris perfectamente ubicado para darte ese plus que necesit\u00e1s para llegar al orgasmo. Caracter\u00edsticas: Vibrador Femenino Est\u00edmulo Punto G y [&hellip;]<\/p>\n","protected":false},"featured_media":3320,"comment_status":"open","ping_status":"closed","template":"","meta":[],"product_brand":[],"product_cat":[43,27],"product_tag":[],"class_list":{"0":"post-3319","1":"product","2":"type-product","3":"status-publish","4":"has-post-thumbnail","6":"product_cat-rabbit","7":"product_cat-vibradores","9":"first","10":"instock","11":"shipping-taxable","12":"purchasable","13":"product-type-simple"},"_links":{"self":[{"href":"https:\/\/tiendasamor.com\/index.php\/wp-json\/wp\/v2\/product\/3319","targetHints":{"allow":["GET"]}}],"collection":[{"href":"https:\/\/tiendasamor.com\/index.php\/wp-json\/wp\/v2\/product"}],"about":[{"href":"https:\/\/tiendasamor.com\/index.php\/wp-json\/wp\/v2\/types\/product"}],"replies":[{"embeddable":true,"href":"https:\/\/tiendasamor.com\/index.php\/wp-json\/wp\/v2\/comments?post=3319"}],"wp:featuredmedia":[{"embeddable":true,"href":"https:\/\/tiendasamor.com\/index.php\/wp-json\/wp\/v2\/media\/3320"}],"wp:attachment":[{"href":"https:\/\/tiendasamor.com\/index.php\/wp-json\/wp\/v2\/media?parent=3319"}],"wp:term":[{"taxonomy":"product_brand","embeddable":true,"href":"https:\/\/tiendasamor.com\/index.php\/wp-json\/wp\/v2\/product_brand?post=3319"},{"taxonomy":"product_cat","embeddable":true,"href":"https:\/\/tiendasamor.com\/index.php\/wp-json\/wp\/v2\/product_cat?post=3319"},{"taxonomy":"product_tag","embeddable":true,"href":"https:\/\/tiendasamor.com\/index.php\/wp-json\/wp\/v2\/product_tag?post=3319"}],"curies":[{"name":"wp","href":"https:\/\/api.w.org\/{rel}","templated":true}]}}