{"id":3297,"date":"2024-10-08T17:25:31","date_gmt":"2024-10-08T22:25:31","guid":{"rendered":"https:\/\/tiendasamor.com\/?post_type=product&#038;p=3297"},"modified":"2024-10-08T17:25:31","modified_gmt":"2024-10-08T22:25:31","slug":"naturally-yours-by-blush-vibrating-ding-dong","status":"publish","type":"product","link":"https:\/\/tiendasamor.com\/index.php\/producto\/naturally-yours-by-blush-vibrating-ding-dong\/","title":{"rendered":"Naturally Yours By Blush\u00ae Vibrating Ding Dong"},"content":{"rendered":"<p>Tama\u00f1o y forma perfectos para principiantes y personas de talla peque\u00f1a.<br \/>\nSu eje transparente se ve atractivo y limpio. La forma realista provoca<br \/>\norgasmos r\u00e1pidos en el usuario. Cuenta con una bala impermeable extra\u00edble con 10<br \/>\nfunciones de vibraci\u00f3n. Use la bala con o sin el consolador.<\/p>\n<p>Caracter\u00edsticas<\/p>\n<p>* Fabricado en TPE seguro para el cuerpo.<\/p>\n<p>* Libre de ftalatos y l\u00e1tex.<\/p>\n<p>* Juguete 3 en 1<\/p>\n<p>* 10 funciones de vibraci\u00f3n<\/p>\n<p>* Impermeable<\/p>\n<p>* Requiere 1 pila AAA<\/p>\n","protected":false},"excerpt":{"rendered":"<p>Tama\u00f1o y forma perfectos para principiantes y personas de talla peque\u00f1a. Su eje transparente se ve atractivo y limpio. La forma realista provoca orgasmos r\u00e1pidos en el usuario. Cuenta con una bala impermeable extra\u00edble con 10 funciones de vibraci\u00f3n. Use la bala con o sin el consolador. Caracter\u00edsticas * Fabricado en TPE seguro para el [&hellip;]<\/p>\n","protected":false},"featured_media":3298,"comment_status":"open","ping_status":"closed","template":"","meta":[],"product_brand":[],"product_cat":[27],"product_tag":[],"class_list":{"0":"post-3297","1":"product","2":"type-product","3":"status-publish","4":"has-post-thumbnail","6":"product_cat-vibradores","8":"first","9":"instock","10":"shipping-taxable","11":"purchasable","12":"product-type-simple"},"_links":{"self":[{"href":"https:\/\/tiendasamor.com\/index.php\/wp-json\/wp\/v2\/product\/3297","targetHints":{"allow":["GET"]}}],"collection":[{"href":"https:\/\/tiendasamor.com\/index.php\/wp-json\/wp\/v2\/product"}],"about":[{"href":"https:\/\/tiendasamor.com\/index.php\/wp-json\/wp\/v2\/types\/product"}],"replies":[{"embeddable":true,"href":"https:\/\/tiendasamor.com\/index.php\/wp-json\/wp\/v2\/comments?post=3297"}],"wp:featuredmedia":[{"embeddable":true,"href":"https:\/\/tiendasamor.com\/index.php\/wp-json\/wp\/v2\/media\/3298"}],"wp:attachment":[{"href":"https:\/\/tiendasamor.com\/index.php\/wp-json\/wp\/v2\/media?parent=3297"}],"wp:term":[{"taxonomy":"product_brand","embeddable":true,"href":"https:\/\/tiendasamor.com\/index.php\/wp-json\/wp\/v2\/product_brand?post=3297"},{"taxonomy":"product_cat","embeddable":true,"href":"https:\/\/tiendasamor.com\/index.php\/wp-json\/wp\/v2\/product_cat?post=3297"},{"taxonomy":"product_tag","embeddable":true,"href":"https:\/\/tiendasamor.com\/index.php\/wp-json\/wp\/v2\/product_tag?post=3297"}],"curies":[{"name":"wp","href":"https:\/\/api.w.org\/{rel}","templated":true}]}}