{"id":3284,"date":"2024-09-18T17:56:30","date_gmt":"2024-09-18T22:56:30","guid":{"rendered":"https:\/\/tiendasamor.com\/?post_type=product&#038;p=3284"},"modified":"2024-09-18T17:56:30","modified_gmt":"2024-09-18T22:56:30","slug":"extension-fantasy-x-tensions-perfect-de-2","status":"publish","type":"product","link":"https:\/\/tiendasamor.com\/index.php\/producto\/extension-fantasy-x-tensions-perfect-de-2\/","title":{"rendered":"Extensi\u00f3n Fantasy X-tensions Perfect de 2"},"content":{"rendered":"<p>Convierte tu pene en una m\u00e1quina de placer instant\u00e1neo con el incre\u00edble Fantasy X-tensions. Ahora puedes ser todo lo hombre que puedas ser y satisfacer a tu pareja con este potenciador de la erecci\u00f3n f\u00e1cil de usar. Desarrollado como una alternativa segura, asequible y no quir\u00fargica a los costosos procedimientos m\u00e9dicos y p\u00edldoras, tu Fantasy X-tension te dar\u00e1 el pene m\u00e1s grande, grueso y satisfactorio que jam\u00e1s hayas imaginado. Perfecto para hombres con disfunci\u00f3n er\u00e9ctil y problemas de rendimiento a medio camino, \u00a1tu nuevo potenciador brindar\u00e1 resultados que a ambos les encantar\u00e1n!<\/p>\n<p>Intensifica el placer para ambos con la extensi\u00f3n Perfect 2? con correa para test\u00edculos. Con la correa para test\u00edculos envuelta c\u00f3modamente alrededor de ti, prolongar\u00e1s la eyaculaci\u00f3n para el cl\u00edmax m\u00e1s explosivo que hayas imaginado. Tu pareja disfrutar\u00e1 de una penetraci\u00f3n m\u00e1s profunda con la extensi\u00f3n de 2? en la punta, mientras que el eje ultra realista te hace un 33% m\u00e1s grueso para ofrecer una sensaci\u00f3n m\u00e1s completa y un cl\u00edmax excepcional. Es s\u00faper el\u00e1stico para adaptarse a la mayor\u00eda de los tama\u00f1os, es lo suficientemente ajustado para ayudarte a durar m\u00e1s tiempo y el material Fanta Flesh s\u00faper suave se siente como una segunda piel, \u00a1solo que mejor!<\/p>\n<p>La limpieza es muy sencilla despu\u00e9s de la diversi\u00f3n con el limpiador de juguetes incluido y agua tibia. Talla \u00fanica.\u00a0<b>No es un cond\u00f3n.<\/b><\/p>\n<p>La extensi\u00f3n de 2\u2033 (51 mm)<br \/>\nagrega un 33 % de circunferencia La correa para bolas<br \/>\nFanta-Flesh ultra realista<br \/>\nprolonga la eyaculaci\u00f3n y mantiene la extensi\u00f3n en su lugar<br \/>\nSin ftalatos<br \/>\nIncluye lubricante y limpiador de juguetes GRATIS<\/p>\n<p><b>Medidas del art\u00edculo:<\/b><br \/>\nLargo: 7,5\u2033 (19 cm)<br \/>\nAncho: 1,75\u2033 (4,4 cm)<br \/>\nDi\u00e1metro interior: 1,1\u2033 (2,7 cm)<\/p>\n","protected":false},"excerpt":{"rendered":"<p>Convierte tu pene en una m\u00e1quina de placer instant\u00e1neo con el incre\u00edble Fantasy X-tensions. Ahora puedes ser todo lo hombre que puedas ser y satisfacer a tu pareja con este potenciador de la erecci\u00f3n f\u00e1cil de usar. Desarrollado como una alternativa segura, asequible y no quir\u00fargica a los costosos procedimientos m\u00e9dicos y p\u00edldoras, tu Fantasy [&hellip;]<\/p>\n","protected":false},"featured_media":3285,"comment_status":"open","ping_status":"closed","template":"","meta":[],"product_brand":[],"product_cat":[45],"product_tag":[],"class_list":{"0":"post-3284","1":"product","2":"type-product","3":"status-publish","4":"has-post-thumbnail","6":"product_cat-fundas-extensoras","8":"first","9":"instock","10":"shipping-taxable","11":"purchasable","12":"product-type-simple"},"_links":{"self":[{"href":"https:\/\/tiendasamor.com\/index.php\/wp-json\/wp\/v2\/product\/3284","targetHints":{"allow":["GET"]}}],"collection":[{"href":"https:\/\/tiendasamor.com\/index.php\/wp-json\/wp\/v2\/product"}],"about":[{"href":"https:\/\/tiendasamor.com\/index.php\/wp-json\/wp\/v2\/types\/product"}],"replies":[{"embeddable":true,"href":"https:\/\/tiendasamor.com\/index.php\/wp-json\/wp\/v2\/comments?post=3284"}],"wp:featuredmedia":[{"embeddable":true,"href":"https:\/\/tiendasamor.com\/index.php\/wp-json\/wp\/v2\/media\/3285"}],"wp:attachment":[{"href":"https:\/\/tiendasamor.com\/index.php\/wp-json\/wp\/v2\/media?parent=3284"}],"wp:term":[{"taxonomy":"product_brand","embeddable":true,"href":"https:\/\/tiendasamor.com\/index.php\/wp-json\/wp\/v2\/product_brand?post=3284"},{"taxonomy":"product_cat","embeddable":true,"href":"https:\/\/tiendasamor.com\/index.php\/wp-json\/wp\/v2\/product_cat?post=3284"},{"taxonomy":"product_tag","embeddable":true,"href":"https:\/\/tiendasamor.com\/index.php\/wp-json\/wp\/v2\/product_tag?post=3284"}],"curies":[{"name":"wp","href":"https:\/\/api.w.org\/{rel}","templated":true}]}}