{"id":3280,"date":"2024-09-18T17:53:22","date_gmt":"2024-09-18T22:53:22","guid":{"rendered":"https:\/\/tiendasamor.com\/?post_type=product&#038;p=3280"},"modified":"2024-09-18T17:53:22","modified_gmt":"2024-09-18T22:53:22","slug":"fantasy-x-tensions-perfect-3","status":"publish","type":"product","link":"https:\/\/tiendasamor.com\/index.php\/producto\/fantasy-x-tensions-perfect-3\/","title":{"rendered":"Fantasy X-tensions Perfect 3"},"content":{"rendered":"<p>Convierte tu pene en una m\u00e1quina de placer instant\u00e1nea con las incre\u00edbles tensiones Fantasy X. Ahora puedes ser todo el hombre que puedas ser y satisfacer a tu pareja con este potenciador de la erecci\u00f3n f\u00e1cil de usar. Desarrollado como una alternativa segura, asequible y no quir\u00fargica a los costosos procedimientos y p\u00edldoras m\u00e9dicas, su Fantasy X-tension le proporcionar\u00e1 la barra de placer m\u00e1s grande, gruesa y satisfactoria que haya imaginado. Perfecto para hombres con disfunci\u00f3n er\u00e9ctil y problemas de rendimiento intermedios, \u00a1su nuevo potenciador brindar\u00e1 resultados que a ambas parejas les encantar\u00e1n! La extensi\u00f3n Perfect 3 \u201ces una extensi\u00f3n personalizable que se puede recortar f\u00e1cilmente en la base para un ajuste perfecto. Es s\u00faper el\u00e1stica para acomodar la mayor\u00eda de los tama\u00f1os y lo suficientemente ajustada para ayudarlo a durar m\u00e1s tiempo. Su pareja disfrutar\u00e1 de una penetraci\u00f3n m\u00e1s profunda con la extensi\u00f3n 3\u201d en la punta, mientras que el eje ultra realista te hace 33% m\u00e1s grueso en todos lados. El material suave de Fanta Flesh se siente como una segunda piel, d\u00e1ndote la longitud, la circunferencia y la confianza que necesitas para satisfacer a tu amante.<\/p>\n<p>Una talla le queda a la mayor\u00eda. Esto no es un cond\u00f3n.<\/p>\n<p>Caracter\u00edsticas:<\/p>\n<p>Extensi\u00f3n de + 3 \u201c(76 mm)<br \/>\nAgrega 33% de circunferencia<br \/>\nFanta Flesh ultra realista<br \/>\nRecorte para un ajuste perfecto<\/p>\n<p>Detalles:<\/p>\n<p>Medidas del art\u00edculo: Largo: 9 \u201c(22.8 cm) Ancho: 1.75\u201d (4.4 cm) Di\u00e1metro interno: 1 \u201c(2.5 cm)<\/p>\n","protected":false},"excerpt":{"rendered":"<p>Convierte tu pene en una m\u00e1quina de placer instant\u00e1nea con las incre\u00edbles tensiones Fantasy X. Ahora puedes ser todo el hombre que puedas ser y satisfacer a tu pareja con este potenciador de la erecci\u00f3n f\u00e1cil de usar. Desarrollado como una alternativa segura, asequible y no quir\u00fargica a los costosos procedimientos y p\u00edldoras m\u00e9dicas, su [&hellip;]<\/p>\n","protected":false},"featured_media":3281,"comment_status":"open","ping_status":"closed","template":"","meta":[],"product_brand":[],"product_cat":[45],"product_tag":[],"class_list":{"0":"post-3280","1":"product","2":"type-product","3":"status-publish","4":"has-post-thumbnail","6":"product_cat-fundas-extensoras","8":"first","9":"instock","10":"shipping-taxable","11":"purchasable","12":"product-type-simple"},"_links":{"self":[{"href":"https:\/\/tiendasamor.com\/index.php\/wp-json\/wp\/v2\/product\/3280","targetHints":{"allow":["GET"]}}],"collection":[{"href":"https:\/\/tiendasamor.com\/index.php\/wp-json\/wp\/v2\/product"}],"about":[{"href":"https:\/\/tiendasamor.com\/index.php\/wp-json\/wp\/v2\/types\/product"}],"replies":[{"embeddable":true,"href":"https:\/\/tiendasamor.com\/index.php\/wp-json\/wp\/v2\/comments?post=3280"}],"wp:featuredmedia":[{"embeddable":true,"href":"https:\/\/tiendasamor.com\/index.php\/wp-json\/wp\/v2\/media\/3281"}],"wp:attachment":[{"href":"https:\/\/tiendasamor.com\/index.php\/wp-json\/wp\/v2\/media?parent=3280"}],"wp:term":[{"taxonomy":"product_brand","embeddable":true,"href":"https:\/\/tiendasamor.com\/index.php\/wp-json\/wp\/v2\/product_brand?post=3280"},{"taxonomy":"product_cat","embeddable":true,"href":"https:\/\/tiendasamor.com\/index.php\/wp-json\/wp\/v2\/product_cat?post=3280"},{"taxonomy":"product_tag","embeddable":true,"href":"https:\/\/tiendasamor.com\/index.php\/wp-json\/wp\/v2\/product_tag?post=3280"}],"curies":[{"name":"wp","href":"https:\/\/api.w.org\/{rel}","templated":true}]}}