{"id":3265,"date":"2024-09-18T17:36:44","date_gmt":"2024-09-18T22:36:44","guid":{"rendered":"https:\/\/tiendasamor.com\/?post_type=product&#038;p=3265"},"modified":"2024-09-18T17:41:20","modified_gmt":"2024-09-18T22:41:20","slug":"adonis-extension","status":"publish","type":"product","link":"https:\/\/tiendasamor.com\/index.php\/producto\/adonis-extension\/","title":{"rendered":"Adonis Extension"},"content":{"rendered":"<p><strong>FUNDAS ADONIS \u00ae EXTENSION:<\/strong>\u00a0\u00a0<span id=\"result_box\" lang=\"es\">Satisface a\u00a0\u00a0tu pareja aumentando el grosor y 5 cm m\u00e1s de longitud de tu pene. Sin duda, estimular\u00e1s todas sus zonas sensibles no alcanzadas antes. \u00a0Su textura exterior despertar\u00e1 las sensaciones internas de tu pareja, es una extensi\u00f3n dise\u00f1ada para hacerlos sentir el m\u00e1ximo placer. Es el\u00e1stica y su \u00a0cabeza s\u00f3lida agrega 5 cm m\u00e1s a la longitud total de tu pene. Su superficie es texturizada con esferas distribuidas a lo largo de la funda, col\u00f3cala\u00a0sobre tu pene erecto para un juego seguro y prolongado. Adem\u00e1s, con su acabado transparente,\u00a0t\u00fa y tu pareja, se beneficiar\u00e1n de una excitaci\u00f3n visual emocionante. Aplica una generosa cantidad de lubricante, a base de agua o el que prefieras, en la parte interna y externa de la funda para aumentar las sensaciones en ambos. \u00a1M\u00e1s grande es mejor!<\/span><\/p>\n<h3><strong>Caracter\u00edsticas:<\/strong><\/h3>\n<ul>\n<li>Extensi\u00f3n de pene\u00a0texturizado para aumentar la longitud del pene y el placer\u2026<\/li>\n<li>A\u00f1ade 5 cm a la longitud total y aumenta el grosor.<\/li>\n<li>La cabeza realista y la superficie exterior con textura aumentan la sensibilidad del receptor.<\/li>\n<li>Robusta y flexible para\u00a0m\u00e1xima comodidad<\/li>\n<li><span id=\"result_box\" lang=\"es\">Hecho de TPE de alta calidad.<\/span><\/li>\n<li><span id=\"result_box\" lang=\"es\">Seguro para usar con su lubricante favorito.<\/span><\/li>\n<li>Funda el\u00e1stica.<\/li>\n<li>Se ajusta a casi todas las tallas.<\/li>\n<li>Libre de ftalatos.<\/li>\n<li>Medidas: Longitud total: 16.5 cm y di\u00e1metro: 4 cm<\/li>\n<\/ul>\n","protected":false},"excerpt":{"rendered":"<p>FUNDAS ADONIS \u00ae EXTENSION:\u00a0\u00a0Satisface a\u00a0\u00a0tu pareja aumentando el grosor y 5 cm m\u00e1s de longitud de tu pene. Sin duda, estimular\u00e1s todas sus zonas sensibles no alcanzadas antes. \u00a0Su textura exterior despertar\u00e1 las sensaciones internas de tu pareja, es una extensi\u00f3n dise\u00f1ada para hacerlos sentir el m\u00e1ximo placer. Es el\u00e1stica y su \u00a0cabeza s\u00f3lida agrega [&hellip;]<\/p>\n","protected":false},"featured_media":3266,"comment_status":"open","ping_status":"closed","template":"","meta":[],"product_brand":[],"product_cat":[45],"product_tag":[],"class_list":{"0":"post-3265","1":"product","2":"type-product","3":"status-publish","4":"has-post-thumbnail","6":"product_cat-fundas-extensoras","8":"first","9":"instock","10":"shipping-taxable","11":"purchasable","12":"product-type-simple"},"_links":{"self":[{"href":"https:\/\/tiendasamor.com\/index.php\/wp-json\/wp\/v2\/product\/3265","targetHints":{"allow":["GET"]}}],"collection":[{"href":"https:\/\/tiendasamor.com\/index.php\/wp-json\/wp\/v2\/product"}],"about":[{"href":"https:\/\/tiendasamor.com\/index.php\/wp-json\/wp\/v2\/types\/product"}],"replies":[{"embeddable":true,"href":"https:\/\/tiendasamor.com\/index.php\/wp-json\/wp\/v2\/comments?post=3265"}],"wp:featuredmedia":[{"embeddable":true,"href":"https:\/\/tiendasamor.com\/index.php\/wp-json\/wp\/v2\/media\/3266"}],"wp:attachment":[{"href":"https:\/\/tiendasamor.com\/index.php\/wp-json\/wp\/v2\/media?parent=3265"}],"wp:term":[{"taxonomy":"product_brand","embeddable":true,"href":"https:\/\/tiendasamor.com\/index.php\/wp-json\/wp\/v2\/product_brand?post=3265"},{"taxonomy":"product_cat","embeddable":true,"href":"https:\/\/tiendasamor.com\/index.php\/wp-json\/wp\/v2\/product_cat?post=3265"},{"taxonomy":"product_tag","embeddable":true,"href":"https:\/\/tiendasamor.com\/index.php\/wp-json\/wp\/v2\/product_tag?post=3265"}],"curies":[{"name":"wp","href":"https:\/\/api.w.org\/{rel}","templated":true}]}}