{"id":3259,"date":"2024-08-28T19:02:15","date_gmt":"2024-08-29T00:02:15","guid":{"rendered":"https:\/\/tiendasamor.com\/?post_type=product&#038;p=3259"},"modified":"2024-08-28T19:02:15","modified_gmt":"2024-08-29T00:02:15","slug":"abuu","status":"publish","type":"product","link":"https:\/\/tiendasamor.com\/index.php\/producto\/abuu\/","title":{"rendered":"ABUU"},"content":{"rendered":"<p>Abuu es de los prost\u00e0ticos m\u00e0s vendidos en Bunny, sus 4 niveles bien parados m\u00e0s ese control que te ayudar\u00e0 a botar\u00a0 toda esa mala vibra.<br \/>\nMaterial: Silicona m\u00e8dica.<br \/>\nVibraciones: 10.<br \/>\nLargo total: 20.3cm.<br \/>\nInsertable: 16cm.<br \/>\nGrosor:3.5cm.<br \/>\nBater\u00eca: recargable USB.<\/p>\n","protected":false},"excerpt":{"rendered":"<p>Abuu es de los prost\u00e0ticos m\u00e0s vendidos en Bunny, sus 4 niveles bien parados m\u00e0s ese control que te ayudar\u00e0 a botar\u00a0 toda esa mala vibra. Material: Silicona m\u00e8dica. Vibraciones: 10. Largo total: 20.3cm. Insertable: 16cm. Grosor:3.5cm. Bater\u00eca: recargable USB.<\/p>\n","protected":false},"featured_media":3260,"comment_status":"open","ping_status":"closed","template":"","meta":[],"product_brand":[],"product_cat":[35,27],"product_tag":[],"class_list":{"0":"post-3259","1":"product","2":"type-product","3":"status-publish","4":"has-post-thumbnail","6":"product_cat-anales","7":"product_cat-vibradores","9":"first","10":"instock","11":"shipping-taxable","12":"purchasable","13":"product-type-simple"},"_links":{"self":[{"href":"https:\/\/tiendasamor.com\/index.php\/wp-json\/wp\/v2\/product\/3259","targetHints":{"allow":["GET"]}}],"collection":[{"href":"https:\/\/tiendasamor.com\/index.php\/wp-json\/wp\/v2\/product"}],"about":[{"href":"https:\/\/tiendasamor.com\/index.php\/wp-json\/wp\/v2\/types\/product"}],"replies":[{"embeddable":true,"href":"https:\/\/tiendasamor.com\/index.php\/wp-json\/wp\/v2\/comments?post=3259"}],"wp:featuredmedia":[{"embeddable":true,"href":"https:\/\/tiendasamor.com\/index.php\/wp-json\/wp\/v2\/media\/3260"}],"wp:attachment":[{"href":"https:\/\/tiendasamor.com\/index.php\/wp-json\/wp\/v2\/media?parent=3259"}],"wp:term":[{"taxonomy":"product_brand","embeddable":true,"href":"https:\/\/tiendasamor.com\/index.php\/wp-json\/wp\/v2\/product_brand?post=3259"},{"taxonomy":"product_cat","embeddable":true,"href":"https:\/\/tiendasamor.com\/index.php\/wp-json\/wp\/v2\/product_cat?post=3259"},{"taxonomy":"product_tag","embeddable":true,"href":"https:\/\/tiendasamor.com\/index.php\/wp-json\/wp\/v2\/product_tag?post=3259"}],"curies":[{"name":"wp","href":"https:\/\/api.w.org\/{rel}","templated":true}]}}