{"id":3248,"date":"2024-08-28T18:08:49","date_gmt":"2024-08-28T23:08:49","guid":{"rendered":"https:\/\/tiendasamor.com\/?post_type=product&#038;p=3248"},"modified":"2024-08-28T18:08:49","modified_gmt":"2024-08-28T23:08:49","slug":"basics-realistic-dildo-vibrator","status":"publish","type":"product","link":"https:\/\/tiendasamor.com\/index.php\/producto\/basics-realistic-dildo-vibrator\/","title":{"rendered":"Basics Realistic Dildo Vibrator"},"content":{"rendered":"<p>Este consolador es lo m\u00e1s parecido a una sesi\u00f3n de vapor con la piel real m\u00e1s ultra suave. El material es totalmente similar a la piel.<br \/>\nEste juguete tiene una base de ventosa que puede colocar en cualquier superficie lisa y dura para el viaje con manos libres de sus sue\u00f1os. Simplemente cubra su longitud con lubricante a base de agua y desl\u00edcelo sobre \u00e9l, inclin\u00e1ndolo para estimular sus zonas er\u00f3genas para un placer incre\u00edble.<br \/>\nPara una estimulaci\u00f3n a\u00fan mayor, viene con un controlador con cable delicado y hermoso, con velocidad graduable mediante dial. \u00a0\u00a1tan f\u00e1cil de usar! \u00a1Nunca te arrepentir\u00e1s de tener uno!<\/p>\n<ul>\n<li>Material natural TPE no poroso<\/li>\n<li>F\u00e1cil uso y Limpieza<\/li>\n<li>No contiene fragancias, ftalatos, parafinas ni l\u00e1tex.<\/li>\n<li>Velocidad graduable mediante dial<\/li>\n<li>Requiere 2 pilas AAA (No incluido)<\/li>\n<li>Flexible<\/li>\n<li>Impermeable<\/li>\n<li>Con bas\u00e9 de succi\u00f3n<\/li>\n<li>Largo: 20 cm<\/li>\n<li>Di\u00e1metro: 4.5 cm<\/li>\n<\/ul>\n","protected":false},"excerpt":{"rendered":"<p>Este consolador es lo m\u00e1s parecido a una sesi\u00f3n de vapor con la piel real m\u00e1s ultra suave. El material es totalmente similar a la piel. Este juguete tiene una base de ventosa que puede colocar en cualquier superficie lisa y dura para el viaje con manos libres de sus sue\u00f1os. Simplemente cubra su longitud [&hellip;]<\/p>\n","protected":false},"featured_media":3249,"comment_status":"open","ping_status":"closed","template":"","meta":[],"product_brand":[],"product_cat":[27],"product_tag":[],"class_list":{"0":"post-3248","1":"product","2":"type-product","3":"status-publish","4":"has-post-thumbnail","6":"product_cat-vibradores","8":"first","9":"instock","10":"shipping-taxable","11":"purchasable","12":"product-type-simple"},"_links":{"self":[{"href":"https:\/\/tiendasamor.com\/index.php\/wp-json\/wp\/v2\/product\/3248","targetHints":{"allow":["GET"]}}],"collection":[{"href":"https:\/\/tiendasamor.com\/index.php\/wp-json\/wp\/v2\/product"}],"about":[{"href":"https:\/\/tiendasamor.com\/index.php\/wp-json\/wp\/v2\/types\/product"}],"replies":[{"embeddable":true,"href":"https:\/\/tiendasamor.com\/index.php\/wp-json\/wp\/v2\/comments?post=3248"}],"wp:featuredmedia":[{"embeddable":true,"href":"https:\/\/tiendasamor.com\/index.php\/wp-json\/wp\/v2\/media\/3249"}],"wp:attachment":[{"href":"https:\/\/tiendasamor.com\/index.php\/wp-json\/wp\/v2\/media?parent=3248"}],"wp:term":[{"taxonomy":"product_brand","embeddable":true,"href":"https:\/\/tiendasamor.com\/index.php\/wp-json\/wp\/v2\/product_brand?post=3248"},{"taxonomy":"product_cat","embeddable":true,"href":"https:\/\/tiendasamor.com\/index.php\/wp-json\/wp\/v2\/product_cat?post=3248"},{"taxonomy":"product_tag","embeddable":true,"href":"https:\/\/tiendasamor.com\/index.php\/wp-json\/wp\/v2\/product_tag?post=3248"}],"curies":[{"name":"wp","href":"https:\/\/api.w.org\/{rel}","templated":true}]}}