{"id":3245,"date":"2024-08-28T18:00:32","date_gmt":"2024-08-28T23:00:32","guid":{"rendered":"https:\/\/tiendasamor.com\/?post_type=product&#038;p=3245"},"modified":"2024-08-28T18:02:10","modified_gmt":"2024-08-28T23:02:10","slug":"g-spot-beast-vibrator-dildo","status":"publish","type":"product","link":"https:\/\/tiendasamor.com\/index.php\/producto\/g-spot-beast-vibrator-dildo\/","title":{"rendered":"G-Spot Beast Vibrator Dildo"},"content":{"rendered":"<p>Material: TPE.\u00a0Tama\u00f1o del producto: 21,4 cm, 4 cm.\u00a0Peso del producto: 0,269 kg.\u00a0Caracter\u00edsticas: Antibacteriano, Vibraci\u00f3n de m\u00faltiples velocidades, Doble densidad.<\/p>\n<p>Los vibradores juegan un papel muy importante en la vida sexual de las personas.\u00a0Son un complemento al sexo normal, adem\u00e1s de sustituir las veladas de las mujeres solteras y aportar nuevos sentimientos.<\/p>\n<p>Los vibradores tambi\u00e9n tienen un efecto positivo en el cuerpo femenino, que es la prevenci\u00f3n del c\u00e1ncer y los trastornos nerviosos.\u00a0Estando solo podr\u00e1 relajarse y ser m\u00e1s libre para realizar sus fantas\u00edas secretas.<\/p>\n<p>&nbsp;<\/p>\n<p>&nbsp;<\/p>\n<p>&nbsp;<\/p>\n","protected":false},"excerpt":{"rendered":"<p>Material: TPE.\u00a0Tama\u00f1o del producto: 21,4 cm, 4 cm.\u00a0Peso del producto: 0,269 kg.\u00a0Caracter\u00edsticas: Antibacteriano, Vibraci\u00f3n de m\u00faltiples velocidades, Doble densidad. Los vibradores juegan un papel muy importante en la vida sexual de las personas.\u00a0Son un complemento al sexo normal, adem\u00e1s de sustituir las veladas de las mujeres solteras y aportar nuevos sentimientos. Los vibradores tambi\u00e9n tienen [&hellip;]<\/p>\n","protected":false},"featured_media":3246,"comment_status":"open","ping_status":"closed","template":"","meta":[],"product_brand":[],"product_cat":[27],"product_tag":[],"class_list":{"0":"post-3245","1":"product","2":"type-product","3":"status-publish","4":"has-post-thumbnail","6":"product_cat-vibradores","8":"first","9":"instock","10":"shipping-taxable","11":"purchasable","12":"product-type-simple"},"_links":{"self":[{"href":"https:\/\/tiendasamor.com\/index.php\/wp-json\/wp\/v2\/product\/3245","targetHints":{"allow":["GET"]}}],"collection":[{"href":"https:\/\/tiendasamor.com\/index.php\/wp-json\/wp\/v2\/product"}],"about":[{"href":"https:\/\/tiendasamor.com\/index.php\/wp-json\/wp\/v2\/types\/product"}],"replies":[{"embeddable":true,"href":"https:\/\/tiendasamor.com\/index.php\/wp-json\/wp\/v2\/comments?post=3245"}],"wp:featuredmedia":[{"embeddable":true,"href":"https:\/\/tiendasamor.com\/index.php\/wp-json\/wp\/v2\/media\/3246"}],"wp:attachment":[{"href":"https:\/\/tiendasamor.com\/index.php\/wp-json\/wp\/v2\/media?parent=3245"}],"wp:term":[{"taxonomy":"product_brand","embeddable":true,"href":"https:\/\/tiendasamor.com\/index.php\/wp-json\/wp\/v2\/product_brand?post=3245"},{"taxonomy":"product_cat","embeddable":true,"href":"https:\/\/tiendasamor.com\/index.php\/wp-json\/wp\/v2\/product_cat?post=3245"},{"taxonomy":"product_tag","embeddable":true,"href":"https:\/\/tiendasamor.com\/index.php\/wp-json\/wp\/v2\/product_tag?post=3245"}],"curies":[{"name":"wp","href":"https:\/\/api.w.org\/{rel}","templated":true}]}}