{"id":3225,"date":"2024-08-28T17:07:10","date_gmt":"2024-08-28T22:07:10","guid":{"rendered":"https:\/\/tiendasamor.com\/?post_type=product&#038;p=3225"},"modified":"2024-08-28T17:07:10","modified_gmt":"2024-08-28T22:07:10","slug":"matrix-mont-rainbow-gem-meatl-plug-m","status":"publish","type":"product","link":"https:\/\/tiendasamor.com\/index.php\/producto\/matrix-mont-rainbow-gem-meatl-plug-m\/","title":{"rendered":"MATRIX MONT Rainbow Gem Meatl Plug M"},"content":{"rendered":"<p>Plug anal de metal perfecto para principiantes. Cuenta con una base redonda con una joya en color rosa. Su punta es redondeada y su cuello alargado y delgado, perfecto para una inserci\u00f3n y extracci\u00f3n segura y c\u00f3moda.<\/p>\n<p>Caracter\u00edsticas:<\/p>\n<ul>\n<li>De metal<\/li>\n<li>Con joya redonda multicolor<\/li>\n<li>Plug multicolor<\/li>\n<li>Aleaci\u00f3n de aluminio + ABS<\/li>\n<li>Medidas: 8.2 cm x 3.3 cm<\/li>\n<\/ul>\n","protected":false},"excerpt":{"rendered":"<p>Plug anal de metal perfecto para principiantes. Cuenta con una base redonda con una joya en color rosa. Su punta es redondeada y su cuello alargado y delgado, perfecto para una inserci\u00f3n y extracci\u00f3n segura y c\u00f3moda. Caracter\u00edsticas: De metal Con joya redonda multicolor Plug multicolor Aleaci\u00f3n de aluminio + ABS Medidas: 8.2 cm x [&hellip;]<\/p>\n","protected":false},"featured_media":3226,"comment_status":"open","ping_status":"closed","template":"","meta":[],"product_brand":[],"product_cat":[35],"product_tag":[],"class_list":{"0":"post-3225","1":"product","2":"type-product","3":"status-publish","4":"has-post-thumbnail","6":"product_cat-anales","8":"first","9":"instock","10":"shipping-taxable","11":"purchasable","12":"product-type-simple"},"_links":{"self":[{"href":"https:\/\/tiendasamor.com\/index.php\/wp-json\/wp\/v2\/product\/3225","targetHints":{"allow":["GET"]}}],"collection":[{"href":"https:\/\/tiendasamor.com\/index.php\/wp-json\/wp\/v2\/product"}],"about":[{"href":"https:\/\/tiendasamor.com\/index.php\/wp-json\/wp\/v2\/types\/product"}],"replies":[{"embeddable":true,"href":"https:\/\/tiendasamor.com\/index.php\/wp-json\/wp\/v2\/comments?post=3225"}],"wp:featuredmedia":[{"embeddable":true,"href":"https:\/\/tiendasamor.com\/index.php\/wp-json\/wp\/v2\/media\/3226"}],"wp:attachment":[{"href":"https:\/\/tiendasamor.com\/index.php\/wp-json\/wp\/v2\/media?parent=3225"}],"wp:term":[{"taxonomy":"product_brand","embeddable":true,"href":"https:\/\/tiendasamor.com\/index.php\/wp-json\/wp\/v2\/product_brand?post=3225"},{"taxonomy":"product_cat","embeddable":true,"href":"https:\/\/tiendasamor.com\/index.php\/wp-json\/wp\/v2\/product_cat?post=3225"},{"taxonomy":"product_tag","embeddable":true,"href":"https:\/\/tiendasamor.com\/index.php\/wp-json\/wp\/v2\/product_tag?post=3225"}],"curies":[{"name":"wp","href":"https:\/\/api.w.org\/{rel}","templated":true}]}}