{"id":3213,"date":"2024-08-28T16:50:10","date_gmt":"2024-08-28T21:50:10","guid":{"rendered":"https:\/\/tiendasamor.com\/?post_type=product&#038;p=3213"},"modified":"2024-08-28T16:50:10","modified_gmt":"2024-08-28T21:50:10","slug":"pretty-love-darlene-youth","status":"publish","type":"product","link":"https:\/\/tiendasamor.com\/index.php\/producto\/pretty-love-darlene-youth\/","title":{"rendered":"Pretty Love Darlene Youth"},"content":{"rendered":"<p>Esta mini bala vibradora viene con 12 funciones. Especialmente cuando una chica necesita solo un poco de estimulaci\u00f3n adicional del cl\u00edtoris para ponerla en \u00e9xtasis puro y esta bala de m\u00faltiples velocidades, m\u00e1s silenciosa que la mayor\u00eda del mercado, tiene el poder de hacer el truco con solo la facilidad del dial.<\/p>\n<p>Ya sea que se trate de jugar con los pezones o el cl\u00edtoris o compartir estas sensaciones con su amante, \u00a1deje que esta bala la ayude a acelerar su pr\u00f3xima experiencia clim\u00e1tica!<\/p>\n","protected":false},"excerpt":{"rendered":"<p>Esta mini bala vibradora viene con 12 funciones. Especialmente cuando una chica necesita solo un poco de estimulaci\u00f3n adicional del cl\u00edtoris para ponerla en \u00e9xtasis puro y esta bala de m\u00faltiples velocidades, m\u00e1s silenciosa que la mayor\u00eda del mercado, tiene el poder de hacer el truco con solo la facilidad del dial. Ya sea que [&hellip;]<\/p>\n","protected":false},"featured_media":3214,"comment_status":"open","ping_status":"closed","template":"","meta":[],"product_brand":[],"product_cat":[40,44,27],"product_tag":[],"class_list":{"0":"post-3213","1":"product","2":"type-product","3":"status-publish","4":"has-post-thumbnail","6":"product_cat-bolas-chinas","7":"product_cat-clitorales","8":"product_cat-vibradores","10":"first","11":"instock","12":"shipping-taxable","13":"purchasable","14":"product-type-simple"},"_links":{"self":[{"href":"https:\/\/tiendasamor.com\/index.php\/wp-json\/wp\/v2\/product\/3213","targetHints":{"allow":["GET"]}}],"collection":[{"href":"https:\/\/tiendasamor.com\/index.php\/wp-json\/wp\/v2\/product"}],"about":[{"href":"https:\/\/tiendasamor.com\/index.php\/wp-json\/wp\/v2\/types\/product"}],"replies":[{"embeddable":true,"href":"https:\/\/tiendasamor.com\/index.php\/wp-json\/wp\/v2\/comments?post=3213"}],"wp:featuredmedia":[{"embeddable":true,"href":"https:\/\/tiendasamor.com\/index.php\/wp-json\/wp\/v2\/media\/3214"}],"wp:attachment":[{"href":"https:\/\/tiendasamor.com\/index.php\/wp-json\/wp\/v2\/media?parent=3213"}],"wp:term":[{"taxonomy":"product_brand","embeddable":true,"href":"https:\/\/tiendasamor.com\/index.php\/wp-json\/wp\/v2\/product_brand?post=3213"},{"taxonomy":"product_cat","embeddable":true,"href":"https:\/\/tiendasamor.com\/index.php\/wp-json\/wp\/v2\/product_cat?post=3213"},{"taxonomy":"product_tag","embeddable":true,"href":"https:\/\/tiendasamor.com\/index.php\/wp-json\/wp\/v2\/product_tag?post=3213"}],"curies":[{"name":"wp","href":"https:\/\/api.w.org\/{rel}","templated":true}]}}