{"id":3188,"date":"2024-08-28T16:19:12","date_gmt":"2024-08-28T21:19:12","guid":{"rendered":"https:\/\/tiendasamor.com\/?post_type=product&#038;p=3188"},"modified":"2024-08-28T16:19:12","modified_gmt":"2024-08-28T21:19:12","slug":"pretty-love-fitzgerald-masajeador","status":"publish","type":"product","link":"https:\/\/tiendasamor.com\/index.php\/producto\/pretty-love-fitzgerald-masajeador\/","title":{"rendered":"Pretty Love Fitzgerald Masajeador"},"content":{"rendered":"<p>Esta varita de silicona supersuave cuenta con 7 funciones de vibraci\u00f3n y 5 niveles de intensidad. La varita est\u00e1 incre\u00edblemente equipada para brindarte un placer intenso noche tras noche.<\/p>\n<p>El cabezal de la varita est\u00e1 hecho con una silicona supersuave de alta calidad que brinda una sensaci\u00f3n maravillosa, sexy y sedosa que te dejar\u00e1 completamente satisfecha toda la noche.<\/p>\n<p><a class=\"cattsel\" title=\"\" name=\"17143\"><\/a>7 funciones de vibraci\u00f3n<\/p>\n<p><a title=\"\" name=\"17144\"><\/a>5 niveles de control de velocidad<\/p>\n<p><a class=\"cattsel\" title=\"\" name=\"17145\"><\/a>Recargable por USB<\/p>\n<p><a title=\"\" name=\"21356\"><\/a>ABS\u00a0<a class=\"cattsel\" title=\"\" name=\"17146\"><\/a>de silicona<\/p>\n","protected":false},"excerpt":{"rendered":"<p>Esta varita de silicona supersuave cuenta con 7 funciones de vibraci\u00f3n y 5 niveles de intensidad. La varita est\u00e1 incre\u00edblemente equipada para brindarte un placer intenso noche tras noche. El cabezal de la varita est\u00e1 hecho con una silicona supersuave de alta calidad que brinda una sensaci\u00f3n maravillosa, sexy y sedosa que te dejar\u00e1 completamente [&hellip;]<\/p>\n","protected":false},"featured_media":3189,"comment_status":"open","ping_status":"closed","template":"","meta":[],"product_brand":[],"product_cat":[44,43,27],"product_tag":[],"class_list":{"0":"post-3188","1":"product","2":"type-product","3":"status-publish","4":"has-post-thumbnail","6":"product_cat-clitorales","7":"product_cat-rabbit","8":"product_cat-vibradores","10":"first","11":"instock","12":"shipping-taxable","13":"purchasable","14":"product-type-simple"},"_links":{"self":[{"href":"https:\/\/tiendasamor.com\/index.php\/wp-json\/wp\/v2\/product\/3188","targetHints":{"allow":["GET"]}}],"collection":[{"href":"https:\/\/tiendasamor.com\/index.php\/wp-json\/wp\/v2\/product"}],"about":[{"href":"https:\/\/tiendasamor.com\/index.php\/wp-json\/wp\/v2\/types\/product"}],"replies":[{"embeddable":true,"href":"https:\/\/tiendasamor.com\/index.php\/wp-json\/wp\/v2\/comments?post=3188"}],"wp:featuredmedia":[{"embeddable":true,"href":"https:\/\/tiendasamor.com\/index.php\/wp-json\/wp\/v2\/media\/3189"}],"wp:attachment":[{"href":"https:\/\/tiendasamor.com\/index.php\/wp-json\/wp\/v2\/media?parent=3188"}],"wp:term":[{"taxonomy":"product_brand","embeddable":true,"href":"https:\/\/tiendasamor.com\/index.php\/wp-json\/wp\/v2\/product_brand?post=3188"},{"taxonomy":"product_cat","embeddable":true,"href":"https:\/\/tiendasamor.com\/index.php\/wp-json\/wp\/v2\/product_cat?post=3188"},{"taxonomy":"product_tag","embeddable":true,"href":"https:\/\/tiendasamor.com\/index.php\/wp-json\/wp\/v2\/product_tag?post=3188"}],"curies":[{"name":"wp","href":"https:\/\/api.w.org\/{rel}","templated":true}]}}