{"id":3182,"date":"2024-08-28T16:14:17","date_gmt":"2024-08-28T21:14:17","guid":{"rendered":"https:\/\/tiendasamor.com\/?post_type=product&#038;p=3182"},"modified":"2024-08-28T16:14:17","modified_gmt":"2024-08-28T21:14:17","slug":"fascination-vibrador-rabbit","status":"publish","type":"product","link":"https:\/\/tiendasamor.com\/index.php\/producto\/fascination-vibrador-rabbit\/","title":{"rendered":"Fascination Vibrador Rabbit"},"content":{"rendered":"<p>Te gusta lento y er\u00f3tico, o r\u00e1pido y salvaje? No importa c\u00f3mo te guste la estimulaci\u00f3n, puedes tenerla exactamente como quieras. \u00a1Est\u00e1 dise\u00f1ado para excitar tu punto G, vagina y cl\u00edtoris al mismo tiempo para orgasmos que te dejar\u00e1n vagando por el espacio! Con la amplia variedad de modos de velocidad, rotaci\u00f3n y giro, puedes crear la combinaci\u00f3n perfecta de sensaciones que se adapten a todos tus deseos.<\/p>\n<p><a class=\"cattsel\" title=\"\" name=\"22899\"><\/a>12 funciones de vibraci\u00f3n<\/p>\n<p><a title=\"\" name=\"22900\"><\/a>4 funciones de rotaci\u00f3n<\/p>\n<p><a class=\"cattsel\" title=\"\" name=\"22901\"><\/a>4 pilas AA<\/p>\n","protected":false},"excerpt":{"rendered":"<p>Te gusta lento y er\u00f3tico, o r\u00e1pido y salvaje? No importa c\u00f3mo te guste la estimulaci\u00f3n, puedes tenerla exactamente como quieras. \u00a1Est\u00e1 dise\u00f1ado para excitar tu punto G, vagina y cl\u00edtoris al mismo tiempo para orgasmos que te dejar\u00e1n vagando por el espacio! Con la amplia variedad de modos de velocidad, rotaci\u00f3n y giro, puedes [&hellip;]<\/p>\n","protected":false},"featured_media":3183,"comment_status":"open","ping_status":"closed","template":"","meta":[],"product_brand":[],"product_cat":[44,43,27],"product_tag":[],"class_list":{"0":"post-3182","1":"product","2":"type-product","3":"status-publish","4":"has-post-thumbnail","6":"product_cat-clitorales","7":"product_cat-rabbit","8":"product_cat-vibradores","10":"first","11":"instock","12":"shipping-taxable","13":"purchasable","14":"product-type-simple"},"_links":{"self":[{"href":"https:\/\/tiendasamor.com\/index.php\/wp-json\/wp\/v2\/product\/3182","targetHints":{"allow":["GET"]}}],"collection":[{"href":"https:\/\/tiendasamor.com\/index.php\/wp-json\/wp\/v2\/product"}],"about":[{"href":"https:\/\/tiendasamor.com\/index.php\/wp-json\/wp\/v2\/types\/product"}],"replies":[{"embeddable":true,"href":"https:\/\/tiendasamor.com\/index.php\/wp-json\/wp\/v2\/comments?post=3182"}],"wp:featuredmedia":[{"embeddable":true,"href":"https:\/\/tiendasamor.com\/index.php\/wp-json\/wp\/v2\/media\/3183"}],"wp:attachment":[{"href":"https:\/\/tiendasamor.com\/index.php\/wp-json\/wp\/v2\/media?parent=3182"}],"wp:term":[{"taxonomy":"product_brand","embeddable":true,"href":"https:\/\/tiendasamor.com\/index.php\/wp-json\/wp\/v2\/product_brand?post=3182"},{"taxonomy":"product_cat","embeddable":true,"href":"https:\/\/tiendasamor.com\/index.php\/wp-json\/wp\/v2\/product_cat?post=3182"},{"taxonomy":"product_tag","embeddable":true,"href":"https:\/\/tiendasamor.com\/index.php\/wp-json\/wp\/v2\/product_tag?post=3182"}],"curies":[{"name":"wp","href":"https:\/\/api.w.org\/{rel}","templated":true}]}}