{"id":3176,"date":"2024-08-28T16:10:17","date_gmt":"2024-08-28T21:10:17","guid":{"rendered":"https:\/\/tiendasamor.com\/?post_type=product&#038;p=3176"},"modified":"2024-08-28T16:10:17","modified_gmt":"2024-08-28T21:10:17","slug":"womanizer-the-original-breathtaking-orgasms","status":"publish","type":"product","link":"https:\/\/tiendasamor.com\/index.php\/producto\/womanizer-the-original-breathtaking-orgasms\/","title":{"rendered":"Womanizer the original breathtaking orgasms"},"content":{"rendered":"<p>WOMANIZER Mini es perfecto para ti que has anhelado tener tu propio WOMANIZER y quieres probar si realmente son tan buenos como todos dicen. \u00a1Y s\u00ed, lo son!<\/p>\n<p>Con WOMANIZER Mini, obtienes la experiencia WOMANIZER, aunque en formato mini. Discreto y pr\u00e1ctico: WOMANIZER Mini es el modelo perfecto para principiantes que quieren descubrir y probar la tecnolog\u00eda \u00fanica Pleasure Air.<\/p>\n<p>Pleasure Air es la tecnolog\u00eda con la que comenz\u00f3 todo para WOMANIZER. Proporciona orgasmos impresionantes a trav\u00e9s de cambios espec\u00edficos en la presi\u00f3n del aire alrededor del cl\u00edtoris que se sienten como ondas intensas o suaves ondulaciones de puro placer.<\/p>\n<p>WOMANIZER Mini tiene 3 niveles de intensidad diferentes que puedes disfrutar y funciona con bater\u00edas que puedes reemplazar f\u00e1cilmente.<\/p>\n<p><b>ESPECIFICACIONES DEL PRODUCTO<\/b><\/p>\n<ul>\n<li>Material: ABS, silicona segura para el cuerpo.<\/li>\n<li>Funciona con: 2 pilas AAA (incluidas)<\/li>\n<li>No es impermeable<\/li>\n<li>Medidas del producto: 5 x 11 x 5cm<\/li>\n<li>Peso del producto: 88 g (con pilas)<\/li>\n<\/ul>\n","protected":false},"excerpt":{"rendered":"<p>WOMANIZER Mini es perfecto para ti que has anhelado tener tu propio WOMANIZER y quieres probar si realmente son tan buenos como todos dicen. \u00a1Y s\u00ed, lo son! Con WOMANIZER Mini, obtienes la experiencia WOMANIZER, aunque en formato mini. Discreto y pr\u00e1ctico: WOMANIZER Mini es el modelo perfecto para principiantes que quieren descubrir y probar [&hellip;]<\/p>\n","protected":false},"featured_media":3177,"comment_status":"open","ping_status":"closed","template":"","meta":[],"product_brand":[],"product_cat":[44,43,27],"product_tag":[],"class_list":{"0":"post-3176","1":"product","2":"type-product","3":"status-publish","4":"has-post-thumbnail","6":"product_cat-clitorales","7":"product_cat-rabbit","8":"product_cat-vibradores","10":"first","11":"instock","12":"shipping-taxable","13":"purchasable","14":"product-type-simple"},"_links":{"self":[{"href":"https:\/\/tiendasamor.com\/index.php\/wp-json\/wp\/v2\/product\/3176","targetHints":{"allow":["GET"]}}],"collection":[{"href":"https:\/\/tiendasamor.com\/index.php\/wp-json\/wp\/v2\/product"}],"about":[{"href":"https:\/\/tiendasamor.com\/index.php\/wp-json\/wp\/v2\/types\/product"}],"replies":[{"embeddable":true,"href":"https:\/\/tiendasamor.com\/index.php\/wp-json\/wp\/v2\/comments?post=3176"}],"wp:featuredmedia":[{"embeddable":true,"href":"https:\/\/tiendasamor.com\/index.php\/wp-json\/wp\/v2\/media\/3177"}],"wp:attachment":[{"href":"https:\/\/tiendasamor.com\/index.php\/wp-json\/wp\/v2\/media?parent=3176"}],"wp:term":[{"taxonomy":"product_brand","embeddable":true,"href":"https:\/\/tiendasamor.com\/index.php\/wp-json\/wp\/v2\/product_brand?post=3176"},{"taxonomy":"product_cat","embeddable":true,"href":"https:\/\/tiendasamor.com\/index.php\/wp-json\/wp\/v2\/product_cat?post=3176"},{"taxonomy":"product_tag","embeddable":true,"href":"https:\/\/tiendasamor.com\/index.php\/wp-json\/wp\/v2\/product_tag?post=3176"}],"curies":[{"name":"wp","href":"https:\/\/api.w.org\/{rel}","templated":true}]}}