{"id":3170,"date":"2024-08-28T16:06:22","date_gmt":"2024-08-28T21:06:22","guid":{"rendered":"https:\/\/tiendasamor.com\/?post_type=product&#038;p=3170"},"modified":"2024-08-28T16:06:22","modified_gmt":"2024-08-28T21:06:22","slug":"dynamo-delay","status":"publish","type":"product","link":"https:\/\/tiendasamor.com\/index.php\/producto\/dynamo-delay\/","title":{"rendered":"Dynamo Delay"},"content":{"rendered":"<ul>\n<li>El spray desensibilizador genital masculino ayuda a prolongar temporalmente el tiempo hasta la eyaculaci\u00f3n.<\/li>\n<li>Lidoca\u00edna USP 13% (aproximadamente 10 mg por pulverizaci\u00f3n)<\/li>\n<li>Seguro y eficaz. Cl\u00ednicamente probado<\/li>\n<li>No produce irritacion<\/li>\n<\/ul>\n<p>Ayuda a las parejas a disfrutar de relaciones sexuales m\u00e1s prolongadas con una f\u00f3rmula cl\u00ednicamente probada y de acci\u00f3n r\u00e1pida que brinda resultados seguros y efectivos. Este spray no irritante prolonga temporalmente el tiempo hasta la eyaculaci\u00f3n usando una f\u00f3rmula concentrada de lidoca\u00edna al 13% que proporciona una sensaci\u00f3n anest\u00e9sica t\u00f3pica que funciona en minutos y dura horas. \u00a1Mejore la resistencia y prolongue el placer!<\/p>\n<ul>\n<li>35% m\u00e1s concentrado.<\/li>\n<li>50% m\u00e1s de producto.<\/li>\n<li>M\u00e1s del DOBLE de los aerosoles por botella.<\/li>\n<li>270 + pulverizaciones.<\/li>\n<\/ul>\n<p>aumente la resistencia y prolongue el placer con Dynamo Delay: \u00a1el spray desensibilizador genital masculino m\u00e1s potente del mercado!<\/p>\n","protected":false},"excerpt":{"rendered":"<p>El spray desensibilizador genital masculino ayuda a prolongar temporalmente el tiempo hasta la eyaculaci\u00f3n. Lidoca\u00edna USP 13% (aproximadamente 10 mg por pulverizaci\u00f3n) Seguro y eficaz. Cl\u00ednicamente probado No produce irritacion Ayuda a las parejas a disfrutar de relaciones sexuales m\u00e1s prolongadas con una f\u00f3rmula cl\u00ednicamente probada y de acci\u00f3n r\u00e1pida que brinda resultados seguros y [&hellip;]<\/p>\n","protected":false},"featured_media":3171,"comment_status":"open","ping_status":"closed","template":"","meta":[],"product_brand":[],"product_cat":[21,48],"product_tag":[],"class_list":{"0":"post-3170","1":"product","2":"type-product","3":"status-publish","4":"has-post-thumbnail","6":"product_cat-potencia-sexual","7":"product_cat-retardantes","9":"first","10":"instock","11":"shipping-taxable","12":"purchasable","13":"product-type-simple"},"_links":{"self":[{"href":"https:\/\/tiendasamor.com\/index.php\/wp-json\/wp\/v2\/product\/3170","targetHints":{"allow":["GET"]}}],"collection":[{"href":"https:\/\/tiendasamor.com\/index.php\/wp-json\/wp\/v2\/product"}],"about":[{"href":"https:\/\/tiendasamor.com\/index.php\/wp-json\/wp\/v2\/types\/product"}],"replies":[{"embeddable":true,"href":"https:\/\/tiendasamor.com\/index.php\/wp-json\/wp\/v2\/comments?post=3170"}],"wp:featuredmedia":[{"embeddable":true,"href":"https:\/\/tiendasamor.com\/index.php\/wp-json\/wp\/v2\/media\/3171"}],"wp:attachment":[{"href":"https:\/\/tiendasamor.com\/index.php\/wp-json\/wp\/v2\/media?parent=3170"}],"wp:term":[{"taxonomy":"product_brand","embeddable":true,"href":"https:\/\/tiendasamor.com\/index.php\/wp-json\/wp\/v2\/product_brand?post=3170"},{"taxonomy":"product_cat","embeddable":true,"href":"https:\/\/tiendasamor.com\/index.php\/wp-json\/wp\/v2\/product_cat?post=3170"},{"taxonomy":"product_tag","embeddable":true,"href":"https:\/\/tiendasamor.com\/index.php\/wp-json\/wp\/v2\/product_tag?post=3170"}],"curies":[{"name":"wp","href":"https:\/\/api.w.org\/{rel}","templated":true}]}}