{"id":3161,"date":"2024-08-28T15:53:06","date_gmt":"2024-08-28T20:53:06","guid":{"rendered":"https:\/\/tiendasamor.com\/?post_type=product&#038;p=3161"},"modified":"2024-08-28T15:53:06","modified_gmt":"2024-08-28T20:53:06","slug":"poppin-rock-candy-caramelo-sexual-explosivo-2","status":"publish","type":"product","link":"https:\/\/tiendasamor.com\/index.php\/producto\/poppin-rock-candy-caramelo-sexual-explosivo-2\/","title":{"rendered":"Poppin Rock Candy: caramelo sexual explosivo"},"content":{"rendered":"<p>Poppin\u2019 Rock Candy, el primer producto comestible de nuestra galardonada l\u00ednea de juguetes sexuales inspirados en los dulces.<\/p>\n<p>Dise\u00f1ado por los confiteros de Rock Candy, Poppin\u2019 Rock Candy aporta un elemento explosivo al sexo oral para parejas con sabores \u00fanicos y aut\u00e9nticos, \u00a1ofreciendo algo para todos los gustos! Ideal para usar durante el sexo oral en pareja (antes de las relaciones sexuales), un paquete de Poppin\u2019 Rock Candy es una manera sencilla de electrizar el juego en el dormitorio en un instante.<\/p>\n<p>Los dulces cristales de caramelo crean una sensaci\u00f3n efervescente de peque\u00f1as burbujas explosivas cuando tocan la lengua: use una peque\u00f1a cantidad o el paquete completo para endulzar el sexo oral y\/o los besos.<\/p>\n<p>\u2013 Uso recomendado: antes de la relaci\u00f3n sexual<br \/>\n\u2013 Recomendamos limpiar los restos de caramelo\/residuos antes de la penetraci\u00f3n<br \/>\n\u2013 Se vende solo como novedad<br \/>\n\u2013 Si se produce alguna molestia, suspenda su uso<\/p>\n","protected":false},"excerpt":{"rendered":"<p>Poppin\u2019 Rock Candy, el primer producto comestible de nuestra galardonada l\u00ednea de juguetes sexuales inspirados en los dulces. Dise\u00f1ado por los confiteros de Rock Candy, Poppin\u2019 Rock Candy aporta un elemento explosivo al sexo oral para parejas con sabores \u00fanicos y aut\u00e9nticos, \u00a1ofreciendo algo para todos los gustos! Ideal para usar durante el sexo oral [&hellip;]<\/p>\n","protected":false},"featured_media":3162,"comment_status":"open","ping_status":"closed","template":"","meta":[],"product_brand":[],"product_cat":[64],"product_tag":[],"class_list":{"0":"post-3161","1":"product","2":"type-product","3":"status-publish","4":"has-post-thumbnail","6":"product_cat-excitantes","8":"first","9":"instock","10":"shipping-taxable","11":"purchasable","12":"product-type-simple"},"_links":{"self":[{"href":"https:\/\/tiendasamor.com\/index.php\/wp-json\/wp\/v2\/product\/3161","targetHints":{"allow":["GET"]}}],"collection":[{"href":"https:\/\/tiendasamor.com\/index.php\/wp-json\/wp\/v2\/product"}],"about":[{"href":"https:\/\/tiendasamor.com\/index.php\/wp-json\/wp\/v2\/types\/product"}],"replies":[{"embeddable":true,"href":"https:\/\/tiendasamor.com\/index.php\/wp-json\/wp\/v2\/comments?post=3161"}],"wp:featuredmedia":[{"embeddable":true,"href":"https:\/\/tiendasamor.com\/index.php\/wp-json\/wp\/v2\/media\/3162"}],"wp:attachment":[{"href":"https:\/\/tiendasamor.com\/index.php\/wp-json\/wp\/v2\/media?parent=3161"}],"wp:term":[{"taxonomy":"product_brand","embeddable":true,"href":"https:\/\/tiendasamor.com\/index.php\/wp-json\/wp\/v2\/product_brand?post=3161"},{"taxonomy":"product_cat","embeddable":true,"href":"https:\/\/tiendasamor.com\/index.php\/wp-json\/wp\/v2\/product_cat?post=3161"},{"taxonomy":"product_tag","embeddable":true,"href":"https:\/\/tiendasamor.com\/index.php\/wp-json\/wp\/v2\/product_tag?post=3161"}],"curies":[{"name":"wp","href":"https:\/\/api.w.org\/{rel}","templated":true}]}}