{"id":3133,"date":"2024-08-28T15:09:57","date_gmt":"2024-08-28T20:09:57","guid":{"rendered":"https:\/\/tiendasamor.com\/?post_type=product&#038;p=3133"},"modified":"2024-08-28T15:13:54","modified_gmt":"2024-08-28T20:13:54","slug":"pretty-love-anal-douche-blkm7","status":"publish","type":"product","link":"https:\/\/tiendasamor.com\/index.php\/producto\/pretty-love-anal-douche-blkm7\/","title":{"rendered":"Pretty Love Anal Douche BLKM7"},"content":{"rendered":"<p>\u00a1Este enema anal de gran capacidad es ideal tanto para principiantes como para usuarios experimentados! Cuenta con una bombilla de mano f\u00e1cil de apretar y una boquilla flexible ergon\u00f3micamente curvada para un uso c\u00f3modo y una limpieza precisa. La boquilla perfectamente contorneada roc\u00eda tu l\u00edquido de limpieza preferido en m\u00faltiples direcciones, asegurando una limpieza higi\u00e9nicamente superior en cada uso. Solo agrega un poco de lubricante a base de agua, inserta y aprieta la boquilla para sentir los refrescantes chorros limpiarte desde el interior.<\/p>\n<p>Caracter\u00edsticas:<\/p>\n<ul>\n<li>Capacidad de 330 ml<\/li>\n<li>F\u00e1cil de usar<\/li>\n<li>Materiales m\u00e9dicos no t\u00f3xicos<\/li>\n<li>Impermeable<\/li>\n<li>Medidas: 26.2 cm x 8.9 cm<\/li>\n<\/ul>\n","protected":false},"excerpt":{"rendered":"<p>\u00a1Este enema anal de gran capacidad es ideal tanto para principiantes como para usuarios experimentados! Cuenta con una bombilla de mano f\u00e1cil de apretar y una boquilla flexible ergon\u00f3micamente curvada para un uso c\u00f3modo y una limpieza precisa. La boquilla perfectamente contorneada roc\u00eda tu l\u00edquido de limpieza preferido en m\u00faltiples direcciones, asegurando una limpieza higi\u00e9nicamente [&hellip;]<\/p>\n","protected":false},"featured_media":3134,"comment_status":"open","ping_status":"closed","template":"","meta":[],"product_brand":[],"product_cat":[35],"product_tag":[],"class_list":{"0":"post-3133","1":"product","2":"type-product","3":"status-publish","4":"has-post-thumbnail","6":"product_cat-anales","8":"first","9":"instock","10":"shipping-taxable","11":"purchasable","12":"product-type-simple"},"_links":{"self":[{"href":"https:\/\/tiendasamor.com\/index.php\/wp-json\/wp\/v2\/product\/3133","targetHints":{"allow":["GET"]}}],"collection":[{"href":"https:\/\/tiendasamor.com\/index.php\/wp-json\/wp\/v2\/product"}],"about":[{"href":"https:\/\/tiendasamor.com\/index.php\/wp-json\/wp\/v2\/types\/product"}],"replies":[{"embeddable":true,"href":"https:\/\/tiendasamor.com\/index.php\/wp-json\/wp\/v2\/comments?post=3133"}],"wp:featuredmedia":[{"embeddable":true,"href":"https:\/\/tiendasamor.com\/index.php\/wp-json\/wp\/v2\/media\/3134"}],"wp:attachment":[{"href":"https:\/\/tiendasamor.com\/index.php\/wp-json\/wp\/v2\/media?parent=3133"}],"wp:term":[{"taxonomy":"product_brand","embeddable":true,"href":"https:\/\/tiendasamor.com\/index.php\/wp-json\/wp\/v2\/product_brand?post=3133"},{"taxonomy":"product_cat","embeddable":true,"href":"https:\/\/tiendasamor.com\/index.php\/wp-json\/wp\/v2\/product_cat?post=3133"},{"taxonomy":"product_tag","embeddable":true,"href":"https:\/\/tiendasamor.com\/index.php\/wp-json\/wp\/v2\/product_tag?post=3133"}],"curies":[{"name":"wp","href":"https:\/\/api.w.org\/{rel}","templated":true}]}}