{"id":3127,"date":"2024-08-28T15:06:07","date_gmt":"2024-08-28T20:06:07","guid":{"rendered":"https:\/\/tiendasamor.com\/?post_type=product&#038;p=3127"},"modified":"2024-08-28T15:06:08","modified_gmt":"2024-08-28T20:06:08","slug":"m-mello-beckoning-beats-bullet-vibrator","status":"publish","type":"product","link":"https:\/\/tiendasamor.com\/index.php\/producto\/m-mello-beckoning-beats-bullet-vibrator\/","title":{"rendered":"M-Mello Beckoning Beats Bullet Vibrator"},"content":{"rendered":"<p>Bala Vibradora con 10 funciones de vibraci\u00f3n y control remoto inal\u00e1mbrico. Cuenta con una forma especial para una estimulaci\u00f3n perfecta, tanto interna como visual.<\/p>\n<p>Caracter\u00edsticas:<\/p>\n<ul>\n<li>10 funciones de vibraci\u00f3n<\/li>\n<li>Con control remoto inal\u00e1mbrico<\/li>\n<li>Recargable por USB<\/li>\n<li>Impermeable IPX6<\/li>\n<li>Silicona + ABS<\/li>\n<li>Libre de ftalatos y l\u00e1tex<\/li>\n<li>Medidas: 15 cm x 3 cm<\/li>\n<\/ul>\n","protected":false},"excerpt":{"rendered":"<p>Bala Vibradora con 10 funciones de vibraci\u00f3n y control remoto inal\u00e1mbrico. Cuenta con una forma especial para una estimulaci\u00f3n perfecta, tanto interna como visual. Caracter\u00edsticas: 10 funciones de vibraci\u00f3n Con control remoto inal\u00e1mbrico Recargable por USB Impermeable IPX6 Silicona + ABS Libre de ftalatos y l\u00e1tex Medidas: 15 cm x 3 cm<\/p>\n","protected":false},"featured_media":3128,"comment_status":"open","ping_status":"closed","template":"","meta":[],"product_brand":[],"product_cat":[40,44,27],"product_tag":[],"class_list":{"0":"post-3127","1":"product","2":"type-product","3":"status-publish","4":"has-post-thumbnail","6":"product_cat-bolas-chinas","7":"product_cat-clitorales","8":"product_cat-vibradores","10":"first","11":"instock","12":"shipping-taxable","13":"purchasable","14":"product-type-simple"},"_links":{"self":[{"href":"https:\/\/tiendasamor.com\/index.php\/wp-json\/wp\/v2\/product\/3127","targetHints":{"allow":["GET"]}}],"collection":[{"href":"https:\/\/tiendasamor.com\/index.php\/wp-json\/wp\/v2\/product"}],"about":[{"href":"https:\/\/tiendasamor.com\/index.php\/wp-json\/wp\/v2\/types\/product"}],"replies":[{"embeddable":true,"href":"https:\/\/tiendasamor.com\/index.php\/wp-json\/wp\/v2\/comments?post=3127"}],"wp:featuredmedia":[{"embeddable":true,"href":"https:\/\/tiendasamor.com\/index.php\/wp-json\/wp\/v2\/media\/3128"}],"wp:attachment":[{"href":"https:\/\/tiendasamor.com\/index.php\/wp-json\/wp\/v2\/media?parent=3127"}],"wp:term":[{"taxonomy":"product_brand","embeddable":true,"href":"https:\/\/tiendasamor.com\/index.php\/wp-json\/wp\/v2\/product_brand?post=3127"},{"taxonomy":"product_cat","embeddable":true,"href":"https:\/\/tiendasamor.com\/index.php\/wp-json\/wp\/v2\/product_cat?post=3127"},{"taxonomy":"product_tag","embeddable":true,"href":"https:\/\/tiendasamor.com\/index.php\/wp-json\/wp\/v2\/product_tag?post=3127"}],"curies":[{"name":"wp","href":"https:\/\/api.w.org\/{rel}","templated":true}]}}