{"id":3116,"date":"2024-08-28T14:58:40","date_gmt":"2024-08-28T19:58:40","guid":{"rendered":"https:\/\/tiendasamor.com\/?post_type=product&#038;p=3116"},"modified":"2024-08-28T14:58:40","modified_gmt":"2024-08-28T19:58:40","slug":"mis-sweet-geisha-balls","status":"publish","type":"product","link":"https:\/\/tiendasamor.com\/index.php\/producto\/mis-sweet-geisha-balls\/","title":{"rendered":"Mis Sweet Geisha Balls"},"content":{"rendered":"<p>Para la estimulaci\u00f3n vaginal lo mejor son unas bolas geisha. Estas bolas te fortalecer\u00e1n el suelo p\u00e9lvico y los m\u00fasculos vaginales. Esto provocar\u00e1 que tengas unos orgasmos mucho m\u00e1s potentes. Pru\u00e9balas en la ducha.<\/p>\n<p>Caracte\u00edsticas:<\/p>\n<ul>\n<li>Suave<\/li>\n<li>Silcona + ABS<\/li>\n<li>Peso:0.078 kg<\/li>\n<li>Impermeables<\/li>\n<li>Libre de ftalatos<\/li>\n<li>Medidas: 17.7 cm x 3 cm x 3.6 cm<\/li>\n<\/ul>\n","protected":false},"excerpt":{"rendered":"<p>Para la estimulaci\u00f3n vaginal lo mejor son unas bolas geisha. Estas bolas te fortalecer\u00e1n el suelo p\u00e9lvico y los m\u00fasculos vaginales. Esto provocar\u00e1 que tengas unos orgasmos mucho m\u00e1s potentes. Pru\u00e9balas en la ducha. Caracte\u00edsticas: Suave Silcona + ABS Peso:0.078 kg Impermeables Libre de ftalatos Medidas: 17.7 cm x 3 cm x 3.6 cm<\/p>\n","protected":false},"featured_media":3117,"comment_status":"open","ping_status":"closed","template":"","meta":[],"product_brand":[],"product_cat":[40,44],"product_tag":[],"class_list":{"0":"post-3116","1":"product","2":"type-product","3":"status-publish","4":"has-post-thumbnail","6":"product_cat-bolas-chinas","7":"product_cat-clitorales","9":"first","10":"instock","11":"shipping-taxable","12":"purchasable","13":"product-type-simple"},"_links":{"self":[{"href":"https:\/\/tiendasamor.com\/index.php\/wp-json\/wp\/v2\/product\/3116","targetHints":{"allow":["GET"]}}],"collection":[{"href":"https:\/\/tiendasamor.com\/index.php\/wp-json\/wp\/v2\/product"}],"about":[{"href":"https:\/\/tiendasamor.com\/index.php\/wp-json\/wp\/v2\/types\/product"}],"replies":[{"embeddable":true,"href":"https:\/\/tiendasamor.com\/index.php\/wp-json\/wp\/v2\/comments?post=3116"}],"wp:featuredmedia":[{"embeddable":true,"href":"https:\/\/tiendasamor.com\/index.php\/wp-json\/wp\/v2\/media\/3117"}],"wp:attachment":[{"href":"https:\/\/tiendasamor.com\/index.php\/wp-json\/wp\/v2\/media?parent=3116"}],"wp:term":[{"taxonomy":"product_brand","embeddable":true,"href":"https:\/\/tiendasamor.com\/index.php\/wp-json\/wp\/v2\/product_brand?post=3116"},{"taxonomy":"product_cat","embeddable":true,"href":"https:\/\/tiendasamor.com\/index.php\/wp-json\/wp\/v2\/product_cat?post=3116"},{"taxonomy":"product_tag","embeddable":true,"href":"https:\/\/tiendasamor.com\/index.php\/wp-json\/wp\/v2\/product_tag?post=3116"}],"curies":[{"name":"wp","href":"https:\/\/api.w.org\/{rel}","templated":true}]}}