{"id":3106,"date":"2024-08-28T14:47:45","date_gmt":"2024-08-28T19:47:45","guid":{"rendered":"https:\/\/tiendasamor.com\/?post_type=product&#038;p=3106"},"modified":"2024-08-28T14:48:50","modified_gmt":"2024-08-28T19:48:50","slug":"shanes-world-advanced-anal-101","status":"publish","type":"product","link":"https:\/\/tiendasamor.com\/index.php\/producto\/shanes-world-advanced-anal-101\/","title":{"rendered":"Shane\u2019s World\u00ae Advanced Anal 101"},"content":{"rendered":"<div id=\"tab-description\" class=\"tab-content is-active\">\n<p>\u00bfPasaste tu primer curso anal con notas altas? Si el material se est\u00e1 volviendo demasiado f\u00e1cil para ti y est\u00e1s abierto a un nuevo desaf\u00edo, entonces las cuentas anal avanzadas Shane\u2019s World Advanced Anal 101 seguramente te llevar\u00e1n a nuevos l\u00edmites.<\/p>\n<p>Las cuentas anales avanzadas brindan estudios en profundidad para los estudiantes m\u00e1s dotados del placer anal.Desliza estas cuentas dentro de ti o de tu pareja y ver\u00e1s cu\u00e1n \u00abdotado\u00bb eres realmente. Las cuentas tienen el tama\u00f1o justo para aumentar gradualmente el placer a medida que cada una se desliza dentro. A ti y a tu pareja les encantar\u00e1 la intensa sensaci\u00f3n de masaje de su ano abri\u00e9ndose y cerr\u00e1ndose cada vez m\u00e1s.<\/p>\n<p>Las cuentas graduadas te permiten llevarte a l\u00edmites realmente sexys a tu propio ritmo. \u00bfCu\u00e1ntas puedes soportar? Esfu\u00e9rzate para alcanzar el m\u00e1ximo placer mientras disfrutas de una sensaci\u00f3n cada vez m\u00e1s intensa con la inserci\u00f3n de cada nueva cuenta. Las cuentas son flexibles y duraderas para jugar en cualquier posici\u00f3n y a cualquier velocidad.<\/p>\n<\/div>\n<div class=\"tab-content is-active\">Cuentan con un anillo de recuperaci\u00f3n resistente para que puedas sacarlas tentadoramente lentamente o hacer que tu pareja se vuelva loca y las saque justo en el punto del orgasmo. O d\u00e9jalos puestos mientras juegas normalmente y prueba c\u00f3mo esa sensaci\u00f3n gloriosamente plena mejora tu placer a\u00fan m\u00e1s. Las posibilidades son infinitas, as\u00ed que s\u00e9 creativo y expl\u00f3ralas t\u00fa mismo con las bolas anales de 10,75\u00bb de largo.<\/div>\n","protected":false},"excerpt":{"rendered":"<p>\u00bfPasaste tu primer curso anal con notas altas? Si el material se est\u00e1 volviendo demasiado f\u00e1cil para ti y est\u00e1s abierto a un nuevo desaf\u00edo, entonces las cuentas anal avanzadas Shane\u2019s World Advanced Anal 101 seguramente te llevar\u00e1n a nuevos l\u00edmites. Las cuentas anales avanzadas brindan estudios en profundidad para los estudiantes m\u00e1s dotados del [&hellip;]<\/p>\n","protected":false},"featured_media":3107,"comment_status":"open","ping_status":"closed","template":"","meta":[],"product_brand":[],"product_cat":[36,40],"product_tag":[],"class_list":{"0":"post-3106","1":"product","2":"type-product","3":"status-publish","4":"has-post-thumbnail","6":"product_cat-anillos","7":"product_cat-bolas-chinas","9":"first","10":"instock","11":"shipping-taxable","12":"purchasable","13":"product-type-simple"},"_links":{"self":[{"href":"https:\/\/tiendasamor.com\/index.php\/wp-json\/wp\/v2\/product\/3106","targetHints":{"allow":["GET"]}}],"collection":[{"href":"https:\/\/tiendasamor.com\/index.php\/wp-json\/wp\/v2\/product"}],"about":[{"href":"https:\/\/tiendasamor.com\/index.php\/wp-json\/wp\/v2\/types\/product"}],"replies":[{"embeddable":true,"href":"https:\/\/tiendasamor.com\/index.php\/wp-json\/wp\/v2\/comments?post=3106"}],"wp:featuredmedia":[{"embeddable":true,"href":"https:\/\/tiendasamor.com\/index.php\/wp-json\/wp\/v2\/media\/3107"}],"wp:attachment":[{"href":"https:\/\/tiendasamor.com\/index.php\/wp-json\/wp\/v2\/media?parent=3106"}],"wp:term":[{"taxonomy":"product_brand","embeddable":true,"href":"https:\/\/tiendasamor.com\/index.php\/wp-json\/wp\/v2\/product_brand?post=3106"},{"taxonomy":"product_cat","embeddable":true,"href":"https:\/\/tiendasamor.com\/index.php\/wp-json\/wp\/v2\/product_cat?post=3106"},{"taxonomy":"product_tag","embeddable":true,"href":"https:\/\/tiendasamor.com\/index.php\/wp-json\/wp\/v2\/product_tag?post=3106"}],"curies":[{"name":"wp","href":"https:\/\/api.w.org\/{rel}","templated":true}]}}