{"id":3102,"date":"2024-08-28T14:44:35","date_gmt":"2024-08-28T19:44:35","guid":{"rendered":"https:\/\/tiendasamor.com\/?post_type=product&#038;p=3102"},"modified":"2024-08-28T14:44:35","modified_gmt":"2024-08-28T19:44:35","slug":"black-mont-tail-power-beads","status":"publish","type":"product","link":"https:\/\/tiendasamor.com\/index.php\/producto\/black-mont-tail-power-beads\/","title":{"rendered":"Black Mont Tail Power Beads"},"content":{"rendered":"<p>Cadena anal con 7 funciones de vibraci\u00f3n, perfecta para tus noches de pasi\u00f3n con tu pareja o a solas.<\/p>\n<p>Caracter\u00edsticas:<\/p>\n<ul>\n<li>7 funciones de vibraci\u00f3n<\/li>\n<li>3 pilas LR44<\/li>\n<li>Silicona<\/li>\n<li>Libre de ftalatos<\/li>\n<li>Medidas: 18 cm x 2.5 cm<\/li>\n<\/ul>\n","protected":false},"excerpt":{"rendered":"<p>Cadena anal con 7 funciones de vibraci\u00f3n, perfecta para tus noches de pasi\u00f3n con tu pareja o a solas. Caracter\u00edsticas: 7 funciones de vibraci\u00f3n 3 pilas LR44 Silicona Libre de ftalatos Medidas: 18 cm x 2.5 cm<\/p>\n","protected":false},"featured_media":3103,"comment_status":"open","ping_status":"closed","template":"","meta":[],"product_brand":[],"product_cat":[35,40],"product_tag":[],"class_list":{"0":"post-3102","1":"product","2":"type-product","3":"status-publish","4":"has-post-thumbnail","6":"product_cat-anales","7":"product_cat-bolas-chinas","9":"first","10":"instock","11":"shipping-taxable","12":"purchasable","13":"product-type-simple"},"_links":{"self":[{"href":"https:\/\/tiendasamor.com\/index.php\/wp-json\/wp\/v2\/product\/3102","targetHints":{"allow":["GET"]}}],"collection":[{"href":"https:\/\/tiendasamor.com\/index.php\/wp-json\/wp\/v2\/product"}],"about":[{"href":"https:\/\/tiendasamor.com\/index.php\/wp-json\/wp\/v2\/types\/product"}],"replies":[{"embeddable":true,"href":"https:\/\/tiendasamor.com\/index.php\/wp-json\/wp\/v2\/comments?post=3102"}],"wp:featuredmedia":[{"embeddable":true,"href":"https:\/\/tiendasamor.com\/index.php\/wp-json\/wp\/v2\/media\/3103"}],"wp:attachment":[{"href":"https:\/\/tiendasamor.com\/index.php\/wp-json\/wp\/v2\/media?parent=3102"}],"wp:term":[{"taxonomy":"product_brand","embeddable":true,"href":"https:\/\/tiendasamor.com\/index.php\/wp-json\/wp\/v2\/product_brand?post=3102"},{"taxonomy":"product_cat","embeddable":true,"href":"https:\/\/tiendasamor.com\/index.php\/wp-json\/wp\/v2\/product_cat?post=3102"},{"taxonomy":"product_tag","embeddable":true,"href":"https:\/\/tiendasamor.com\/index.php\/wp-json\/wp\/v2\/product_tag?post=3102"}],"curies":[{"name":"wp","href":"https:\/\/api.w.org\/{rel}","templated":true}]}}